{"id":1915785,"date":"2025-09-01T09:52:07","date_gmt":"2025-09-01T07:52:07","guid":{"rendered":"https:\/\/liquidmaster.pl\/swag-ceramic-wax-coat-gel-uv-250ml-zelowa-powloka-ochronna-uv\/"},"modified":"2026-04-18T04:51:35","modified_gmt":"2026-04-18T02:51:35","slug":"swag-ceramic-wax-coat-gel-uv-250ml-zelowa-powloka-ochronna-uv","status":"publish","type":"product","link":"https:\/\/liquidmaster.pl\/en\/swag-ceramic-wax-coat-gel-uv-250ml-zelowa-powloka-ochronna-uv\/","title":{"rendered":"Swag CERAMIC WAX COAT GEL UV 250ml \u2013 UV protective gel coating"},"content":{"rendered":"<p>Swag CERAMIC WAX COAT GEL | UV 250ml + FREE<\/p>\n<p>The world&#039;s first SiO\u2082 gel coating | Unmatched application precision | Ceramic protection and a wet look effect<\/p>\n<p>When you purchase this product, you&#039;ll receive a free UV flashlight. The flashlight is a free accessory and is not covered by warranty or returns.<\/p>\n<p>Swag CERAMIC WAX COAT GEL | UV is the world&#039;s first SiO\u2082-based UV gel coating. Designed for detailers and car enthusiasts looking for the durability of ceramic protection combined with the ease of use of traditional waxes.<\/p>\n<p>Swag CERAMIC WAX COAT GEL | UV sets a new level of effectiveness in vehicle care and protection. Its innovative gel consistency enables unprecedented precision in application \u2013 both by hand and with a polishing machine. Thanks to the UV marker \u2013 a fluorescent ingredient visible under ultraviolet light \u2013 it allows for complete surface coverage without the risk of missing critical areas, significantly improving the quality and durability of the coating.<\/p>\n<p>Swag CERAMIC WAX COAT GEL | UV creates an ultra-smooth, hydrophobic protective barrier with self-cleaning properties on the paintwork, effectively repelling water, dirt, and road grime. The protective layer limits paint degradation by protecting against oxidation, UV radiation, road salt, and other external factors. The applied coating limits mechanical contact, reducing the risk of micro-scratches during washing and everyday use.<\/p>\n<p>Swag CERAMIC WAX COAT GEL | UV creates a protective coating on the surface of bodywork, rims, and plastic parts, simultaneously enhancing the visual appeal of any type of paint\u2014from classic acrylic to pearlescent and metallic. It intensifies color depth, enhances shine, and creates a glassy finish, creating the distinctive &quot;Wet Look&quot; effect desired at exhibitions, car shows, and everyday delights.<\/p>\n<p>Swag CERAMIC WAX COAT GEL | UV penetrates the degraded surface, deeply nourishes the paint, combining the function previously reserved only for glaze products, which masks micro-scratches and surface dullness, darkening the paint and improving its overall appearance.<\/p>\n<p>The priority when creating Swag CERAMIC WAX COAT GEL | UV was to ensure the highest possible level of durability and visual impact while maintaining ease of application and work comfort. When combined with the dedicated Swag Ceramic Hydro Coat Concentrate, the protection period can be extended up to 12 months, making this duo one of the most effective paint protection systems for everyday use.<\/p>\n<p>PROPERTIES\u00a0<\/p>\n<ul>\n<li>Unique SiO\u2082 Gel Wax Formula<\/li>\n<li>The world&#039;s first UV gel coating<\/li>\n<li>Unparalleled hydrophobic effect\u00a0<\/li>\n<li>UV marker makes application easier<\/li>\n<li>For every car brand<\/li>\n<li>Enhances the depth and shine of the paint<\/li>\n<li>Wet Look effect<\/li>\n<li>Enhances metallic reflections<\/li>\n<li>Makes the surface slippery<\/li>\n<li>The &#039;Glaze&#039; function nourishes the surface<\/li>\n<li>Masks a network of fine scratches | dulling.<\/li>\n<li>Makes washing the vehicle easier<\/li>\n<li>Protects against degradation, including oxidation<\/li>\n<li>Reduces the risk of scratches<\/li>\n<li>Exceptional performance<\/li>\n<li>Quick hand and machine application<\/li>\n<li>For AD Studios and Enthusiasts\u00a0<\/li>\n<\/ul>\n<p>HOW TO USE<\/p>\n<ul>\n<li>Apply SCWCGUV in a shaded place on a cool and clean surface.<\/li>\n<li>Shake the bottle before use.<\/li>\n<li>manual application<\/li>\n<li>Apply a few drops to the applicator.<\/li>\n<li>Spread a thin layer of wax in circular motions over the entire item.<\/li>\n<li>For precise application you can use a UV flashlight.<\/li>\n<li>After applying to the item, wait a few minutes.<\/li>\n<li>When the first mist appears, proceed to manual application.\u00a0<\/li>\n<li>Use a clean, heavy-duty microfiber cloth.<\/li>\n<li>If you have problems with reaching, replace the microfiber with a new one.\u00a0<\/li>\n<li>The coating becomes fully durable after 12 hours.<\/li>\n<li>Application with a polishing machine\u00a0<\/li>\n<li>Apply a few drops to a finishing polishing pad.<\/li>\n<li>Spread an even layer over the item.<\/li>\n<li>Work with minimal pressure and the lowest possible revs.<\/li>\n<li>After applying to the item, wait a few minutes.<\/li>\n<li>When the first mist appears, proceed to manual application.\u00a0<\/li>\n<li>Use a clean, heavy-duty microfiber cloth.<\/li>\n<li>If you have problems with reaching, replace the microfiber with a new one.\u00a0<\/li>\n<li>The coating becomes fully durable after 12 hours.<\/li>\n<\/ul>\n<p>ADDITIONAL RECOMMENDATIONS\u00a0<\/p>\n<ul>\n<li>Do not freeze.<\/li>\n<li>Shake before use.<\/li>\n<li>Protect from sunlight.<\/li>\n<li>Store in a cool and dry place.<\/li>\n<\/ul>\n<p>CAPACITY<\/p>\n<p>\u00a0250ml<\/p>\n<p>\u00a0<\/p>\n<p>\u00a0<\/p>\n<p>\u00a0<\/p>\n<p>\u00a0<\/p>\n<p>\u00a0<\/p>","protected":false},"excerpt":{"rendered":"<p>Swag\u00a0CERAMIC WAX COAT GEL | UV\u00a0250ml + GRATIS Pierwsza \u017celowa pow\u0142oka SiO\u2082\u00a0na \u015bwiecie\u00a0|\u00a0Niezr\u00f3wnana precyzja aplikacji |\u00a0Ceramiczna ochrona i efekt Wet Look Kupuj\u0105c ten produkt, otrzymasz\u00a0gratis latark\u0119 UV.\u00a0Latarka jest gratisowym dodatkiem i nie podlega gwarancji i reklamacji. Swag CERAMIC WAX COAT GEL | UV to pierwsza na \u015bwiecie \u017celowa pow\u0142oka ochronna UV oparta na technologii SiO\u2082.&hellip;&nbsp;<a href=\"https:\/\/liquidmaster.pl\/en\/swag-ceramic-wax-coat-gel-uv-250ml-zelowa-powloka-ochronna-uv\/\" rel=\"bookmark\">Read More \u00bb<span class=\"screen-reader-text\">Swag CERAMIC WAX COAT GEL UV 250ml \u2013 UV protective gel coating<\/span><\/a><\/p>","protected":false},"featured_media":1915787,"comment_status":"open","ping_status":"open","template":"","meta":{"neve_meta_sidebar":"","neve_meta_container":"","neve_meta_enable_content_width":"","neve_meta_content_width":0,"neve_meta_title_alignment":"","neve_meta_author_avatar":"","neve_post_elements_order":"","neve_meta_disable_header":"","neve_meta_disable_footer":"","neve_meta_disable_title":"","_themeisle_gutenberg_block_has_review":false},"product_brand":[],"product_cat":[733,766,775],"product_tag":[],"class_list":{"0":"post-1915785","1":"product","2":"type-product","3":"status-publish","4":"has-post-thumbnail","6":"product_cat-na-zewnatrz","7":"product_cat-ochrona-lakieru","8":"product_cat-powloki-ceramiczne","10":"first","11":"instock","12":"taxable","13":"shipping-taxable","14":"purchasable","15":"product-type-simple"},"_links":{"self":[{"href":"https:\/\/liquidmaster.pl\/en\/wp-json\/wp\/v2\/product\/1915785","targetHints":{"allow":["GET"]}}],"collection":[{"href":"https:\/\/liquidmaster.pl\/en\/wp-json\/wp\/v2\/product"}],"about":[{"href":"https:\/\/liquidmaster.pl\/en\/wp-json\/wp\/v2\/types\/product"}],"replies":[{"embeddable":true,"href":"https:\/\/liquidmaster.pl\/en\/wp-json\/wp\/v2\/comments?post=1915785"}],"wp:featuredmedia":[{"embeddable":true,"href":"https:\/\/liquidmaster.pl\/en\/wp-json\/wp\/v2\/media\/1915787"}],"wp:attachment":[{"href":"https:\/\/liquidmaster.pl\/en\/wp-json\/wp\/v2\/media?parent=1915785"}],"wp:term":[{"taxonomy":"product_brand","embeddable":true,"href":"https:\/\/liquidmaster.pl\/en\/wp-json\/wp\/v2\/product_brand?post=1915785"},{"taxonomy":"product_cat","embeddable":true,"href":"https:\/\/liquidmaster.pl\/en\/wp-json\/wp\/v2\/product_cat?post=1915785"},{"taxonomy":"product_tag","embeddable":true,"href":"https:\/\/liquidmaster.pl\/en\/wp-json\/wp\/v2\/product_tag?post=1915785"}],"curies":[{"name":"wp","href":"https:\/\/api.w.org\/{rel}","templated":true}]}}