{"id":1915767,"date":"2025-09-01T09:34:07","date_gmt":"2025-09-01T07:34:07","guid":{"rendered":"https:\/\/liquidmaster.pl\/work-stuff-monsoon-wheel-brush-xl-duza-szczotka-do-wiekszych-kol-i-nadkoli\/"},"modified":"2026-04-18T04:51:32","modified_gmt":"2026-04-18T02:51:32","slug":"work-stuff-monsoon-wheel-brush-xl-duza-szczotka-do-wiekszych-kol-i-nadkoli","status":"publish","type":"product","link":"https:\/\/liquidmaster.pl\/en\/work-stuff-monsoon-wheel-brush-xl-duza-szczotka-do-wiekszych-kol-i-nadkoli\/","title":{"rendered":"Work Stuff Monsoon Wheel Brush XL \u2013 large brush for larger wheels and wheel arches"},"content":{"rendered":"<p>The Monsoon XL is a larger version of the Monsoon brush, designed for cleaning hard-to-reach, wide areas like wheel arches and wheel wells. Its dimensions (5 x 50 cm) make it easy to clean areas where sand, mud, road salt, and other contaminants accumulate, accelerating corrosion and potentially damaging key vehicle components. The brush is resistant to harsh chemicals, making it versatile.<\/p>\n<p>The Monsoon XL brush features medium-hard, flexible bristles with split ends that clean effectively without scratching surfaces. Its durable construction prevents bristles from bending or shedding, even with heavy use. The tool is designed with safety in mind \u2013 it has no sharp edges, and the plastic components are rubber-coated. The ergonomic, rubber handle with knobs provides a secure grip, even when wet, for added comfort. A hole in the handle allows for convenient hanging storage.<\/p>\n<p>MAIN FEATURES<\/p>\n<ul>\n<li>Enlarged dimensions (5 x 50 cm): ideal for cleaning wheel arches and large surfaces.<\/li>\n<li>Safe for paint and rims: rubberized elements and no sharp edges protect against scratches.<\/li>\n<li>Durable bristles: medium-hard, flexible bristles with split ends, resistant to deformation.<\/li>\n<li>Non-slip handle: ergonomic rubber handle ensures a secure grip.<\/li>\n<li>Chemical resistance: the brush is durable and effective even when using strong cleaning agents.<\/li>\n<li>Convenient storage: the hole in the handle allows you to hang the brush.<\/li>\n<\/ul>\n<p>HOW TO USE<\/p>\n<li>Apply an appropriate cleaning agent to the surface to be cleaned.<\/li>\n<li>Use the Monsoon XL brush to remove dirt, reaching hard-to-reach places.<\/li>\n<li>After use, rinse the brush thoroughly and let it dry.<\/li>\n<p>ADDITIONAL INFORMATION<\/p>\n<ul>\n<li>Dimensions: 5\u00d750 cm.<\/li>\n<li>Purpose: cleaning wheel arches, rims, and other hard-to-reach places.<\/li>\n<li>Storage: can be hung.<\/li>\n<li>Construction: plastic elements protected by rubber.<\/li>\n<li>Resistance: high resistance to aggressive chemicals.<\/li>\n<\/ul>","protected":false},"excerpt":{"rendered":"<p>Monsoon XL to powi\u0119kszona wersja szczotki Monsoon, zaprojektowana do czyszczenia trudno dost\u0119pnych, rozleg\u0142ych miejsc, takich jak nadkola i przestrzenie wok\u00f3\u0142 k\u00f3\u0142. Dzi\u0119ki swoim wymiarom (5 x 50 cm), narz\u0119dzie to u\u0142atwia utrzymanie czysto\u015bci w obszarach, gdzie gromadz\u0105 si\u0119 piasek, b\u0142oto, s\u00f3l drogowa i inne zanieczyszczenia, kt\u00f3re przyspieszaj\u0105 korozj\u0119 i mog\u0105 uszkodzi\u0107 kluczowe elementy pojazdu. Szczotka&hellip;&nbsp;<a href=\"https:\/\/liquidmaster.pl\/en\/work-stuff-monsoon-wheel-brush-xl-duza-szczotka-do-wiekszych-kol-i-nadkoli\/\" rel=\"bookmark\">Read More \u00bb<span class=\"screen-reader-text\">Work Stuff Monsoon Wheel Brush XL \u2013 large brush for larger wheels and wheel arches<\/span><\/a><\/p>","protected":false},"featured_media":1915769,"comment_status":"open","ping_status":"open","template":"","meta":{"neve_meta_sidebar":"","neve_meta_container":"","neve_meta_enable_content_width":"","neve_meta_content_width":0,"neve_meta_title_alignment":"","neve_meta_author_avatar":"","neve_post_elements_order":"","neve_meta_disable_header":"","neve_meta_disable_footer":"","neve_meta_disable_title":"","_themeisle_gutenberg_block_has_review":false},"product_brand":[],"product_cat":[745,733,779],"product_tag":[381],"class_list":{"0":"post-1915767","1":"product","2":"type-product","3":"status-publish","4":"has-post-thumbnail","6":"product_cat-kola-i-opony","7":"product_cat-na-zewnatrz","8":"product_cat-szczotki-pedzelki-i-aplikatory-do-kol","9":"product_tag-work-stuff","11":"first","12":"instock","13":"taxable","14":"shipping-taxable","15":"purchasable","16":"product-type-simple"},"_links":{"self":[{"href":"https:\/\/liquidmaster.pl\/en\/wp-json\/wp\/v2\/product\/1915767","targetHints":{"allow":["GET"]}}],"collection":[{"href":"https:\/\/liquidmaster.pl\/en\/wp-json\/wp\/v2\/product"}],"about":[{"href":"https:\/\/liquidmaster.pl\/en\/wp-json\/wp\/v2\/types\/product"}],"replies":[{"embeddable":true,"href":"https:\/\/liquidmaster.pl\/en\/wp-json\/wp\/v2\/comments?post=1915767"}],"wp:featuredmedia":[{"embeddable":true,"href":"https:\/\/liquidmaster.pl\/en\/wp-json\/wp\/v2\/media\/1915769"}],"wp:attachment":[{"href":"https:\/\/liquidmaster.pl\/en\/wp-json\/wp\/v2\/media?parent=1915767"}],"wp:term":[{"taxonomy":"product_brand","embeddable":true,"href":"https:\/\/liquidmaster.pl\/en\/wp-json\/wp\/v2\/product_brand?post=1915767"},{"taxonomy":"product_cat","embeddable":true,"href":"https:\/\/liquidmaster.pl\/en\/wp-json\/wp\/v2\/product_cat?post=1915767"},{"taxonomy":"product_tag","embeddable":true,"href":"https:\/\/liquidmaster.pl\/en\/wp-json\/wp\/v2\/product_tag?post=1915767"}],"curies":[{"name":"wp","href":"https:\/\/api.w.org\/{rel}","templated":true}]}}