{"id":1915761,"date":"2025-09-01T09:30:08","date_gmt":"2025-09-01T07:30:08","guid":{"rendered":"https:\/\/liquidmaster.pl\/work-stuff-adapter-karcher-k-szybkozlacze-do-akcesoriow-1-4\/"},"modified":"2026-04-21T08:34:34","modified_gmt":"2026-04-21T06:34:34","slug":"work-stuff-adapter-karcher-k-szybkozlacze-do-akcesoriow-1-4","status":"publish","type":"product","link":"https:\/\/liquidmaster.pl\/en\/work-stuff-adapter-karcher-k-szybkozlacze-do-akcesoriow-14\/","title":{"rendered":"Work Stuff Adapter Karcher K \u2013 quick connector for 1\/4\u2033 accessories"},"content":{"rendered":"<p>This adapter for Karcher K-series pressure washers allows you to easily connect 1\/4-inch threaded accessories directly to the original gun. It&#039;s a practical solution that significantly expands the capabilities of your pressure washer \u2013 both for home use and professional detailing.<\/p>\n<p>Why is it worth having an adapter for a Karcher pressure washer?<\/p>\n<ul>\n<li>Versatile \u2013 fits 1\/4\u2033 accessories: foamers, brushes, lances, sewer hoses.<\/li>\n<li>Compatibility \u2013 works with Karcher K series (K2\u2013K7) pressure washer guns from the home line.<\/li>\n<li>Easy assembly \u2013 quick installation, without additional tools and without interfering with the gun\u2019s structure.<\/li>\n<li>Versatile use \u2013 ideal for car care, cleaning driveways, patios and pipes.<\/li>\n<li>Solid construction \u2013 resistant to water pressure and intensive use.<\/li>\n<\/ul>\n<p>What can you use the Karcher 1\/4\u2033 adapter for?<\/p>\n<ul>\n<li>for foamers \u2013 application of active foam to the car,<\/li>\n<li>for lances \u2013 extension of the washing range,<\/li>\n<li>for brushes \u2013 easy cleaning of larger surfaces,<\/li>\n<li>for sewer hoses \u2013 unclogging pipes and drains,<\/li>\n<li>for detailing accessories \u2013 at home and in a professional studio.<\/li>\n<\/ul>\n<p>Summary<\/p>\n<p>If you want to make your Karcher K Series pressure washer even more versatile, this 1\/4\u2033 adapter is a must-have accessory. Easy installation, broad compatibility, and durable construction make it a must-have for every Karcher user.<\/p>","protected":false},"excerpt":{"rendered":"<p>Ten adapter do myjek ci\u015bnieniowych Karcher serii K pozwala w prosty spos\u00f3b pod\u0142\u0105czy\u0107 akcesoria z gwintem 1\/4 cala bezpo\u015brednio do oryginalnego pistoletu. To praktyczne rozwi\u0105zanie, kt\u00f3re znacznie zwi\u0119ksza mo\u017cliwo\u015bci Twojej myjki ci\u015bnieniowej \u2013 zar\u00f3wno w zastosowaniach domowych, jak i profesjonalnym detailingu. Dlaczego warto mie\u0107 adapter do myjki Karcher? Uniwersalno\u015b\u0107 \u2013 pasuje do akcesori\u00f3w 1\/4&#8243;: pianownic,&hellip;&nbsp;<a href=\"https:\/\/liquidmaster.pl\/en\/work-stuff-adapter-karcher-k-szybkozlacze-do-akcesoriow-14\/\" rel=\"bookmark\">Read More \u00bb<span class=\"screen-reader-text\">Work Stuff Adapter Karcher K \u2013 quick connector for 1\/4\u2033 accessories<\/span><\/a><\/p>","protected":false},"featured_media":1915763,"comment_status":"open","ping_status":"open","template":"","meta":{"neve_meta_sidebar":"","neve_meta_container":"","neve_meta_enable_content_width":"","neve_meta_content_width":0,"neve_meta_title_alignment":"","neve_meta_author_avatar":"","neve_post_elements_order":"","neve_meta_disable_header":"","neve_meta_disable_footer":"","neve_meta_disable_title":"","_themeisle_gutenberg_block_has_review":false},"product_brand":[],"product_cat":[734,733,753],"product_tag":[381],"class_list":{"0":"post-1915761","1":"product","2":"type-product","3":"status-publish","4":"has-post-thumbnail","6":"product_cat-mycie-i-osuszanie","7":"product_cat-na-zewnatrz","8":"product_cat-piany-aktywne-i-pianownice","9":"product_tag-work-stuff","11":"first","12":"instock","13":"taxable","14":"shipping-taxable","15":"purchasable","16":"product-type-simple"},"_links":{"self":[{"href":"https:\/\/liquidmaster.pl\/en\/wp-json\/wp\/v2\/product\/1915761","targetHints":{"allow":["GET"]}}],"collection":[{"href":"https:\/\/liquidmaster.pl\/en\/wp-json\/wp\/v2\/product"}],"about":[{"href":"https:\/\/liquidmaster.pl\/en\/wp-json\/wp\/v2\/types\/product"}],"replies":[{"embeddable":true,"href":"https:\/\/liquidmaster.pl\/en\/wp-json\/wp\/v2\/comments?post=1915761"}],"wp:featuredmedia":[{"embeddable":true,"href":"https:\/\/liquidmaster.pl\/en\/wp-json\/wp\/v2\/media\/1915763"}],"wp:attachment":[{"href":"https:\/\/liquidmaster.pl\/en\/wp-json\/wp\/v2\/media?parent=1915761"}],"wp:term":[{"taxonomy":"product_brand","embeddable":true,"href":"https:\/\/liquidmaster.pl\/en\/wp-json\/wp\/v2\/product_brand?post=1915761"},{"taxonomy":"product_cat","embeddable":true,"href":"https:\/\/liquidmaster.pl\/en\/wp-json\/wp\/v2\/product_cat?post=1915761"},{"taxonomy":"product_tag","embeddable":true,"href":"https:\/\/liquidmaster.pl\/en\/wp-json\/wp\/v2\/product_tag?post=1915761"}],"curies":[{"name":"wp","href":"https:\/\/api.w.org\/{rel}","templated":true}]}}