{"id":1915758,"date":"2025-09-01T09:18:08","date_gmt":"2025-09-01T07:18:08","guid":{"rendered":"https:\/\/liquidmaster.pl\/flex-mwl-150-4-uniwersalna-latarka-czolowa-4-v\/"},"modified":"2026-04-20T08:32:47","modified_gmt":"2026-04-20T06:32:47","slug":"flex-mwl-150-4-uniwersalna-latarka-czolowa-4-v","status":"publish","type":"product","link":"https:\/\/liquidmaster.pl\/en\/flex-mwl-150-4-uniwersalna-latarka-czolowa-4-v\/","title":{"rendered":"FLEX MWL 150 4 \u2013 universal 4V headlamp"},"content":{"rendered":"<p>Uniwersalna latarka czo\u0142owa 4 V.<\/p>\n<p>Advantages<\/p>\n<ul>\n<li>Lampa z wielofunkcyjnymi opcjami o\u015bwietlenia, u\u017cywana z opask\u0105 na g\u0142ow\u0119 lub jako reflektor z klipsem na czapk\u0119, mo\u017ce by\u0107 u\u017cywana jako latarka lub wykrywacz wir\u00f3w do sprawdzania warunk\u00f3w powierzchniowych<\/li>\n<li>Mo\u017cliwo\u015b\u0107 monta\u017cu na polerce akumulatorowej PXE 80 za pomoc\u0105 klipsa<\/li>\n<li>Dowolnie regulowana temperatura \u015bwiat\u0142a w zakresie od 2500 K do 6500 K. Umo\u017cliwia to precyzyjne dostosowanie do wykonywanego zadania<\/li>\n<\/ul>\n<p>Mocne akumulatorowe o\u015bwietlenie LED z 2 poziomami jasno\u015bci, 300 lumen\u00f3w i 150 lumen\u00f3w<\/p>\n<p>Bezpieczne i elastyczne zamocowanie dzi\u0119ki zintegrowanym magnesom<\/p>\n<p>Ze z\u0142\u0105czem \u0142adowania USB-C\u00a0<\/p>\n<p>Technical data:<\/p>\n<p>Battery voltage: 4V<br \/>\nTemperatura barw: 2500 &#8211; 6500 CCT<br \/>\nNat\u0119\u017cenie \u015bwiat\u0142a: 75 &#8211; 150 lm<br \/>\nIndeks odtwarzania kolor\u00f3w: 97 CRI<br \/>\nKlasa ochrony: IP20<br \/>\nWymiary d\u0142. x szer. x wys.: 95 x 27 x 27 mm<br \/>\nWaga: 0,054 kg<\/p>","protected":false},"excerpt":{"rendered":"<p>Uniwersalna latarka czo\u0142owa 4 V. Zalety Lampa z wielofunkcyjnymi opcjami o\u015bwietlenia, u\u017cywana z opask\u0105 na g\u0142ow\u0119 lub jako reflektor z klipsem na czapk\u0119, mo\u017ce by\u0107 u\u017cywana jako latarka lub wykrywacz wir\u00f3w do sprawdzania warunk\u00f3w powierzchniowych Mo\u017cliwo\u015b\u0107 monta\u017cu na polerce akumulatorowej PXE 80 za pomoc\u0105 klipsa Dowolnie regulowana temperatura \u015bwiat\u0142a w zakresie od 2500 K do&hellip;&nbsp;<a href=\"https:\/\/liquidmaster.pl\/en\/flex-mwl-150-4-uniwersalna-latarka-czolowa-4-v\/\" rel=\"bookmark\">Read More \u00bb<span class=\"screen-reader-text\">FLEX MWL 150 4 \u2013 universal 4V headlamp<\/span><\/a><\/p>","protected":false},"featured_media":1915760,"comment_status":"open","ping_status":"open","template":"","meta":{"neve_meta_sidebar":"","neve_meta_container":"","neve_meta_enable_content_width":"","neve_meta_content_width":0,"neve_meta_title_alignment":"","neve_meta_author_avatar":"","neve_post_elements_order":"","neve_meta_disable_header":"","neve_meta_disable_footer":"","neve_meta_disable_title":"","_themeisle_gutenberg_block_has_review":false},"product_brand":[],"product_cat":[749,827,748],"product_tag":[292],"class_list":{"0":"post-1915758","1":"product","2":"type-product","3":"status-publish","4":"has-post-thumbnail","6":"product_cat-akcesoria-polerskie","7":"product_cat-lampy-inspekcyjne","8":"product_cat-polerowanie","9":"product_tag-flex","11":"first","12":"instock","13":"taxable","14":"shipping-taxable","15":"purchasable","16":"product-type-simple"},"_links":{"self":[{"href":"https:\/\/liquidmaster.pl\/en\/wp-json\/wp\/v2\/product\/1915758","targetHints":{"allow":["GET"]}}],"collection":[{"href":"https:\/\/liquidmaster.pl\/en\/wp-json\/wp\/v2\/product"}],"about":[{"href":"https:\/\/liquidmaster.pl\/en\/wp-json\/wp\/v2\/types\/product"}],"replies":[{"embeddable":true,"href":"https:\/\/liquidmaster.pl\/en\/wp-json\/wp\/v2\/comments?post=1915758"}],"wp:featuredmedia":[{"embeddable":true,"href":"https:\/\/liquidmaster.pl\/en\/wp-json\/wp\/v2\/media\/1915760"}],"wp:attachment":[{"href":"https:\/\/liquidmaster.pl\/en\/wp-json\/wp\/v2\/media?parent=1915758"}],"wp:term":[{"taxonomy":"product_brand","embeddable":true,"href":"https:\/\/liquidmaster.pl\/en\/wp-json\/wp\/v2\/product_brand?post=1915758"},{"taxonomy":"product_cat","embeddable":true,"href":"https:\/\/liquidmaster.pl\/en\/wp-json\/wp\/v2\/product_cat?post=1915758"},{"taxonomy":"product_tag","embeddable":true,"href":"https:\/\/liquidmaster.pl\/en\/wp-json\/wp\/v2\/product_tag?post=1915758"}],"curies":[{"name":"wp","href":"https:\/\/api.w.org\/{rel}","templated":true}]}}