{"id":1913955,"date":"2025-08-25T08:28:07","date_gmt":"2025-08-25T06:28:07","guid":{"rendered":"https:\/\/liquidmaster.pl\/zestaw-new-fusso-coat-12-months-dark-soft99-rain-drop-tornado-vortex-300-ml\/"},"modified":"2026-04-18T04:51:33","modified_gmt":"2026-04-18T02:51:33","slug":"zestaw-new-fusso-coat-12-months-dark-soft99-rain-drop-tornado-vortex-300-ml","status":"publish","type":"product","link":"https:\/\/liquidmaster.pl\/en\/zestaw-new-fusso-coat-12-months-dark-soft99-rain-drop-tornado-vortex-300-ml\/","title":{"rendered":"Zestaw New Fusso Coat 12 Months Dark + Soft99 Rain Drop Tornado Vortex 300 ml"},"content":{"rendered":"<p>Kup zestaw New Fusso Coat 12 Months Dark + Soft99 Rain Drop Tornado Vortex 300 ml<\/p>\n<p>Fusso Coat 12 Months Wax Dark<\/p>\n<p>Preparat tworz\u0105cy trwa\u0142\u0105 do 12 miesi\u0119cy, hydrofobizuj\u0105c\u0105 pow\u0142ok\u0119 ochronn\u0105. Dzi\u0119ki specjalnym polimerom fluorowym pow\u0142oka skutecznie ogranicza przywieranie brudu i pomaga odprowadza\u0107 wod\u0119. Lakier jest chroniony przed negatywnym wp\u0142ywem takich czynnik\u00f3w atmosferycznych jak kwa\u015bne deszcze, czy promieniowanie UV, a tak\u017ce soli drogowej. Produkt dedykowany do ciemnych lakier\u00f3w.<\/p>\n<p>Prepare your car by washing it thoroughly by hand with a neutral pH shampoo, drying and cleaning the surface using clay, cleaner or other similar products.<br \/>\nApply a minimum amount of product by gently pressing on the wax surface and moving the applicator in the can.<br \/>\nSpread as thin and even a layer of wax on the varnish as possible in a criss-cross motion, working panel by panel.\u00a0\u00a0<br \/>\nWait about 5-7 minutes for the wax to bind to the varnish. The higher the ambient temperature, the shorter the setting time.<br \/>\nPolish the residue with a clean and dry microfiber cloth, often changing its side or replacing it with another one.<\/p>\n<p>SOFT99 Rain Drop Tornado Vortex 300ml \u2013 hydrophobic coating for paint and windows<\/p>\n<p data-end=\"602\" data-start=\"244\">Rain Drop Tornado Vortex is a modern protective coating for bodywork and windows, an evolution of the iconic Rain Drop &#039;Bazooka&#039;. Thanks to the newly developed Tornado Vortex Head (TV Head) atomization technology, the product has improved application and effectiveness, becoming one of the most versatile and convenient solutions in its class.<\/p>\n<p data-end=\"818\" data-start=\"604\">This innovative preparation allows for the simultaneous protection of car paint, windows, plastics and chrome elements, which significantly reduces work time and increases the efficiency of the detailing process.<\/p>\n<p>Why choose Rain Drop Tornado Vortex?<\/p>\n<ul data-end=\"1554\" data-start=\"877\">\n<li data-end=\"997\" data-start=\"877\">\n<p data-end=\"997\" data-start=\"879\">Quick and easy application \u2013 just spray the surface and wipe with a microfiber cloth to activate the protective coating.<\/p>\n<\/li>\n<li data-end=\"1105\" data-start=\"998\">\n<p data-end=\"1105\" data-start=\"1000\">Universal action \u2013 one product to protect paint, glass, plastics and metal elements.<\/p>\n<\/li>\n<li data-end=\"1216\" data-start=\"1106\">\n<p data-end=\"1216\" data-start=\"1108\">G-RAS Shield effect \u2013 advanced technology that protects the surface against water, dirt and deposits.<\/p>\n<\/li>\n<li data-end=\"1337\" data-start=\"1217\">\n<p data-end=\"1337\" data-start=\"1219\">Long-lasting effect \u2013 up to 5 months of paint protection and 3 months of effective hydrophobicity on windows.<\/p>\n<\/li>\n<li data-end=\"1443\" data-start=\"1338\">\n<p data-end=\"1443\" data-start=\"1340\">Deep shine and slipperiness \u2013 provides a \u201cglass look\u201d effect and reduces the adhesion of dirt.<\/p>\n<\/li>\n<\/ul>\n<p>Application:<\/p>\n<ul data-end=\"1670\" data-start=\"1578\">\n<li data-end=\"1598\" data-start=\"1578\">\n<p data-end=\"1598\" data-start=\"1580\">Bodywork (paint)<\/p>\n<\/li>\n<li data-end=\"1606\" data-start=\"1599\">\n<p data-end=\"1606\" data-start=\"1601\">windows<\/p>\n<\/li>\n<li data-end=\"1637\" data-start=\"1607\">\n<p data-end=\"1637\" data-start=\"1609\">External plastics<\/p>\n<\/li>\n<li data-end=\"1670\" data-start=\"1638\">\n<p data-end=\"1670\" data-start=\"1640\">Metal and chrome elements<\/p>\n<\/li>\n<\/ul>\n<p>Usage:<\/p>\n<li data-end=\"1728\" data-start=\"1695\">\n<p data-end=\"1728\" data-start=\"1698\">Wash and dry the vehicle thoroughly.<\/p>\n<\/li>\n<li data-end=\"1755\" data-start=\"1729\">\n<p data-end=\"1755\" data-start=\"1732\">Shake the package.<\/p>\n<\/li>\n<li data-end=\"1831\" data-start=\"1756\">\n<p data-end=\"1831\" data-start=\"1759\">Apply the product to a cool surface \u2013 directly or on a microfiber cloth.<\/p>\n<\/li>\n<li data-end=\"1900\" data-start=\"1832\">\n<p data-end=\"1900\" data-start=\"1835\">Spread evenly and wipe immediately with a dry microfiber cloth.<\/p>\n<\/li>\n<li data-end=\"1963\" data-start=\"1901\">\n<p data-end=\"1963\" data-start=\"1904\">If necessary, repeat the application on additional elements.<\/p>\n<\/li>\n<p data-end=\"2137\" data-start=\"1967\">Tip: The product works best on clean, degreased surfaces. For maximum effectiveness, avoid application in direct sunlight or on hot surfaces.<\/p>\n<p>Specification:<\/p>\n<ul data-end=\"2294\" data-start=\"2161\">\n<li data-end=\"2184\" data-start=\"2161\">\n<p data-end=\"2184\" data-start=\"2163\">Capacity: 300 ml<\/p>\n<\/li>\n<li data-end=\"2227\" data-start=\"2185\">\n<p data-end=\"2227\" data-start=\"2187\">Form: atomizer with Tornado Vortex head<\/p>\n<\/li>\n<li data-end=\"2255\" data-start=\"2228\">\n<p data-end=\"2255\" data-start=\"2230\">Technology: G-RAS Shield<\/p>\n<\/li>\n<li data-end=\"2294\" data-start=\"2256\">\n<p data-end=\"2294\" data-start=\"2258\">Effect: high gloss + hydrophobicity<\/p>\n<\/li>\n<\/ul>","protected":false},"excerpt":{"rendered":"<p>Kup zestaw New Fusso Coat 12 Months Dark + Soft99 Rain Drop Tornado Vortex 300 ml Fusso Coat 12 Months Wax Dark Preparat tworz\u0105cy trwa\u0142\u0105 do 12 miesi\u0119cy, hydrofobizuj\u0105c\u0105 pow\u0142ok\u0119 ochronn\u0105. Dzi\u0119ki specjalnym polimerom fluorowym pow\u0142oka skutecznie ogranicza przywieranie brudu i pomaga odprowadza\u0107 wod\u0119. Lakier jest chroniony przed negatywnym wp\u0142ywem takich czynnik\u00f3w atmosferycznych jak kwa\u015bne&hellip;&nbsp;<a href=\"https:\/\/liquidmaster.pl\/en\/zestaw-new-fusso-coat-12-months-dark-soft99-rain-drop-tornado-vortex-300-ml\/\" rel=\"bookmark\">Read More \u00bb<span class=\"screen-reader-text\">Zestaw New Fusso Coat 12 Months Dark + Soft99 Rain Drop Tornado Vortex 300 ml<\/span><\/a><\/p>","protected":false},"featured_media":1913957,"comment_status":"open","ping_status":"open","template":"","meta":{"neve_meta_sidebar":"","neve_meta_container":"","neve_meta_enable_content_width":"","neve_meta_content_width":0,"neve_meta_title_alignment":"","neve_meta_author_avatar":"","neve_post_elements_order":"","neve_meta_disable_header":"","neve_meta_disable_footer":"","neve_meta_disable_title":"","_themeisle_gutenberg_block_has_review":false},"product_brand":[],"product_cat":[733,766,788],"product_tag":[362],"class_list":{"0":"post-1913955","1":"product","2":"type-product","3":"status-publish","4":"has-post-thumbnail","6":"product_cat-na-zewnatrz","7":"product_cat-ochrona-lakieru","8":"product_cat-woski","9":"product_tag-soft99","11":"first","12":"instock","13":"taxable","14":"shipping-taxable","15":"purchasable","16":"product-type-simple"},"_links":{"self":[{"href":"https:\/\/liquidmaster.pl\/en\/wp-json\/wp\/v2\/product\/1913955","targetHints":{"allow":["GET"]}}],"collection":[{"href":"https:\/\/liquidmaster.pl\/en\/wp-json\/wp\/v2\/product"}],"about":[{"href":"https:\/\/liquidmaster.pl\/en\/wp-json\/wp\/v2\/types\/product"}],"replies":[{"embeddable":true,"href":"https:\/\/liquidmaster.pl\/en\/wp-json\/wp\/v2\/comments?post=1913955"}],"wp:featuredmedia":[{"embeddable":true,"href":"https:\/\/liquidmaster.pl\/en\/wp-json\/wp\/v2\/media\/1913957"}],"wp:attachment":[{"href":"https:\/\/liquidmaster.pl\/en\/wp-json\/wp\/v2\/media?parent=1913955"}],"wp:term":[{"taxonomy":"product_brand","embeddable":true,"href":"https:\/\/liquidmaster.pl\/en\/wp-json\/wp\/v2\/product_brand?post=1913955"},{"taxonomy":"product_cat","embeddable":true,"href":"https:\/\/liquidmaster.pl\/en\/wp-json\/wp\/v2\/product_cat?post=1913955"},{"taxonomy":"product_tag","embeddable":true,"href":"https:\/\/liquidmaster.pl\/en\/wp-json\/wp\/v2\/product_tag?post=1913955"}],"curies":[{"name":"wp","href":"https:\/\/api.w.org\/{rel}","templated":true}]}}