{"id":1913949,"date":"2025-08-25T08:24:06","date_gmt":"2025-08-25T06:24:06","guid":{"rendered":"https:\/\/liquidmaster.pl\/cleantle-tirewheel-qd-5l-srodek-do-nablyszczania-felg-i-opon\/"},"modified":"2026-04-20T08:32:49","modified_gmt":"2026-04-20T06:32:49","slug":"cleantle-tirewheel-qd-5l-srodek-do-nablyszczania-felg-i-opon","status":"publish","type":"product","link":"https:\/\/liquidmaster.pl\/en\/cleantle-tirewheel-qd-5l-srodek-do-nablyszczania-felg-i-opon\/","title":{"rendered":"Cleantle Tire&amp;Wheel QD 5L \u2013 rim and tire shine agent"},"content":{"rendered":"<p>Tire&amp;Wheel QD<\/p>\n<p>Tire&amp;Wheel QD is a product designed to polish and effectively protect rims and tires. Its advanced polymer-based formula gives tires a satin finish and rims an intense shine. It protects surfaces from UV radiation, increases their slipperiness, and enhances their hydrophobic properties, keeping them cleaner longer and making cleaning easier and faster.<\/p>\n<p>Tire&amp;Wheel QD can be used both on bare rubber and to refresh previous dressings, restoring a fresh, well-maintained appearance to tires. Its light cleaning properties also make it effective on lightly soiled tires \u2013 ideal for quick touch-ups when time and results are a priority (though durability is somewhat shorter).<\/p>\n<p>On rims, the product works perfectly with ceramic coatings and waxes, enhancing their performance, but it also works well as a standalone protective layer. The product can also be applied to exterior plastics. It is readily biodegradable.<\/p>\n<p>When you purchase this product, you earn points in the Cleantle Club loyalty program. You can redeem your points for exclusive gifts!<\/p>\n<p>dilution:<\/p>\n<p>The product is ready to use<\/p>\n<p>Product features:<\/p>\n<p>\u25cf shines and protects tires and rims<\/p>\n<p>\u25cf easy and quick to apply<\/p>\n<p>\u25cf gives a satin finish on tires and a glossy finish on rims<\/p>\n<p>\u25cf protects against UV radiation<\/p>\n<p>\u25cf hydrophobic effect and greater slipperiness<\/p>\n<p>\u25cf light cleaning properties<\/p>\n<p>\u25cf can be applied to both dry and wet surfaces<\/p>\n<p>\u25cf perfect for refreshing dressings<\/p>\n<p>\u25cf works perfectly with ceramic coatings and waxes<\/p>\n<p>\u25cf independent protective layer<\/p>\n<p>\u25cf can also be applied to external plastics<\/p>\n<p>\u25cf easily biodegradable<\/p>\n<p>\u00a0<\/p>\n<p>Usage:<\/p>\n<p>1. Shake the product before use.<\/p>\n<p>2. The product can be applied to dry or wet surfaces.<\/p>\n<p>3. In the case of tires \u2013 spray the tire generously with the preparation.<\/p>\n<p>4. You can leave the tire to dry naturally (glossy effect) or apply the product with an applicator, brush or microfiber (satin finish).<\/p>\n<p>5. For rims and plastics \u2013 apply a small amount of product.<\/p>\n<p>6. After application, thoroughly polish the surface dry with a microfiber cloth.<\/p>\n<p>\u00a0<\/p>\n<p>Capacity: 5L<\/p>\n<p>Note: Do not apply the product to hot surfaces or in direct sunlight.<\/p>","protected":false},"excerpt":{"rendered":"<p>Tire&#038;Wheel QD Tire&#038;Wheel QD to preparat przeznaczony do nab\u0142yszczania i skutecznego zabezpieczania felg oraz opon. Dzi\u0119ki zaawansowanej formule na bazie polimer\u00f3w nadaje oponom satynowe wyko\u0144czenie, a felgom intensywny po\u0142ysk. Chroni powierzchnie przed promieniowaniem UV, zwi\u0119ksza ich \u015blisko\u015b\u0107 i w\u0142a\u015bciwo\u015bci hydrofobowe, co sprawia, \u017ce d\u0142u\u017cej pozostaj\u0105 czyste, a ich mycie staje si\u0119 \u0142atwiejsze i szybsze. Tire&#038;Wheel&hellip;&nbsp;<a href=\"https:\/\/liquidmaster.pl\/en\/cleantle-tirewheel-qd-5l-srodek-do-nablyszczania-felg-i-opon\/\" rel=\"bookmark\">Read More \u00bb<span class=\"screen-reader-text\">Cleantle Tire&amp;Wheel QD 5L \u2013 rim and tire shine agent<\/span><\/a><\/p>","protected":false},"featured_media":1913951,"comment_status":"open","ping_status":"open","template":"","meta":{"neve_meta_sidebar":"","neve_meta_container":"","neve_meta_enable_content_width":"","neve_meta_content_width":0,"neve_meta_title_alignment":"","neve_meta_author_avatar":"","neve_post_elements_order":"","neve_meta_disable_header":"","neve_meta_disable_footer":"","neve_meta_disable_title":"","_themeisle_gutenberg_block_has_review":false},"product_brand":[],"product_cat":[745,733,776],"product_tag":[],"class_list":{"0":"post-1913949","1":"product","2":"type-product","3":"status-publish","4":"has-post-thumbnail","6":"product_cat-kola-i-opony","7":"product_cat-na-zewnatrz","8":"product_cat-zabezpieczanie-felg","10":"first","11":"instock","12":"taxable","13":"shipping-taxable","14":"purchasable","15":"product-type-simple"},"_links":{"self":[{"href":"https:\/\/liquidmaster.pl\/en\/wp-json\/wp\/v2\/product\/1913949","targetHints":{"allow":["GET"]}}],"collection":[{"href":"https:\/\/liquidmaster.pl\/en\/wp-json\/wp\/v2\/product"}],"about":[{"href":"https:\/\/liquidmaster.pl\/en\/wp-json\/wp\/v2\/types\/product"}],"replies":[{"embeddable":true,"href":"https:\/\/liquidmaster.pl\/en\/wp-json\/wp\/v2\/comments?post=1913949"}],"wp:featuredmedia":[{"embeddable":true,"href":"https:\/\/liquidmaster.pl\/en\/wp-json\/wp\/v2\/media\/1913951"}],"wp:attachment":[{"href":"https:\/\/liquidmaster.pl\/en\/wp-json\/wp\/v2\/media?parent=1913949"}],"wp:term":[{"taxonomy":"product_brand","embeddable":true,"href":"https:\/\/liquidmaster.pl\/en\/wp-json\/wp\/v2\/product_brand?post=1913949"},{"taxonomy":"product_cat","embeddable":true,"href":"https:\/\/liquidmaster.pl\/en\/wp-json\/wp\/v2\/product_cat?post=1913949"},{"taxonomy":"product_tag","embeddable":true,"href":"https:\/\/liquidmaster.pl\/en\/wp-json\/wp\/v2\/product_tag?post=1913949"}],"curies":[{"name":"wp","href":"https:\/\/api.w.org\/{rel}","templated":true}]}}