{"id":1913940,"date":"2025-08-25T08:18:06","date_gmt":"2025-08-25T06:18:06","guid":{"rendered":"https:\/\/liquidmaster.pl\/cleantle-rinse-aid-500ml-koncentrat-do-szybkiego-osuszania-nablyszczania-oraz-ochrony-karoserii\/"},"modified":"2026-04-18T04:51:29","modified_gmt":"2026-04-18T02:51:29","slug":"cleantle-rinse-aid-500ml-koncentrat-do-szybkiego-osuszania-nablyszczania-oraz-ochrony-karoserii","status":"publish","type":"product","link":"https:\/\/liquidmaster.pl\/en\/cleantle-rinse-aid-500ml-koncentrat-do-szybkiego-osuszania-nablyszczania-oraz-ochrony-karoserii\/","title":{"rendered":"Cleantle Rinse AID 500ml \u2013 concentrate for quick drying, polishing and bodywork protection."},"content":{"rendered":"<p>Rinse AID<\/p>\n<p>Rinse AID to skuteczny koncentrat do szybkiego osuszania, nab\u0142yszczania i zabezpieczania karoserii.<\/p>\n<p>Zaawansowana formu\u0142a Rinse AID zosta\u0142a opracowana w taki spos\u00f3b, aby natychmiastowo prze\u0142amywa\u0107 tafl\u0119 wody pozosta\u0142\u0105 na lakierze po myciu, co znacz\u0105co przyspiesza proces osuszania pojazdu i minimalizuje ryzyko powstawania zaciek\u00f3w. Produkt podbija po\u0142ysk lakieru i tworzy na powierzchni warstw\u0119 hydrofobow\u0105, kt\u00f3ra nie tylko u\u0142atwia p\u00f3\u017aniejsze osuszanie, ale r\u00f3wnie\u017c tworzy barier\u0119 odpychaj\u0105c\u0105 wod\u0119.<\/p>\n<p>Mo\u017ce by\u0107 stosowany zar\u00f3wno na niezabezpieczony lakier, jak i na auta pokryte pow\u0142okami ceramicznymi, woskami czy sealantami \u2013 znacz\u0105co wzmacniaj\u0105c ich dzia\u0142anie.<\/p>\n<p>When you purchase this product, you earn points in the Cleantle Club loyalty program. You can redeem your points for exclusive gifts!<\/p>\n<p>Dost\u0119pne pojemno\u015bci: 0,5L<\/p>\n<p>dilution:<\/p>\n<p>1:200 \u2013 aplikacja w formie oprysku<\/p>\n<p>1:50 \u2013 aplikacja z pianownicy ci\u015bnieniowej<\/p>\n<p>1:1 do 1:5 \u2013 jako quick detailer na mokro<\/p>\n<p>Product features:<\/p>\n<p>\u25cf osusza, nab\u0142yszcza i zabezpiecza karoseri\u0119<\/p>\n<p>\u25cf dodaje hydrofobowo\u015bci i po\u0142ysku<\/p>\n<p>\u25cf rozbija tafl\u0119 wody i przyspiesza proces osuszania pojazdu<\/p>\n<p>\u25cf minimalizuje ryzyko powstawania zaciek\u00f3w<\/p>\n<p>\u25cf minimalizuje osiadanie kurzu<\/p>\n<p>\u25cf mo\u017ce by\u0107 stosowany na ja\u0142owy lakier<\/p>\n<p>\u25cf bezpieczny dla powierzchni pokrytych pow\u0142ok\u0105 ceramiczn\u0105, woskiem czy sealantem<\/p>\n<p>\u25cf r\u00f3\u017cnorodno\u015b\u0107 w sposobie aplikacji (oprysk, pianownica, jako quick detailer)<\/p>\n<p>\u25cf skoncentrowany i wydajny (1:1 \u2013 1:200)<\/p>\n<p>\u00a0<\/p>\n<p>Usage:<\/p>\n<p>1. Wstrz\u0105\u015bnij przed u\u017cyciem.<\/p>\n<p>2. Rozcie\u0144cz produkt zgodnie z zastosowaniem.<\/p>\n<p>3. Obficie spryskaj produktem czysty, mokry lakier.<\/p>\n<p>4. Sp\u0142ucz ca\u0142o\u015b\u0107 pod ci\u015bnieniem.<\/p>\n<p>5. Usu\u0144 resztki wody z powierzchni za pomoc\u0105 Cleantle Looper.<\/p>\n<p>\u00a0<\/p>\n<p>Note: Do not apply the product to hot surfaces or in direct sunlight.<\/p>","protected":false},"excerpt":{"rendered":"<p>Rinse AID Rinse AID to skuteczny koncentrat do szybkiego osuszania, nab\u0142yszczania i zabezpieczania karoserii. Zaawansowana formu\u0142a Rinse AID zosta\u0142a opracowana w taki spos\u00f3b, aby natychmiastowo prze\u0142amywa\u0107 tafl\u0119 wody pozosta\u0142\u0105 na lakierze po myciu, co znacz\u0105co przyspiesza proces osuszania pojazdu i minimalizuje ryzyko powstawania zaciek\u00f3w. Produkt podbija po\u0142ysk lakieru i tworzy na powierzchni warstw\u0119 hydrofobow\u0105, kt\u00f3ra&hellip;&nbsp;<a href=\"https:\/\/liquidmaster.pl\/en\/cleantle-rinse-aid-500ml-koncentrat-do-szybkiego-osuszania-nablyszczania-oraz-ochrony-karoserii\/\" rel=\"bookmark\">Read More \u00bb<span class=\"screen-reader-text\">Cleantle Rinse AID 500ml \u2013 concentrate for quick drying, polishing and bodywork protection.<\/span><\/a><\/p>","protected":false},"featured_media":1913942,"comment_status":"open","ping_status":"open","template":"","meta":{"neve_meta_sidebar":"","neve_meta_container":"","neve_meta_enable_content_width":"","neve_meta_content_width":0,"neve_meta_title_alignment":"","neve_meta_author_avatar":"","neve_post_elements_order":"","neve_meta_disable_header":"","neve_meta_disable_footer":"","neve_meta_disable_title":"","_themeisle_gutenberg_block_has_review":false},"product_brand":[],"product_cat":[805,733,766],"product_tag":[],"class_list":{"0":"post-1913940","1":"product","2":"type-product","3":"status-publish","4":"has-post-thumbnail","6":"product_cat-hydrowoski","7":"product_cat-na-zewnatrz","8":"product_cat-ochrona-lakieru","10":"first","11":"instock","12":"taxable","13":"shipping-taxable","14":"purchasable","15":"product-type-simple"},"_links":{"self":[{"href":"https:\/\/liquidmaster.pl\/en\/wp-json\/wp\/v2\/product\/1913940","targetHints":{"allow":["GET"]}}],"collection":[{"href":"https:\/\/liquidmaster.pl\/en\/wp-json\/wp\/v2\/product"}],"about":[{"href":"https:\/\/liquidmaster.pl\/en\/wp-json\/wp\/v2\/types\/product"}],"replies":[{"embeddable":true,"href":"https:\/\/liquidmaster.pl\/en\/wp-json\/wp\/v2\/comments?post=1913940"}],"wp:featuredmedia":[{"embeddable":true,"href":"https:\/\/liquidmaster.pl\/en\/wp-json\/wp\/v2\/media\/1913942"}],"wp:attachment":[{"href":"https:\/\/liquidmaster.pl\/en\/wp-json\/wp\/v2\/media?parent=1913940"}],"wp:term":[{"taxonomy":"product_brand","embeddable":true,"href":"https:\/\/liquidmaster.pl\/en\/wp-json\/wp\/v2\/product_brand?post=1913940"},{"taxonomy":"product_cat","embeddable":true,"href":"https:\/\/liquidmaster.pl\/en\/wp-json\/wp\/v2\/product_cat?post=1913940"},{"taxonomy":"product_tag","embeddable":true,"href":"https:\/\/liquidmaster.pl\/en\/wp-json\/wp\/v2\/product_tag?post=1913940"}],"curies":[{"name":"wp","href":"https:\/\/api.w.org\/{rel}","templated":true}]}}