{"id":1913922,"date":"2025-08-25T08:04:06","date_gmt":"2025-08-25T06:04:06","guid":{"rendered":"https:\/\/liquidmaster.pl\/fx-protect-steel-grey-40x40cm-mikrofibra-puszysto-waflowa\/"},"modified":"2026-04-18T04:51:25","modified_gmt":"2026-04-18T02:51:25","slug":"fx-protect-steel-grey-40x40cm-mikrofibra-puszysto-waflowa","status":"publish","type":"product","link":"https:\/\/liquidmaster.pl\/en\/fx-protect-steel-grey-40x40cm-mikrofibra-puszysto-waflowa\/","title":{"rendered":"FX Protect STEEL GREY 40x40cm \u2013 fluffy waffle microfiber"},"content":{"rendered":"<p>Hybrid Fluffy-Waffle Microfiber for Drying and Finishing<\/p>\n<p>Discover STEEL GREY \u2013 a versatile microfiber that makes detailing easier. Featuring a hybrid fluffy-waffle weave, it combines the softness of fluffy fibers with the absorbency of waffle pockets. Ideal for dry work, it&#039;s perfect for buffing quick detailers, waxes, and polishes. Wet work effectively and quickly to dry surfaces.<\/p>\n<ul>\n<li aria-level=\"1\" style=\"font-weight: 400;\">Hybrid waffle-fluff weave: Integrated waffle pockets arranged in a fluffy structure create a three-dimensional mesh with enormous capacity, and the resulting channels quickly absorb and store fluids<\/li>\n<li aria-level=\"1\" style=\"font-weight: 400;\">Weight 350 g\/m\u00b2: The softest type of fiber with great length and minimal thickness<\/li>\n<li aria-level=\"1\" style=\"font-weight: 400;\">Steel gray color: Optimal contrast to white product residues, making it easier to check the cleanliness of the surface<\/li>\n<li aria-level=\"1\" style=\"font-weight: 400;\">Seamless laser-cut edges: Eliminates the risk of scratching the paintwork while working<\/li>\n<li aria-level=\"1\" style=\"font-weight: 400;\">Exceptional versatility: Equally effective in both wet and dry applications<\/li>\n<li aria-level=\"1\" style=\"font-weight: 400;\">Compact size 40\u00d740 cm: Allows folding technique into 8 clean surfaces<\/li>\n<li aria-level=\"1\" style=\"font-weight: 400;\">Durable and reusable: The highest quality blend of 70% polyester and 30% polyamide ensures extreme softness, absorbency and durability through many washing cycles<\/li>\n<li aria-level=\"1\" style=\"font-weight: 400;\">100% Genuine Korean Microfiber: STEEL GREY microfibers are manufactured in South Korea, a country considered the gold standard in car detailing. This ensures unparalleled durability, exceptional softness, and superior absorbency.<\/li>\n<li aria-level=\"1\" style=\"font-weight: 400;\">Available in economical multi-packs of 5, 10 and 50: Choosing a larger pack offers the best quantity-to-value ratio, allowing for smart and cost-effective inventory management<\/li>\n<\/ul>\n<p>STEEL GREY was designed as a versatile detailing tool. Its hybrid structure makes it equally capable of drying large surfaces and precisely applying protective products.<\/p>\n<p>Package: 1 pc<\/p>","protected":false},"excerpt":{"rendered":"<p>Hybrydowa Mikrofibra Puszysto-Waflowa do Osuszania i Wyka\u0144czania Odkryj STEEL GREY \u2013 wszechstronn\u0105 mikrofibr\u0119, kt\u00f3ra u\u0142atwia detailing. Wyposa\u017cona w hybrydowy splot puszysto-waflowy, \u0142\u0105czy delikatno\u015b\u0107 puszystych w\u0142\u00f3kien z ch\u0142onno\u015bci\u0105 waflowych kieszeni. Idealna do pracy na sucho, \u015bwietnie sprawdzi si\u0119 przy docieraniu quick detailer\u00f3w, wosk\u00f3w i past polerskich. Na mokro natomiast, skutecznie i szybko osuszy powierzchnie. Hybrydowy splot&hellip;&nbsp;<a href=\"https:\/\/liquidmaster.pl\/en\/fx-protect-steel-grey-40x40cm-mikrofibra-puszysto-waflowa\/\" rel=\"bookmark\">Read More \u00bb<span class=\"screen-reader-text\">FX Protect STEEL GREY 40x40cm \u2013 fluffy waffle microfiber<\/span><\/a><\/p>","protected":false},"featured_media":1913924,"comment_status":"open","ping_status":"open","template":"","meta":{"neve_meta_sidebar":"","neve_meta_container":"","neve_meta_enable_content_width":"","neve_meta_content_width":0,"neve_meta_title_alignment":"","neve_meta_author_avatar":"","neve_post_elements_order":"","neve_meta_disable_header":"","neve_meta_disable_footer":"","neve_meta_disable_title":"","_themeisle_gutenberg_block_has_review":false},"product_brand":[],"product_cat":[757,758,780],"product_tag":[299],"class_list":{"0":"post-1913922","1":"product","2":"type-product","3":"status-publish","4":"has-post-thumbnail","6":"product_cat-akcesoria","7":"product_cat-mikrofibry-i-reczniki","8":"product_cat-pluszowe","9":"product_tag-fx-protect","11":"first","12":"instock","13":"taxable","14":"shipping-taxable","15":"purchasable","16":"product-type-simple"},"_links":{"self":[{"href":"https:\/\/liquidmaster.pl\/en\/wp-json\/wp\/v2\/product\/1913922","targetHints":{"allow":["GET"]}}],"collection":[{"href":"https:\/\/liquidmaster.pl\/en\/wp-json\/wp\/v2\/product"}],"about":[{"href":"https:\/\/liquidmaster.pl\/en\/wp-json\/wp\/v2\/types\/product"}],"replies":[{"embeddable":true,"href":"https:\/\/liquidmaster.pl\/en\/wp-json\/wp\/v2\/comments?post=1913922"}],"wp:featuredmedia":[{"embeddable":true,"href":"https:\/\/liquidmaster.pl\/en\/wp-json\/wp\/v2\/media\/1913924"}],"wp:attachment":[{"href":"https:\/\/liquidmaster.pl\/en\/wp-json\/wp\/v2\/media?parent=1913922"}],"wp:term":[{"taxonomy":"product_brand","embeddable":true,"href":"https:\/\/liquidmaster.pl\/en\/wp-json\/wp\/v2\/product_brand?post=1913922"},{"taxonomy":"product_cat","embeddable":true,"href":"https:\/\/liquidmaster.pl\/en\/wp-json\/wp\/v2\/product_cat?post=1913922"},{"taxonomy":"product_tag","embeddable":true,"href":"https:\/\/liquidmaster.pl\/en\/wp-json\/wp\/v2\/product_tag?post=1913922"}],"curies":[{"name":"wp","href":"https:\/\/api.w.org\/{rel}","templated":true}]}}