{"id":1913484,"date":"2025-08-19T00:40:08","date_gmt":"2025-08-18T22:40:08","guid":{"rendered":"https:\/\/liquidmaster.pl\/flexipads-50mm-m14-miekki-dysk-wsporczy-na-rzep\/"},"modified":"2026-04-18T04:20:05","modified_gmt":"2026-04-18T02:20:05","slug":"flexipads-50mm-m14-miekki-dysk-wsporczy-na-rzep","status":"publish","type":"product","link":"https:\/\/liquidmaster.pl\/en\/flexipads-50mm-m14-miekki-dysk-wsporczy-na-rzep\/","title":{"rendered":"Flexipads 50mm M14 soft - Velcro backing pad"},"content":{"rendered":"<p>Diameter: 50mm<br \/>\nMounting: M14<br \/>\nHardness: Soft<br \/>\nMax revolutions: 20000 rpm<br \/>\nWeight: 39.5 g<\/p>\n<p>\u00a0<\/p>\n<ul>\n<li>small size soft support disc with Velcro for sponges and polishing pads<\/li>\n<li>Micro Hook Velcro\u00ae Brand - Velcro with increased temperature resistance and better adhesion<\/li>\n<li>perfect for hard-to-reach places, especially in a set with a spacer pin (EX000)<\/li>\n<\/ul>","protected":false},"excerpt":{"rendered":"<p>\u015arednica:\u00a0 \u00a0 50mm Mocowanie:\u00a0\u00a0\u00a0 M14 Twardo\u015b\u0107:\u00a0\u00a0\u00a0 Soft Max\u00a0obroty:\u00a0 20000 rpm Waga:\u00a0\u00a0\u00a0 39.5\u00a0g \u00a0 niewielkich rozmiar\u00f3w mi\u0119kki dysk wsporczy\u00a0z rzepem do g\u0105bek i futer polerskich Micro Hook Velcro\u00ae Brand &#8211; rzep o podwy\u017cszonej odporno\u015bci na temperatur\u0119 i z lepsz\u0105 przyczepno\u015bci\u0105 doskona\u0142y do miejsc trudnodostepnych, w szczeg\u00f3lno\u015bci w komplecie z trzpieniem dystansowym (EX000)<\/p>","protected":false},"featured_media":1842929,"comment_status":"open","ping_status":"open","template":"","meta":{"neve_meta_sidebar":"","neve_meta_container":"","neve_meta_enable_content_width":"","neve_meta_content_width":0,"neve_meta_title_alignment":"","neve_meta_author_avatar":"","neve_post_elements_order":"","neve_meta_disable_header":"","neve_meta_disable_footer":"","neve_meta_disable_title":"","_themeisle_gutenberg_block_has_review":false},"product_brand":[],"product_cat":[749,748],"product_tag":[293],"class_list":{"0":"post-1913484","1":"product","2":"type-product","3":"status-publish","4":"has-post-thumbnail","6":"product_cat-akcesoria-polerskie","7":"product_cat-polerowanie","8":"product_tag-flexipads","10":"first","11":"outofstock","12":"taxable","13":"shipping-taxable","14":"purchasable","15":"product-type-simple"},"_links":{"self":[{"href":"https:\/\/liquidmaster.pl\/en\/wp-json\/wp\/v2\/product\/1913484","targetHints":{"allow":["GET"]}}],"collection":[{"href":"https:\/\/liquidmaster.pl\/en\/wp-json\/wp\/v2\/product"}],"about":[{"href":"https:\/\/liquidmaster.pl\/en\/wp-json\/wp\/v2\/types\/product"}],"replies":[{"embeddable":true,"href":"https:\/\/liquidmaster.pl\/en\/wp-json\/wp\/v2\/comments?post=1913484"}],"wp:featuredmedia":[{"embeddable":true,"href":"https:\/\/liquidmaster.pl\/en\/wp-json\/wp\/v2\/media\/1842929"}],"wp:attachment":[{"href":"https:\/\/liquidmaster.pl\/en\/wp-json\/wp\/v2\/media?parent=1913484"}],"wp:term":[{"taxonomy":"product_brand","embeddable":true,"href":"https:\/\/liquidmaster.pl\/en\/wp-json\/wp\/v2\/product_brand?post=1913484"},{"taxonomy":"product_cat","embeddable":true,"href":"https:\/\/liquidmaster.pl\/en\/wp-json\/wp\/v2\/product_cat?post=1913484"},{"taxonomy":"product_tag","embeddable":true,"href":"https:\/\/liquidmaster.pl\/en\/wp-json\/wp\/v2\/product_tag?post=1913484"}],"curies":[{"name":"wp","href":"https:\/\/api.w.org\/{rel}","templated":true}]}}