{"id":1913430,"date":"2025-08-17T23:08:06","date_gmt":"2025-08-17T21:08:06","guid":{"rendered":"https:\/\/liquidmaster.pl\/italko-komplet-przedluzek-do-polerki\/"},"modified":"2026-04-18T04:51:14","modified_gmt":"2026-04-18T02:51:14","slug":"italko-komplet-przedluzek-do-polerki","status":"publish","type":"product","link":"https:\/\/liquidmaster.pl\/en\/italko-komplet-przedluzek-do-polerki\/","title":{"rendered":"ITALKO SET OF EXTENSIONS FOR POLISHERS"},"content":{"rendered":"<p>ZESTAW PRZED\u0141U\u017bEK DO MASZYN POLERSKICH M14<\/p>\n<p>MARKI ITALKO<\/p>\n<p>Zestaw profesjonalnych przed\u0142u\u017cek z gwintem M14\u00a0jest przeznaczony do wsp\u00f3\u0142pracy z\u00a0rotacyjnymi maszynami polerskimi.<\/p>\n<p>Trzy przed\u0142u\u017cki o r\u00f3\u017cnych d\u0142ugo\u015bciach:<\/p>\n<ul>\n<li>50mm<\/li>\n<li>75mm<\/li>\n<li>120mm<\/li>\n<\/ul>\n<p>U\u0142atwia dotarcie do trudno dost\u0119pnych element\u00f3w\u00a0nadwozia samochodu czy motocykla, zapewniaj\u0105c\u00a0komfortowe u\u017cytkowanie\u00a0podczas polerowania felg, rant\u00f3w, reflektor\u00f3w lub przestrzeni pod klamkami.<\/p>\n<p>Przed\u0142u\u017cki zosta\u0142y wykonane z\u00a0wysokiej trwa\u0142o\u015bci metalu\u00a0co gwarantuje\u00a0bezpiecze\u0144stwo i niezawodno\u015b\u0107.<\/p>","protected":false},"excerpt":{"rendered":"<p>ZESTAW PRZED\u0141U\u017bEK DO MASZYN POLERSKICH M14 MARKI ITALKO Zestaw profesjonalnych przed\u0142u\u017cek z gwintem M14\u00a0jest przeznaczony do wsp\u00f3\u0142pracy z\u00a0rotacyjnymi maszynami polerskimi. Trzy przed\u0142u\u017cki o r\u00f3\u017cnych d\u0142ugo\u015bciach: 50 mm 75 mm 120 mm U\u0142atwia dotarcie do trudno dost\u0119pnych element\u00f3w\u00a0nadwozia samochodu czy motocykla, zapewniaj\u0105c\u00a0komfortowe u\u017cytkowanie\u00a0podczas polerowania felg, rant\u00f3w, reflektor\u00f3w lub przestrzeni pod klamkami. Przed\u0142u\u017cki zosta\u0142y wykonane z\u00a0wysokiej trwa\u0142o\u015bci&hellip;&nbsp;<a href=\"https:\/\/liquidmaster.pl\/en\/italko-komplet-przedluzek-do-polerki\/\" rel=\"bookmark\">Read More \u00bb<span class=\"screen-reader-text\">ITALKO SET OF EXTENSIONS FOR POLISHERS<\/span><\/a><\/p>","protected":false},"featured_media":1913432,"comment_status":"open","ping_status":"open","template":"","meta":{"neve_meta_sidebar":"","neve_meta_container":"","neve_meta_enable_content_width":"","neve_meta_content_width":0,"neve_meta_title_alignment":"","neve_meta_author_avatar":"","neve_post_elements_order":"","neve_meta_disable_header":"","neve_meta_disable_footer":"","neve_meta_disable_title":"","_themeisle_gutenberg_block_has_review":false},"product_brand":[],"product_cat":[748,898,842],"product_tag":[345],"class_list":{"0":"post-1913430","1":"product","2":"type-product","3":"status-publish","4":"has-post-thumbnail","6":"product_cat-polerowanie","7":"product_cat-przedluzki","8":"product_cat-talerze-mocujace","9":"product_tag-pozostali","11":"first","12":"instock","13":"taxable","14":"shipping-taxable","15":"purchasable","16":"product-type-simple"},"_links":{"self":[{"href":"https:\/\/liquidmaster.pl\/en\/wp-json\/wp\/v2\/product\/1913430","targetHints":{"allow":["GET"]}}],"collection":[{"href":"https:\/\/liquidmaster.pl\/en\/wp-json\/wp\/v2\/product"}],"about":[{"href":"https:\/\/liquidmaster.pl\/en\/wp-json\/wp\/v2\/types\/product"}],"replies":[{"embeddable":true,"href":"https:\/\/liquidmaster.pl\/en\/wp-json\/wp\/v2\/comments?post=1913430"}],"wp:featuredmedia":[{"embeddable":true,"href":"https:\/\/liquidmaster.pl\/en\/wp-json\/wp\/v2\/media\/1913432"}],"wp:attachment":[{"href":"https:\/\/liquidmaster.pl\/en\/wp-json\/wp\/v2\/media?parent=1913430"}],"wp:term":[{"taxonomy":"product_brand","embeddable":true,"href":"https:\/\/liquidmaster.pl\/en\/wp-json\/wp\/v2\/product_brand?post=1913430"},{"taxonomy":"product_cat","embeddable":true,"href":"https:\/\/liquidmaster.pl\/en\/wp-json\/wp\/v2\/product_cat?post=1913430"},{"taxonomy":"product_tag","embeddable":true,"href":"https:\/\/liquidmaster.pl\/en\/wp-json\/wp\/v2\/product_tag?post=1913430"}],"curies":[{"name":"wp","href":"https:\/\/api.w.org\/{rel}","templated":true}]}}