{"id":1913071,"date":"2025-08-16T05:49:05","date_gmt":"2025-08-16T03:49:05","guid":{"rendered":"https:\/\/liquidmaster.pl\/kindly-garage-buzz-end-500ml-srodek-do-usuwania-owadow\/"},"modified":"2026-04-20T08:23:15","modified_gmt":"2026-04-20T06:23:15","slug":"kindly-garage-buzz-end-500ml-srodek-do-usuwania-owadow","status":"publish","type":"product","link":"https:\/\/liquidmaster.pl\/en\/kindly-garage-buzz-end-500ml-srodek-do-usuwania-owadow\/","title":{"rendered":"Kindly Garage Buzz End 500ml \u2013 Insect Remover"},"content":{"rendered":"<p>BUZZ END is a specialized product that effectively dissolves and removes insect residue and other organic contaminants from car surfaces. It&#039;s safe for use on paintwork. The product works quickly and effectively, ensuring a perfectly clean surface.<\/p>\n<p>Thanks to BUZZ END, there will be no trace of insects!<\/p>\n<p>REMEMBER BEFORE USE!<\/p>\n<ul>\n<li>Prepare the solution in the appropriate dilution: 1:1 for old or difficult to remove dirt and 1:2 for fresh dirt and regular care.<\/li>\n<li>Do not apply the product to a warm surface or expose the car to direct sunlight to avoid permanent discoloration or damage.<\/li>\n<li>Use BUZZ END at the beginning of washing the surface to be cleaned.<\/li>\n<li>Shake the bottle before use to mix the contents thoroughly.<\/li>\n<li>Apply the agent to an inconspicuous part of the item to be cleaned to test its effect on the surface.<\/li>\n<\/ul>\n<p>HOW TO USE:<\/p>\n<li>Spray the agent onto the dirt from a distance of approximately 10 cm.<\/li>\n<li>After a maximum of 2 minutes, rinse the surface thoroughly with pressurized water.<\/li>\n<li>Repeat these steps if necessary.<\/li>\n<p>PRECAUTIONS:<\/p>\n<ul>\n<li>Causes severe skin burns and eye damage. May cause an allergic skin reaction.<\/li>\n<li>Do not breathe dust\/fume\/gas\/mist\/vapors\/spray. Wear protective gloves\/protective clothing\/eye protection\/face protection.<\/li>\n<li>IF SWALLOWED: Rinse mouth. DO NOT induce vomiting.<\/li>\n<li>IF ON SKIN (or hair): Remove immediately all contaminated clothing. Rinse skin with water or shower.<\/li>\n<li>IF IN EYES: Rinse cautiously with water for several minutes. Remove contact lenses, if present and easy to do. Continue rinsing. Contact a physician immediately.<\/li>\n<\/ul>\n<p>Capacity 500ml<\/p>","protected":false},"excerpt":{"rendered":"<p>BUZZ END to specjalistyczny \u015brodek, kt\u00f3ry skutecznie rozpuszcza i usuwa pozosta\u0142o\u015bci po owadach oraz innych zanieczyszczeniach organicznych z powierzchni samochodu. Jego u\u017cycie jest bezpieczne dla lakieru. Produkt dzia\u0142a szybko i skutecznie, zapewniaj\u0105c perfekcyjnie czyst\u0105 powierzchni\u0119. Dzi\u0119ki BUZZ END po owadach nie b\u0119dzie ani \u015bladu! PAMI\u0118TAJ PRZED U\u017bYCIEM! Przygotuj roztw\u00f3r w odpowiednim rozcie\u0144czeniu: 1:1 dla starych&hellip;&nbsp;<a href=\"https:\/\/liquidmaster.pl\/en\/kindly-garage-buzz-end-500ml-srodek-do-usuwania-owadow\/\" rel=\"bookmark\">Read More \u00bb<span class=\"screen-reader-text\">Kindly Garage Buzz End 500ml \u2013 Insect Remover<\/span><\/a><\/p>","protected":false},"featured_media":1848725,"comment_status":"open","ping_status":"open","template":"","meta":{"neve_meta_sidebar":"","neve_meta_container":"","neve_meta_enable_content_width":"","neve_meta_content_width":0,"neve_meta_title_alignment":"","neve_meta_author_avatar":"","neve_post_elements_order":"","neve_meta_disable_header":"","neve_meta_disable_footer":"","neve_meta_disable_title":"","_themeisle_gutenberg_block_has_review":false},"product_brand":[],"product_cat":[743,733,754],"product_tag":[1107],"class_list":{"0":"post-1913071","1":"product","2":"type-product","3":"status-publish","4":"has-post-thumbnail","6":"product_cat-dekontaminacja","7":"product_cat-na-zewnatrz","8":"product_cat-usuwanie-owadow","9":"product_tag-kindly-garage","11":"first","12":"instock","13":"taxable","14":"shipping-taxable","15":"purchasable","16":"product-type-simple"},"_links":{"self":[{"href":"https:\/\/liquidmaster.pl\/en\/wp-json\/wp\/v2\/product\/1913071","targetHints":{"allow":["GET"]}}],"collection":[{"href":"https:\/\/liquidmaster.pl\/en\/wp-json\/wp\/v2\/product"}],"about":[{"href":"https:\/\/liquidmaster.pl\/en\/wp-json\/wp\/v2\/types\/product"}],"replies":[{"embeddable":true,"href":"https:\/\/liquidmaster.pl\/en\/wp-json\/wp\/v2\/comments?post=1913071"}],"wp:featuredmedia":[{"embeddable":true,"href":"https:\/\/liquidmaster.pl\/en\/wp-json\/wp\/v2\/media\/1848725"}],"wp:attachment":[{"href":"https:\/\/liquidmaster.pl\/en\/wp-json\/wp\/v2\/media?parent=1913071"}],"wp:term":[{"taxonomy":"product_brand","embeddable":true,"href":"https:\/\/liquidmaster.pl\/en\/wp-json\/wp\/v2\/product_brand?post=1913071"},{"taxonomy":"product_cat","embeddable":true,"href":"https:\/\/liquidmaster.pl\/en\/wp-json\/wp\/v2\/product_cat?post=1913071"},{"taxonomy":"product_tag","embeddable":true,"href":"https:\/\/liquidmaster.pl\/en\/wp-json\/wp\/v2\/product_tag?post=1913071"}],"curies":[{"name":"wp","href":"https:\/\/api.w.org\/{rel}","templated":true}]}}