{"id":1913069,"date":"2025-08-16T05:48:06","date_gmt":"2025-08-16T03:48:06","guid":{"rendered":"https:\/\/liquidmaster.pl\/honey-pad-cutting-da-150-160mm-pad-polerski-przeznaczony-do-pracy-na-dual-action\/"},"modified":"2026-04-20T08:23:15","modified_gmt":"2026-04-20T06:23:15","slug":"honey-pad-cutting-da-150-160mm-pad-polerski-przeznaczony-do-pracy-na-dual-action","status":"publish","type":"product","link":"https:\/\/liquidmaster.pl\/en\/honey-pad-cutting-da-150160mm-pad-polerski-przeznaczony-do-pracy-na-dual-action\/","title":{"rendered":"Honey Pad Cutting DA 150\/160mm \u2013 a dual-action polishing pad"},"content":{"rendered":"<p>A thick weave of microfiber fibers on a hard backing, intended for polishing deeper scratches, with coarse-grained pastes.<br \/>\nA thin weave of fibers on a soft backing ensures a perfect finish. Designed for use with Dual Action machines. The side profile facilitates polishing in hard-to-reach areas.<\/p>","protected":false},"excerpt":{"rendered":"<p>Gruby splot w\u0142\u00f3kien mikrofibry na twardym podk\u0142adzie, przeznaczony do polerowania g\u0142\u0119bszych zarysowa\u0144, z pastami gruboziarnistymi. Cienki splot w\u0142\u00f3kien na mi\u0119kkim podk\u0142adzie, dla uzyskania idealnej powierzchni ko\u0144cowej.Zaprojektowany do pracy z maszynami Dual Action. Boczny profil u\u0142atwia polerowanie trudno dost\u0119pnych miejsc.<\/p>","protected":false},"featured_media":1848723,"comment_status":"open","ping_status":"open","template":"","meta":{"neve_meta_sidebar":"","neve_meta_container":"","neve_meta_enable_content_width":"","neve_meta_content_width":0,"neve_meta_title_alignment":"","neve_meta_author_avatar":"","neve_post_elements_order":"","neve_meta_disable_header":"","neve_meta_disable_footer":"","neve_meta_disable_title":"","_themeisle_gutenberg_block_has_review":false},"product_brand":[],"product_cat":[824,822,748],"product_tag":[304],"class_list":{"0":"post-1913069","1":"product","2":"type-product","3":"status-publish","4":"has-post-thumbnail","6":"product_cat-pady-mikrofibrowe","7":"product_cat-pady-polerskie","8":"product_cat-polerowanie","9":"product_tag-honey","11":"first","12":"instock","13":"taxable","14":"shipping-taxable","15":"purchasable","16":"product-type-simple"},"_links":{"self":[{"href":"https:\/\/liquidmaster.pl\/en\/wp-json\/wp\/v2\/product\/1913069","targetHints":{"allow":["GET"]}}],"collection":[{"href":"https:\/\/liquidmaster.pl\/en\/wp-json\/wp\/v2\/product"}],"about":[{"href":"https:\/\/liquidmaster.pl\/en\/wp-json\/wp\/v2\/types\/product"}],"replies":[{"embeddable":true,"href":"https:\/\/liquidmaster.pl\/en\/wp-json\/wp\/v2\/comments?post=1913069"}],"wp:featuredmedia":[{"embeddable":true,"href":"https:\/\/liquidmaster.pl\/en\/wp-json\/wp\/v2\/media\/1848723"}],"wp:attachment":[{"href":"https:\/\/liquidmaster.pl\/en\/wp-json\/wp\/v2\/media?parent=1913069"}],"wp:term":[{"taxonomy":"product_brand","embeddable":true,"href":"https:\/\/liquidmaster.pl\/en\/wp-json\/wp\/v2\/product_brand?post=1913069"},{"taxonomy":"product_cat","embeddable":true,"href":"https:\/\/liquidmaster.pl\/en\/wp-json\/wp\/v2\/product_cat?post=1913069"},{"taxonomy":"product_tag","embeddable":true,"href":"https:\/\/liquidmaster.pl\/en\/wp-json\/wp\/v2\/product_tag?post=1913069"}],"curies":[{"name":"wp","href":"https:\/\/api.w.org\/{rel}","templated":true}]}}