{"id":1912315,"date":"2025-08-13T10:24:06","date_gmt":"2025-08-13T08:24:06","guid":{"rendered":"https:\/\/liquidmaster.pl\/koch-chemie-active-foam-10kg-piana-aktywna-o-neutralnym-ph\/"},"modified":"2026-04-18T04:22:47","modified_gmt":"2026-04-18T02:22:47","slug":"koch-chemie-active-foam-10kg-piana-aktywna-o-neutralnym-ph","status":"publish","type":"product","link":"https:\/\/liquidmaster.pl\/en\/koch-chemie-active-foam-10kg-piana-aktywna-o-neutralnym-ph\/","title":{"rendered":"Koch Chemie Active Foam 10kg - active foam with a neutral pH"},"content":{"rendered":"<p style=\"box-sizing: border-box; margin: 0px; padding: 0px 0px 9px; border: 0px rgb(221, 221, 221); font-family: Montserrat, sans-serif; font-stretch: inherit; line-height: 1.6; font-size: 14px; vertical-align: baseline; caret-color: rgb(119, 119, 119); color: rgb(119, 119, 119);\">Aktivwasche is an effective active foam without phosphates or solvents with a slightly alkaline pH, intended for preliminary spraying and basic washing of passenger cars and trucks. It thoroughly cleans and protects the paint, leaving it looking impeccable.<\/p>\n<p style=\"box-sizing: border-box; margin: 0px; padding: 0px 0px 9px; border: 0px rgb(221, 221, 221); font-family: Montserrat, sans-serif; font-stretch: inherit; line-height: 1.6; font-size: 14px; vertical-align: baseline; caret-color: rgb(119, 119, 119); color: rgb(119, 119, 119);\">A preparation with a pleasantly fresh scent.<\/p>\n<p style=\"box-sizing: border-box; margin: 0px; padding: 0px 0px 9px; border: 0px rgb(221, 221, 221); font-family: Montserrat, sans-serif; font-stretch: inherit; line-height: 1.6; font-size: 14px; vertical-align: baseline; caret-color: rgb(119, 119, 119); color: rgb(119, 119, 119);\">App :<\/p>\n<p style=\"box-sizing: border-box; margin: 0px; padding: 0px 0px 9px; border: 0px rgb(221, 221, 221); font-family: Montserrat, sans-serif; font-stretch: inherit; line-height: 1.6; font-size: 14px; vertical-align: baseline; caret-color: rgb(119, 119, 119); color: rgb(119, 119, 119);\">Pianettes 1:8 to 1:15<\/p>\n<p style=\"box-sizing: border-box; margin: 0px; padding: 0px 0px 9px; border: 0px rgb(221, 221, 221); font-family: Montserrat, sans-serif; font-stretch: inherit; line-height: 1.6; font-size: 14px; vertical-align: baseline; caret-color: rgb(119, 119, 119); color: rgb(119, 119, 119);\">Shampoo\/hand wash 1:250 to 1:500<\/p>\n<p style=\"box-sizing: border-box; margin: 0px; padding: 0px 0px 9px; border: 0px rgb(221, 221, 221); font-family: Montserrat, sans-serif; font-stretch: inherit; line-height: 1.6; font-size: 14px; vertical-align: baseline; caret-color: rgb(119, 119, 119); color: rgb(119, 119, 119);\">\u2013 10 kg<\/p>\n<p style=\"box-sizing: border-box; margin: 0px; padding: 0px 0px 9px; border: 0px rgb(221, 221, 221); font-family: Montserrat, sans-serif; font-stretch: inherit; line-height: 1.6; font-size: 14px; vertical-align: baseline; caret-color: rgb(119, 119, 119); color: rgb(119, 119, 119);\">\u2013 pH 8<\/p>","protected":false},"excerpt":{"rendered":"<p>Aktivwasche to skuteczna nie zawieraj\u0105ca fosforan\u00f3w ani rozpuszczalnik\u00f3w piana aktywna o lekko zasadowym pH, przeznaczonym do wst\u0119pnego oprysku a tak\u017ce mycia zasadniczego samochod\u00f3w osobowych i ci\u0119\u017carowych. Dok\u0142adnie czy\u015bci i jednocze\u015bnie chroni lakier, pozostawiaj\u0105c nienaganny wygl\u0105d. Preparat o przyjemnie \u015bwie\u017cym zapachu. Aplikacja : Pianownice 1:8 do 1:15 Szampon\/mycie r\u0119czne 1:250 do 1:500 &#8211; 10 kg &#8211;&hellip;&nbsp;<a href=\"https:\/\/liquidmaster.pl\/en\/koch-chemie-active-foam-10kg-piana-aktywna-o-neutralnym-ph\/\" rel=\"bookmark\">Read More \u00bb<span class=\"screen-reader-text\">Koch Chemie Active Foam 10kg - active foam with a neutral pH<\/span><\/a><\/p>","protected":false},"featured_media":1912317,"comment_status":"open","ping_status":"open","template":"","meta":{"neve_meta_sidebar":"","neve_meta_container":"","neve_meta_enable_content_width":"","neve_meta_content_width":0,"neve_meta_title_alignment":"","neve_meta_author_avatar":"","neve_post_elements_order":"","neve_meta_disable_header":"","neve_meta_disable_footer":"","neve_meta_disable_title":"","_themeisle_gutenberg_block_has_review":false},"product_brand":[],"product_cat":[734,733,753],"product_tag":[313],"class_list":{"0":"post-1912315","1":"product","2":"type-product","3":"status-publish","4":"has-post-thumbnail","6":"product_cat-mycie-i-osuszanie","7":"product_cat-na-zewnatrz","8":"product_cat-piany-aktywne-i-pianownice","9":"product_tag-koch-chemie","11":"first","12":"outofstock","13":"taxable","14":"shipping-taxable","15":"purchasable","16":"product-type-simple"},"_links":{"self":[{"href":"https:\/\/liquidmaster.pl\/en\/wp-json\/wp\/v2\/product\/1912315","targetHints":{"allow":["GET"]}}],"collection":[{"href":"https:\/\/liquidmaster.pl\/en\/wp-json\/wp\/v2\/product"}],"about":[{"href":"https:\/\/liquidmaster.pl\/en\/wp-json\/wp\/v2\/types\/product"}],"replies":[{"embeddable":true,"href":"https:\/\/liquidmaster.pl\/en\/wp-json\/wp\/v2\/comments?post=1912315"}],"wp:featuredmedia":[{"embeddable":true,"href":"https:\/\/liquidmaster.pl\/en\/wp-json\/wp\/v2\/media\/1912317"}],"wp:attachment":[{"href":"https:\/\/liquidmaster.pl\/en\/wp-json\/wp\/v2\/media?parent=1912315"}],"wp:term":[{"taxonomy":"product_brand","embeddable":true,"href":"https:\/\/liquidmaster.pl\/en\/wp-json\/wp\/v2\/product_brand?post=1912315"},{"taxonomy":"product_cat","embeddable":true,"href":"https:\/\/liquidmaster.pl\/en\/wp-json\/wp\/v2\/product_cat?post=1912315"},{"taxonomy":"product_tag","embeddable":true,"href":"https:\/\/liquidmaster.pl\/en\/wp-json\/wp\/v2\/product_tag?post=1912315"}],"curies":[{"name":"wp","href":"https:\/\/api.w.org\/{rel}","templated":true}]}}