{"id":1911577,"date":"2025-08-10T20:19:05","date_gmt":"2025-08-10T18:19:05","guid":{"rendered":"https:\/\/liquidmaster.pl\/auto-graph-lazurite-water-spot-remover-750ml-produkt-do-usuwania-sladow-po-wodzie\/"},"modified":"2026-04-18T04:51:13","modified_gmt":"2026-04-18T02:51:13","slug":"auto-graph-lazurite-water-spot-remover-750ml-produkt-do-usuwania-sladow-po-wodzie","status":"publish","type":"product","link":"https:\/\/liquidmaster.pl\/en\/auto-graph-lazurite-water-spot-remover-750ml-produkt-do-usuwania-sladow-po-wodzie\/","title":{"rendered":"AUTO GRAPH LAZURITE Water Spot Remover 750ml \u2013 product for removing water marks"},"content":{"rendered":"<p>Has your car developed white, stubborn stains caused by hard water? LAZURITE WSR dissolves and removes mineral deposits from all vehicle surfaces in seconds, restoring their perfect smoothness and shine. After washing and drying your car, spray the product directly onto a cool surface or microfiber cloth, work it in evenly without allowing it to dry, and then wipe with a clean microfiber cloth. LAZURITE unclogs protective coatings and restores their hydrophobic properties.<\/p>\n<p>WHAT MAKES IT STAND OUT:<\/p>\n<ul>\n<li>Works in seconds<\/li>\n<li>Safe for coatings<\/li>\n<li>Safe for bodywork components<\/li>\n<\/ul>\n<p>PROPERTIES:<\/p>\n<ul>\n<li>Removes mineral deposits (water spots)\u00a0<\/li>\n<li>Unclogs coatings and restores hydrophobicity<\/li>\n<li>Acidic pH\u00a0<\/li>\n<\/ul>\n<p>HOW TO USE:<\/p>\n<li>Wash and dry your car.<\/li>\n<li>Spray the agent directly onto a cool element or microfiber.<\/li>\n<li>Spread evenly, preventing it from drying out.<\/li>\n<li>Wipe with a clean microfiber.<\/li>\n<p>TIPS:<\/p>\n<ul>\n<li>Do not apply the product to a hot surface.<\/li>\n<li>Do not allow the product to dry on the paint.<\/li>\n<li>Always use a clean microfiber cloth.<\/li>\n<\/ul>\n<p>Capacity 750 ml<\/p>","protected":false},"excerpt":{"rendered":"<p>Czy na Twoim aucie pojawi\u0142y si\u0119 bia\u0142e, trudne do usuni\u0119cia zacieki z twardej wody? LAZURITE WSR to preparat, kt\u00f3ry w kilka sekund rozpuszcza i usuwa osady mineralne ze wszystkich powierzchni pojazdu, przywracaj\u0105c im idealn\u0105 g\u0142adko\u015b\u0107 i blask. Po umyciu i osuszeniu samochodu, rozpyl \u015brodek bezpo\u015brednio na ch\u0142odny element lub mikrofibr\u0119, r\u00f3wnomiernie wypracuj, nie dopuszczaj\u0105c do&hellip;&nbsp;<a href=\"https:\/\/liquidmaster.pl\/en\/auto-graph-lazurite-water-spot-remover-750ml-produkt-do-usuwania-sladow-po-wodzie\/\" rel=\"bookmark\">Read More \u00bb<span class=\"screen-reader-text\">AUTO GRAPH LAZURITE Water Spot Remover 750ml \u2013 product for removing water marks<\/span><\/a><\/p>","protected":false},"featured_media":1911579,"comment_status":"open","ping_status":"open","template":"","meta":{"neve_meta_sidebar":"","neve_meta_container":"","neve_meta_enable_content_width":"","neve_meta_content_width":0,"neve_meta_title_alignment":"","neve_meta_author_avatar":"","neve_post_elements_order":"","neve_meta_disable_header":"","neve_meta_disable_footer":"","neve_meta_disable_title":"","_themeisle_gutenberg_block_has_review":false},"product_brand":[],"product_cat":[743,733,852],"product_tag":[264],"class_list":{"0":"post-1911577","1":"product","2":"type-product","3":"status-publish","4":"has-post-thumbnail","6":"product_cat-dekontaminacja","7":"product_cat-na-zewnatrz","8":"product_cat-usuwanie-waterspotow","9":"product_tag-auto-graph","11":"first","12":"instock","13":"taxable","14":"shipping-taxable","15":"purchasable","16":"product-type-simple"},"_links":{"self":[{"href":"https:\/\/liquidmaster.pl\/en\/wp-json\/wp\/v2\/product\/1911577","targetHints":{"allow":["GET"]}}],"collection":[{"href":"https:\/\/liquidmaster.pl\/en\/wp-json\/wp\/v2\/product"}],"about":[{"href":"https:\/\/liquidmaster.pl\/en\/wp-json\/wp\/v2\/types\/product"}],"replies":[{"embeddable":true,"href":"https:\/\/liquidmaster.pl\/en\/wp-json\/wp\/v2\/comments?post=1911577"}],"wp:featuredmedia":[{"embeddable":true,"href":"https:\/\/liquidmaster.pl\/en\/wp-json\/wp\/v2\/media\/1911579"}],"wp:attachment":[{"href":"https:\/\/liquidmaster.pl\/en\/wp-json\/wp\/v2\/media?parent=1911577"}],"wp:term":[{"taxonomy":"product_brand","embeddable":true,"href":"https:\/\/liquidmaster.pl\/en\/wp-json\/wp\/v2\/product_brand?post=1911577"},{"taxonomy":"product_cat","embeddable":true,"href":"https:\/\/liquidmaster.pl\/en\/wp-json\/wp\/v2\/product_cat?post=1911577"},{"taxonomy":"product_tag","embeddable":true,"href":"https:\/\/liquidmaster.pl\/en\/wp-json\/wp\/v2\/product_tag?post=1911577"}],"curies":[{"name":"wp","href":"https:\/\/api.w.org\/{rel}","templated":true}]}}