{"id":1911332,"date":"2025-08-09T06:34:06","date_gmt":"2025-08-09T04:34:06","guid":{"rendered":"https:\/\/liquidmaster.pl\/honey-combination-sponge-170x90mm-wielozadaniowa-gabka-do-mycia-karoserii\/"},"modified":"2026-04-20T08:23:14","modified_gmt":"2026-04-20T06:23:14","slug":"honey-combination-sponge-170x90mm-wielozadaniowa-gabka-do-mycia-karoserii","status":"publish","type":"product","link":"https:\/\/liquidmaster.pl\/en\/honey-combination-sponge-170x90mm-wielozadaniowa-gabka-do-mycia-karoserii\/","title":{"rendered":"Honey Combination Sponge 170x90mm &#8211; wielozadaniowa g\u0105bka do mycia karoserii"},"content":{"rendered":"<p>G\u0105bka do mycia karoserii o podw\u00f3jnym profilu wykonana z bardzo mi\u0119kkiej piany. Produkt przeznaczony do pracy ze wszystkimi typami szampon\u00f3w, r\u00f3wnie\u017c do mycia bez sp\u0142ukiwania. Przed ka\u017cdym umyciem nale\u017cy op\u0142uka\u0107 g\u0105bk\u0119.<\/p>\n<p>Szeroko\u015b\u0107: 170mm<br \/>\nD\u0142ugo\u015b\u0107: 90mm<\/p>","protected":false},"excerpt":{"rendered":"<p>G\u0105bka do mycia karoserii o podw\u00f3jnym profilu wykonana z bardzo mi\u0119kkiej piany. Produkt przeznaczony do pracy ze wszystkimi typami szampon\u00f3w, r\u00f3wnie\u017c do mycia bez sp\u0142ukiwania. Przed ka\u017cdym umyciem nale\u017cy op\u0142uka\u0107 g\u0105bk\u0119. Szeroko\u015b\u0107: 170mm D\u0142ugo\u015b\u0107: 90mm<\/p>","protected":false},"featured_media":1848717,"comment_status":"open","ping_status":"open","template":"","meta":{"neve_meta_sidebar":"","neve_meta_container":"","neve_meta_enable_content_width":"","neve_meta_content_width":0,"neve_meta_title_alignment":"","neve_meta_author_avatar":"","neve_post_elements_order":"","neve_meta_disable_header":"","neve_meta_disable_footer":"","neve_meta_disable_title":"","_themeisle_gutenberg_block_has_review":false},"product_brand":[],"product_cat":[734,733,764],"product_tag":[304],"class_list":{"0":"post-1911332","1":"product","2":"type-product","3":"status-publish","4":"has-post-thumbnail","6":"product_cat-mycie-i-osuszanie","7":"product_cat-na-zewnatrz","8":"product_cat-rekawice-i-gabki","9":"product_tag-honey","11":"first","12":"instock","13":"taxable","14":"shipping-taxable","15":"purchasable","16":"product-type-simple"},"_links":{"self":[{"href":"https:\/\/liquidmaster.pl\/en\/wp-json\/wp\/v2\/product\/1911332","targetHints":{"allow":["GET"]}}],"collection":[{"href":"https:\/\/liquidmaster.pl\/en\/wp-json\/wp\/v2\/product"}],"about":[{"href":"https:\/\/liquidmaster.pl\/en\/wp-json\/wp\/v2\/types\/product"}],"replies":[{"embeddable":true,"href":"https:\/\/liquidmaster.pl\/en\/wp-json\/wp\/v2\/comments?post=1911332"}],"wp:featuredmedia":[{"embeddable":true,"href":"https:\/\/liquidmaster.pl\/en\/wp-json\/wp\/v2\/media\/1848717"}],"wp:attachment":[{"href":"https:\/\/liquidmaster.pl\/en\/wp-json\/wp\/v2\/media?parent=1911332"}],"wp:term":[{"taxonomy":"product_brand","embeddable":true,"href":"https:\/\/liquidmaster.pl\/en\/wp-json\/wp\/v2\/product_brand?post=1911332"},{"taxonomy":"product_cat","embeddable":true,"href":"https:\/\/liquidmaster.pl\/en\/wp-json\/wp\/v2\/product_cat?post=1911332"},{"taxonomy":"product_tag","embeddable":true,"href":"https:\/\/liquidmaster.pl\/en\/wp-json\/wp\/v2\/product_tag?post=1911332"}],"curies":[{"name":"wp","href":"https:\/\/api.w.org\/{rel}","templated":true}]}}