{"id":1911328,"date":"2025-08-09T06:32:07","date_gmt":"2025-08-09T04:32:07","guid":{"rendered":"https:\/\/liquidmaster.pl\/gyeon-q2m-silkdryer-evo-50x55cm-maly-recznik-do-osuszania\/"},"modified":"2026-04-20T08:23:13","modified_gmt":"2026-04-20T06:23:13","slug":"gyeon-q2m-silkdryer-evo-50x55cm-maly-recznik-do-osuszania","status":"publish","type":"product","link":"https:\/\/liquidmaster.pl\/en\/gyeon-q2m-silkdryer-evo-50x55cm-maly-recznik-do-osuszania\/","title":{"rendered":"GYEON Q2M SilkDryer EVO 50x55cm \u2013 small drying towel"},"content":{"rendered":"<p>The Q\u00b2M SilkDryer EVO is an updated and improved version of one of the world&#039;s most innovative drying towels. Compared to the version introduced in 2015, the EVO variant features a higher grammage of 530g\/m, resulting in a total absorbency of up to 50% higher than before.<\/p>\n<p>The edges are reduced to an absolute minimum to make the towel even more functional and safe on items with complex shapes.<br \/>\nThe Q\u00b2M SilkDryer EVO classic version does not have the GYEON logo printed on it.<\/p>","protected":false},"excerpt":{"rendered":"<p>Q\u00b2M SilkDryer EVO to zaktualizowana i ulepszona wersja jednego z najbardziej innowacyjnych r\u0119cznik\u00f3w do osuszania na \u015bwiecie. W por\u00f3wnaniu z wersj\u0105 wprowadzon\u0105 jeszcze w 2015 roku wariant EVO charakteryzuje si\u0119 wy\u017csz\u0105 gramatur\u0105 na poziomie 530g\/m dzi\u0119ki czemu ca\u0142kowita ch\u0142onno\u015b\u0107 jest do 50% wy\u017csza ni\u017c wcze\u015bniej. Kraw\u0119dzie s\u0105 zmniejszone do absolutnego minimum, aby r\u0119cznik by\u0142 jeszcze&hellip;&nbsp;<a href=\"https:\/\/liquidmaster.pl\/en\/gyeon-q2m-silkdryer-evo-50x55cm-maly-recznik-do-osuszania\/\" rel=\"bookmark\">Read More \u00bb<span class=\"screen-reader-text\">GYEON Q2M SilkDryer EVO 50x55cm \u2013 small drying towel<\/span><\/a><\/p>","protected":false},"featured_media":1848714,"comment_status":"open","ping_status":"open","template":"","meta":{"neve_meta_sidebar":"","neve_meta_container":"","neve_meta_enable_content_width":"","neve_meta_content_width":0,"neve_meta_title_alignment":"","neve_meta_author_avatar":"","neve_post_elements_order":"","neve_meta_disable_header":"","neve_meta_disable_footer":"","neve_meta_disable_title":"","_themeisle_gutenberg_block_has_review":false},"product_brand":[],"product_cat":[757,758,734,733,781],"product_tag":[302],"class_list":{"0":"post-1911328","1":"product","2":"type-product","3":"status-publish","4":"has-post-thumbnail","6":"product_cat-akcesoria","7":"product_cat-mikrofibry-i-reczniki","8":"product_cat-mycie-i-osuszanie","9":"product_cat-na-zewnatrz","10":"product_cat-reczniki-do-osuszania","11":"product_tag-gyeon","13":"first","14":"instock","15":"taxable","16":"shipping-taxable","17":"purchasable","18":"product-type-simple"},"_links":{"self":[{"href":"https:\/\/liquidmaster.pl\/en\/wp-json\/wp\/v2\/product\/1911328","targetHints":{"allow":["GET"]}}],"collection":[{"href":"https:\/\/liquidmaster.pl\/en\/wp-json\/wp\/v2\/product"}],"about":[{"href":"https:\/\/liquidmaster.pl\/en\/wp-json\/wp\/v2\/types\/product"}],"replies":[{"embeddable":true,"href":"https:\/\/liquidmaster.pl\/en\/wp-json\/wp\/v2\/comments?post=1911328"}],"wp:featuredmedia":[{"embeddable":true,"href":"https:\/\/liquidmaster.pl\/en\/wp-json\/wp\/v2\/media\/1848714"}],"wp:attachment":[{"href":"https:\/\/liquidmaster.pl\/en\/wp-json\/wp\/v2\/media?parent=1911328"}],"wp:term":[{"taxonomy":"product_brand","embeddable":true,"href":"https:\/\/liquidmaster.pl\/en\/wp-json\/wp\/v2\/product_brand?post=1911328"},{"taxonomy":"product_cat","embeddable":true,"href":"https:\/\/liquidmaster.pl\/en\/wp-json\/wp\/v2\/product_cat?post=1911328"},{"taxonomy":"product_tag","embeddable":true,"href":"https:\/\/liquidmaster.pl\/en\/wp-json\/wp\/v2\/product_tag?post=1911328"}],"curies":[{"name":"wp","href":"https:\/\/api.w.org\/{rel}","templated":true}]}}