{"id":1911326,"date":"2025-08-09T06:31:07","date_gmt":"2025-08-09T04:31:07","guid":{"rendered":"https:\/\/liquidmaster.pl\/gyeon-q2m-leatherset-natural-zestaw-do-czyszczenia-i-konserwacji-skory-typu-semi-anilina-i-nappa\/"},"modified":"2026-04-18T04:42:45","modified_gmt":"2026-04-18T02:42:45","slug":"gyeon-q2m-leatherset-natural-zestaw-do-czyszczenia-i-konserwacji-skory-typu-semi-anilina-i-nappa","status":"publish","type":"product","link":"https:\/\/liquidmaster.pl\/en\/gyeon-q2m-leatherset-natural-zestaw-do-czyszczenia-i-konserwacji-skory-typu-semi-anilina-i-nappa\/","title":{"rendered":"GYEON Q2M LeatherSet Natural \u2013 a set for cleaning and maintaining Semi-aniline and Nappa leather"},"content":{"rendered":"<p>Idealny zestaw do wyczyszczenia i zabezpieczenia tapicerki sk\u00f3rzanej typu Semi-anilina i Nappa<\/p>\n<p>Zestaw zawiera: Q\u00b2M LeatherCleaner Natural, Q\u00b2 LEATHERCOAT REDEFINED, Q\u00b2M MF Applicator, Q\u00b2M ScrubPad, Mikrofibra<\/p>\n<p>Q\u00b2M LeatherCleaner Natural<br \/>\nJest bezpiecznym, pH neutralnym \u015brodkiem czyszcz\u0105cym do wszystkich rodzaj\u00f3w sk\u00f3r wyst\u0119puj\u0105cych we wsp\u00f3\u0142czesnych samochodach. Opracowali\u015bmy go specjalnie dla luksusowych i sportowych samochod\u00f3w z delikatnymi tapicerkami z nappy lub semi-aniliny. Oczywi\u015bcie mo\u017cna go u\u017cywa\u0107 na ka\u017cdego rodzaju wsp\u00f3\u0142czesnej tapicerce sk\u00f3rzanej. Jest doskona\u0142ym produktem przygotowuj\u0105cym sk\u00f3r\u0119 do aplikacji pow\u0142oki. Opracowany wsp\u00f3lnie z topowymi Q\u00b2 LeatherShield EVO &#038; Q\u00b2 LeatherCoat redefined. Usuwa lekkie zabrudzenia, t\u0142uste osady, a nawet delikatne przebarwienia. W przeciwie\u0144stwie do innych produkt\u00f3w tej kategorii nie zawiera zmi\u0119kczaczy i konserwant\u00f3w, pozostawiaj\u0105c powierzchni\u0119 gotow\u0105 do aplikacji pow\u0142oki.<\/p>\n<p>Q\u00b2 LEATHERCOAT REDEFINED<br \/>\nJest bardzo \u0142atwy w u\u017cyciu, wymaga jedynie w\u0142a\u015bciwego czyszczenia sk\u00f3ry przed aplikacj\u0105, aby zapewni\u0107 odpowiednie wi\u0105zanie. Po prostu spryskaj mikrofibr\u0119 lub aplikator i wetrzyj tworz\u0105c r\u00f3wn\u0105 warstw\u0119. Z trwa\u0142o\u015bci\u0105 do 3 miesi\u0119cy, ta hydrofobowa pow\u0142oka zapewnia ochron\u0119 przed p\u0142ynami, potem, brudem i przenikaniem barwnik\u00f3w z jeans\u00f3w i ubra\u0144, kt\u00f3re mog\u0105 odbarwi\u0107 lub zaplami\u0107 sk\u00f3r\u0119.<\/p>","protected":false},"excerpt":{"rendered":"<p>Idealny zestaw do wyczyszczenia i zabezpieczenia tapicerki sk\u00f3rzanej typu Semi-anilina i Nappa Zestaw zawiera: Q\u00b2M LeatherCleaner Natural, Q\u00b2 LEATHERCOAT REDEFINED, Q\u00b2M MF Applicator, Q\u00b2M ScrubPad, Mikrofibra Q\u00b2M LeatherCleaner Natural Jest bezpiecznym, pH neutralnym \u015brodkiem czyszcz\u0105cym do wszystkich rodzaj\u00f3w sk\u00f3r wyst\u0119puj\u0105cych we wsp\u00f3\u0142czesnych samochodach. Opracowali\u015bmy go specjalnie dla luksusowych i sportowych samochod\u00f3w z delikatnymi tapicerkami z&hellip;&nbsp;<a href=\"https:\/\/liquidmaster.pl\/en\/gyeon-q2m-leatherset-natural-zestaw-do-czyszczenia-i-konserwacji-skory-typu-semi-anilina-i-nappa\/\" rel=\"bookmark\">Read More \u00bb<span class=\"screen-reader-text\">GYEON Q2M LeatherSet Natural \u2013 a set for cleaning and maintaining Semi-aniline and Nappa leather<\/span><\/a><\/p>","protected":false},"featured_media":1848704,"comment_status":"open","ping_status":"open","template":"","meta":{"neve_meta_sidebar":"","neve_meta_container":"","neve_meta_enable_content_width":"","neve_meta_content_width":0,"neve_meta_title_alignment":"","neve_meta_author_avatar":"","neve_post_elements_order":"","neve_meta_disable_header":"","neve_meta_disable_footer":"","neve_meta_disable_title":"","_themeisle_gutenberg_block_has_review":false},"product_brand":[],"product_cat":[816,768,829],"product_tag":[302],"class_list":{"0":"post-1911326","1":"product","2":"type-product","3":"status-publish","4":"has-post-thumbnail","6":"product_cat-tapicerka-skorzana","7":"product_cat-wnetrze-auta","8":"product_cat-zestawy","9":"product_tag-gyeon","11":"first","12":"instock","13":"taxable","14":"shipping-taxable","15":"purchasable","16":"product-type-simple"},"_links":{"self":[{"href":"https:\/\/liquidmaster.pl\/en\/wp-json\/wp\/v2\/product\/1911326","targetHints":{"allow":["GET"]}}],"collection":[{"href":"https:\/\/liquidmaster.pl\/en\/wp-json\/wp\/v2\/product"}],"about":[{"href":"https:\/\/liquidmaster.pl\/en\/wp-json\/wp\/v2\/types\/product"}],"replies":[{"embeddable":true,"href":"https:\/\/liquidmaster.pl\/en\/wp-json\/wp\/v2\/comments?post=1911326"}],"wp:featuredmedia":[{"embeddable":true,"href":"https:\/\/liquidmaster.pl\/en\/wp-json\/wp\/v2\/media\/1848704"}],"wp:attachment":[{"href":"https:\/\/liquidmaster.pl\/en\/wp-json\/wp\/v2\/media?parent=1911326"}],"wp:term":[{"taxonomy":"product_brand","embeddable":true,"href":"https:\/\/liquidmaster.pl\/en\/wp-json\/wp\/v2\/product_brand?post=1911326"},{"taxonomy":"product_cat","embeddable":true,"href":"https:\/\/liquidmaster.pl\/en\/wp-json\/wp\/v2\/product_cat?post=1911326"},{"taxonomy":"product_tag","embeddable":true,"href":"https:\/\/liquidmaster.pl\/en\/wp-json\/wp\/v2\/product_tag?post=1911326"}],"curies":[{"name":"wp","href":"https:\/\/api.w.org\/{rel}","templated":true}]}}