{"id":1911322,"date":"2025-08-09T06:29:05","date_gmt":"2025-08-09T04:29:05","guid":{"rendered":"https:\/\/liquidmaster.pl\/gyeon-q2m-bathe-500ml-szampon-z-sio2\/"},"modified":"2026-04-20T08:23:12","modified_gmt":"2026-04-20T06:23:12","slug":"gyeon-q2m-bathe-500ml-szampon-z-sio2","status":"publish","type":"product","link":"https:\/\/liquidmaster.pl\/en\/gyeon-q2m-bathe-500ml-szampon-z-sio2\/","title":{"rendered":"GYEON Q2M Bathe+ 500ml &#8211; szampon z Sio2"},"content":{"rendered":"<p>Q\u00b2M Bathe+ jest pierwszym na \u015bwiecie pH neutralnym szamponem zawieraj\u0105cym SiO\u2082. Teraz w nowym opakowaniu i pojemno\u015bci! Nawet szybkie mycie pozostawia hydrofobow\u0105 warstw\u0119, odpychaj\u0105c\u0105 wod\u0119, brud i odraczaj\u0105c\u0105 konieczno\u015b\u0107 kolejnego mycia. Samo mycie to czysta przyjemno\u015b\u0107, z powodu \u015blisko\u015bci i zapachu szamponu, tak charakterystycznego dla ca\u0142ej gamy Gyeon.<\/p>\n<p>\u0141ATWY W U\u017bYCIU I PIERWSZY NA \u015aWIECIE SZAMPON Z SiO\u2082 I NATYCHMIASTOW\u0104 HYDROFOBIZACJ\u0104<\/p>\n<p>W kategorii produkt\u00f3w wszystko-w-jednym Q\u00b2M Bathe+ mo\u017cna og\u0142osi\u0107 rewolucyjnym! Szybkie mycie wystarcza do osi\u0105gni\u0119cia wspania\u0142ego efektu hydrofobowego i \u0142atwo\u015bci piel\u0119gnacji na nast\u0119pnych kilka tygodni. Jest fenomenalnym rozwi\u0105zaniem na okres zimowy, kiedy mycie staje si\u0119 ci\u0119\u017csze, a podbicie w\u0142a\u015bciwo\u015bci hydrofobowych poprawia komfort utrzymania samochodu w nale\u017cytej kondycji.<\/p>\n<p>Q\u00b2M Bathe+ jest perfekcyjnie bezpieczny na wszystkich powierzchniach, wliczaj\u0105c w to lakier, felgi, szk\u0142o i plastiki. Nadaje natychmiastowej ochrony go\u0142ym powierzchniom lub podbija w\u0142a\u015bciwo\u015bci pow\u0142oki kwarcowej, kt\u00f3r\u0105 s\u0105 zabezpieczone. Mo\u017ce by\u0107 tak\u017ce u\u017cywany na naturalnych woskach czy sealantach podbijaj\u0105c ich po\u0142ysk i \u017cywotno\u015b\u0107. Aktywny sk\u0142adnik SiO\u2082 nadaje prawdziwej ochrony, kt\u00f3r\u0105 zaobserwujesz przy ka\u017cdym myciu, w przeciwie\u0144stwie do efektu wi\u0119kszo\u015bci &#8222;szampon\u00f3w z woskiem&#8221;. Bathe+ pozostawia Ci\u0119 z hydrofobowo\u015bci\u0105 i w\u0142a\u015bciwo\u015bciami samooczyszczania, kt\u00f3ra aktywnie utrzymuje Tw\u00f3j samoch\u00f3d d\u0142u\u017cej w czysto\u015bci.<\/p>\n<p>Capacity 500ml<\/p>\n<p>\u00a0<\/p>","protected":false},"excerpt":{"rendered":"<p>Q\u00b2M Bathe+ jest pierwszym na \u015bwiecie pH neutralnym szamponem zawieraj\u0105cym SiO\u2082. Teraz w nowym opakowaniu i pojemno\u015bci! Nawet szybkie mycie pozostawia hydrofobow\u0105 warstw\u0119, odpychaj\u0105c\u0105 wod\u0119, brud i odraczaj\u0105c\u0105 konieczno\u015b\u0107 kolejnego mycia. Samo mycie to czysta przyjemno\u015b\u0107, z powodu \u015blisko\u015bci i zapachu szamponu, tak charakterystycznego dla ca\u0142ej gamy Gyeon. \u0141ATWY W U\u017bYCIU I PIERWSZY NA \u015aWIECIE&hellip;&nbsp;<a href=\"https:\/\/liquidmaster.pl\/en\/gyeon-q2m-bathe-500ml-szampon-z-sio2\/\" rel=\"bookmark\">Read More \u00bb<span class=\"screen-reader-text\">GYEON Q2M Bathe+ 500ml &#8211; szampon z Sio2<\/span><\/a><\/p>","protected":false},"featured_media":1848700,"comment_status":"open","ping_status":"open","template":"","meta":{"neve_meta_sidebar":"","neve_meta_container":"","neve_meta_enable_content_width":"","neve_meta_content_width":0,"neve_meta_title_alignment":"","neve_meta_author_avatar":"","neve_post_elements_order":"","neve_meta_disable_header":"","neve_meta_disable_footer":"","neve_meta_disable_title":"","_themeisle_gutenberg_block_has_review":false},"product_brand":[],"product_cat":[734,733,740],"product_tag":[302],"class_list":{"0":"post-1911322","1":"product","2":"type-product","3":"status-publish","4":"has-post-thumbnail","6":"product_cat-mycie-i-osuszanie","7":"product_cat-na-zewnatrz","8":"product_cat-szampony-mycie-i-osuszanie","9":"product_tag-gyeon","11":"first","12":"instock","13":"taxable","14":"shipping-taxable","15":"purchasable","16":"product-type-simple"},"_links":{"self":[{"href":"https:\/\/liquidmaster.pl\/en\/wp-json\/wp\/v2\/product\/1911322","targetHints":{"allow":["GET"]}}],"collection":[{"href":"https:\/\/liquidmaster.pl\/en\/wp-json\/wp\/v2\/product"}],"about":[{"href":"https:\/\/liquidmaster.pl\/en\/wp-json\/wp\/v2\/types\/product"}],"replies":[{"embeddable":true,"href":"https:\/\/liquidmaster.pl\/en\/wp-json\/wp\/v2\/comments?post=1911322"}],"wp:featuredmedia":[{"embeddable":true,"href":"https:\/\/liquidmaster.pl\/en\/wp-json\/wp\/v2\/media\/1848700"}],"wp:attachment":[{"href":"https:\/\/liquidmaster.pl\/en\/wp-json\/wp\/v2\/media?parent=1911322"}],"wp:term":[{"taxonomy":"product_brand","embeddable":true,"href":"https:\/\/liquidmaster.pl\/en\/wp-json\/wp\/v2\/product_brand?post=1911322"},{"taxonomy":"product_cat","embeddable":true,"href":"https:\/\/liquidmaster.pl\/en\/wp-json\/wp\/v2\/product_cat?post=1911322"},{"taxonomy":"product_tag","embeddable":true,"href":"https:\/\/liquidmaster.pl\/en\/wp-json\/wp\/v2\/product_tag?post=1911322"}],"curies":[{"name":"wp","href":"https:\/\/api.w.org\/{rel}","templated":true}]}}