{"id":1911078,"date":"2025-08-07T07:44:06","date_gmt":"2025-08-07T05:44:06","guid":{"rendered":"https:\/\/liquidmaster.pl\/chemical-guys-946ml-dilution-bottle-pusta-butelka-do-rozcienczania\/"},"modified":"2026-04-16T01:54:55","modified_gmt":"2026-04-15T23:54:55","slug":"chemical-guys-946ml-dilution-bottle-pusta-butelka-do-rozcienczania","status":"publish","type":"product","link":"https:\/\/liquidmaster.pl\/en\/chemical-guys-946ml-dilution-bottle-pusta-butelka-do-rozcienczania\/","title":{"rendered":"Chemical Guys 946ml Dilution Bottle - empty dilution bottle"},"content":{"rendered":"<p>If you are a professional detailer or an enthusiast who mixes and dilutes chemicals, you will need bottles. These bottles will store and spray 946ml of your favorite chemicals. Buy your favorite Chemical Guys products in bulk, then pour them into a clean bottle and get to work! The 946ml capacity is the same as all other products sold by Chemical Guys, but you have the freedom to mix your own custom dilutions for target values that will save you even more money. Skip the measuring cups, turn the bottle onto the printed dilution ratio chart for easier mixing. Pour your preferred chemical into the desired dilution factor line printed on the side, then fill to the top with clean, filtered water. The atomizer included with these bottles is the same product you know and have used with other Chemical Guys products. Chemical Guys bottles have printed labels to increase your safety. Allows you to easily label the bottle with the product name and indicate any potential hazards and precautions to ensure a safer working environment.<\/p>","protected":false},"excerpt":{"rendered":"<p>Je\u015bli jeste\u015b profesjonalnym detailerem lub entuzjast\u0105,\u00a0kt\u00f3ry miesza i rozcie\u0144cza chemikalia, b\u0119dziesz potrzebowa\u0142 butelek. Te\u00a0butelki\u00a0przechowaj\u0105 i rozpyl\u0105 946ml Twoich ulubionych \u015brodk\u00f3w chemicznych. Kup swoje ulubione produkty Chemical Guys w du\u017cych pojemno\u015bciach, a nast\u0119pnie wlej je do czystej butelki i zabierz si\u0119 do pracy! Pojemno\u015b\u0107 946ml jest taka sama jak wszystkich innych\u00a0produkt\u00f3w sprzedawanych przez Chemical Guys, ale&hellip;&nbsp;<a href=\"https:\/\/liquidmaster.pl\/en\/chemical-guys-946ml-dilution-bottle-pusta-butelka-do-rozcienczania\/\" rel=\"bookmark\">Read More \u00bb<span class=\"screen-reader-text\">Chemical Guys 946ml Dilution Bottle - empty dilution bottle<\/span><\/a><\/p>","protected":false},"featured_media":1847149,"comment_status":"open","ping_status":"open","template":"","meta":{"neve_meta_sidebar":"","neve_meta_container":"","neve_meta_enable_content_width":"","neve_meta_content_width":0,"neve_meta_title_alignment":"","neve_meta_author_avatar":"","neve_post_elements_order":"","neve_meta_disable_header":"","neve_meta_disable_footer":"","neve_meta_disable_title":"","_themeisle_gutenberg_block_has_review":false},"product_brand":[],"product_cat":[757,811],"product_tag":[278],"class_list":{"0":"post-1911078","1":"product","2":"type-product","3":"status-publish","4":"has-post-thumbnail","6":"product_cat-akcesoria","7":"product_cat-pozostale-akcesoria","8":"product_tag-chemical-guys","10":"first","11":"outofstock","12":"taxable","13":"shipping-taxable","14":"purchasable","15":"product-type-simple"},"_links":{"self":[{"href":"https:\/\/liquidmaster.pl\/en\/wp-json\/wp\/v2\/product\/1911078","targetHints":{"allow":["GET"]}}],"collection":[{"href":"https:\/\/liquidmaster.pl\/en\/wp-json\/wp\/v2\/product"}],"about":[{"href":"https:\/\/liquidmaster.pl\/en\/wp-json\/wp\/v2\/types\/product"}],"replies":[{"embeddable":true,"href":"https:\/\/liquidmaster.pl\/en\/wp-json\/wp\/v2\/comments?post=1911078"}],"wp:featuredmedia":[{"embeddable":true,"href":"https:\/\/liquidmaster.pl\/en\/wp-json\/wp\/v2\/media\/1847149"}],"wp:attachment":[{"href":"https:\/\/liquidmaster.pl\/en\/wp-json\/wp\/v2\/media?parent=1911078"}],"wp:term":[{"taxonomy":"product_brand","embeddable":true,"href":"https:\/\/liquidmaster.pl\/en\/wp-json\/wp\/v2\/product_brand?post=1911078"},{"taxonomy":"product_cat","embeddable":true,"href":"https:\/\/liquidmaster.pl\/en\/wp-json\/wp\/v2\/product_cat?post=1911078"},{"taxonomy":"product_tag","embeddable":true,"href":"https:\/\/liquidmaster.pl\/en\/wp-json\/wp\/v2\/product_tag?post=1911078"}],"curies":[{"name":"wp","href":"https:\/\/api.w.org\/{rel}","templated":true}]}}