{"id":1911074,"date":"2025-08-07T07:42:06","date_gmt":"2025-08-07T05:42:06","guid":{"rendered":"https:\/\/liquidmaster.pl\/evoxa-hdq12-mala-polerka-mimosrodowa-dual-action\/"},"modified":"2026-04-20T08:09:51","modified_gmt":"2026-04-20T06:09:51","slug":"evoxa-hdq12-mala-polerka-mimosrodowa-dual-action","status":"publish","type":"product","link":"https:\/\/liquidmaster.pl\/en\/evoxa-hdq12-mala-polerka-mimosrodowa-dual-action\/","title":{"rendered":"Evoxa HDQ12 - a small Dual Action eccentric polisher"},"content":{"rendered":"<p>Evoxa HDQ12 \u2013 a very small Dual Action eccentric polisher with a stroke of 12 mm.\u00a0<\/p>\n<ul>\n<li>Power: 550 W<\/li>\n<li>Speed regulation with stabilization and soft start: 3200 \u2013 7200 OPM<\/li>\n<li>NSK bearings<\/li>\n<li>5 m soft power cord<\/li>\n<li>Plate diameter: 75 mm<\/li>\n<li>Thread 5\/16&quot; UNF<\/li>\n<li>Weight: 1.6 kg<\/li>\n<\/ul>","protected":false},"excerpt":{"rendered":"<p>Evoxa\u00a0HDQ12 \u2013 bardzo ma\u0142a polerka mimo\u015brodowa Dual Action o skoku 12 mm.\u00a0 Moc: 550 W. Regulacja obrot\u00f3w ze stabilizacj\u0105 i mi\u0119kkim startem: 3200 &#8211; 7200 OPM \u0141o\u017cyska NSK Mi\u0119kki przew\u00f3d zasilaj\u0105cy o d\u0142ugo\u015bci 5 m \u015arednica talerza: 75 mm Ggwint 5\/16\u201d UNF Waga: 1,6 kg<\/p>","protected":false},"featured_media":1847145,"comment_status":"open","ping_status":"open","template":"","meta":{"neve_meta_sidebar":"","neve_meta_container":"","neve_meta_enable_content_width":"","neve_meta_content_width":0,"neve_meta_title_alignment":"","neve_meta_author_avatar":"","neve_post_elements_order":"","neve_meta_disable_header":"","neve_meta_disable_footer":"","neve_meta_disable_title":"","_themeisle_gutenberg_block_has_review":false},"product_brand":[],"product_cat":[807,806,748],"product_tag":[290],"class_list":{"0":"post-1911074","1":"product","2":"type-product","3":"status-publish","4":"has-post-thumbnail","6":"product_cat-maszyny-dual-action","7":"product_cat-maszyny-polerskie","8":"product_cat-polerowanie","9":"product_tag-evoxa","11":"first","12":"outofstock","13":"taxable","14":"shipping-taxable","15":"purchasable","16":"product-type-simple"},"_links":{"self":[{"href":"https:\/\/liquidmaster.pl\/en\/wp-json\/wp\/v2\/product\/1911074","targetHints":{"allow":["GET"]}}],"collection":[{"href":"https:\/\/liquidmaster.pl\/en\/wp-json\/wp\/v2\/product"}],"about":[{"href":"https:\/\/liquidmaster.pl\/en\/wp-json\/wp\/v2\/types\/product"}],"replies":[{"embeddable":true,"href":"https:\/\/liquidmaster.pl\/en\/wp-json\/wp\/v2\/comments?post=1911074"}],"wp:featuredmedia":[{"embeddable":true,"href":"https:\/\/liquidmaster.pl\/en\/wp-json\/wp\/v2\/media\/1847145"}],"wp:attachment":[{"href":"https:\/\/liquidmaster.pl\/en\/wp-json\/wp\/v2\/media?parent=1911074"}],"wp:term":[{"taxonomy":"product_brand","embeddable":true,"href":"https:\/\/liquidmaster.pl\/en\/wp-json\/wp\/v2\/product_brand?post=1911074"},{"taxonomy":"product_cat","embeddable":true,"href":"https:\/\/liquidmaster.pl\/en\/wp-json\/wp\/v2\/product_cat?post=1911074"},{"taxonomy":"product_tag","embeddable":true,"href":"https:\/\/liquidmaster.pl\/en\/wp-json\/wp\/v2\/product_tag?post=1911074"}],"curies":[{"name":"wp","href":"https:\/\/api.w.org\/{rel}","templated":true}]}}