{"id":1910156,"date":"2025-08-03T18:22:06","date_gmt":"2025-08-03T16:22:06","guid":{"rendered":"https:\/\/liquidmaster.pl\/zestaw-benbow-103050\/"},"modified":"2026-04-18T04:51:14","modified_gmt":"2026-04-18T02:51:14","slug":"zestaw-benbow-103050","status":"publish","type":"product","link":"https:\/\/liquidmaster.pl\/en\/zestaw-benbow-103050\/","title":{"rendered":"Zestaw BenBow 103+050"},"content":{"rendered":"<p>Wyj\u0105tkowy zestaw promocyjny!\u00a0<\/p>\n<p>BenBow 103+050 teraz w atrakcyjnej cenie.<\/p>\n<p>\u00a0<\/p>\n<p>Pistolet PRO pior\u0105cy czyszcz\u0105cy Black BenBow 103<\/p>\n<p>BenBow PRO Cleaning Gun Premium\u00a0to pistolet do czyszczenia tworzyw sztucznych, tapicerki, dywanik\u00f3w samochodowych, a tak\u017ce silnika i wn\u0119k drzwi.<\/p>\n<p>To fantastyczne urz\u0105dzenie, dzi\u0119ki kt\u00f3remu szybko wyczy\u015bcicie wn\u0119trze samochodu bez szczotkowania. Urz\u0105dzenie posiada zbiornik na chemi\u0119, kt\u00f3ra podawana jest pod ci\u015bnieniem na czyszczon\u0105 powierzchni\u0119.<\/p>\n<p>Cleaning Gun Premium\u00a0posiada metalow\u0105 rurk\u0119 na \u0142o\u017cysku, kt\u00f3ra podaje spr\u0119\u017cone powietrze, dzi\u0119ki czemu urz\u0105dzenie jest jeszcze mocniejsze od wersji klasycznej z plastikowym w\u0119\u017cykiem.<\/p>\n<p>Seria produkt\u00f3w\u00a0BenBow PRO\u00a0zosta\u0142a stworzona dla\u00a0profesjonalist\u00f3w.\u00a0Zastosowane materia\u0142y s\u0105 najwy\u017cszej jako\u015bci, a proces produkcyjny przebiega z nale\u017cyt\u0105 staranno\u015bci\u0105.<\/p>\n<p>\u00a0<\/p>\n<p>Pistolet do przedmuchiwania Classic BenBow 50<\/p>\n<p>Delivery range:<\/p>\n<ul>\n<li>Classic 050 BenBow Blow Gun<\/li>\n<li>Venturi nozzle<\/li>\n<li>Adapter<\/li>\n<\/ul>\n<p>Product Characteristics:<\/p>\n<p>More air \u2013 Due to the well-known physical action of the Venturi nozzle, the gun produces significantly more air (up to 100%) than the compressor delivers. This is especially beneficial when you need to quickly clean multiple surfaces, such as delicate components that should not be touched.<\/p>\n<p>Dry Your Car Easily \u2013 This air blower gun makes it much easier to dry a larger area of your car than a regular air blower. This is due to the high airflow coming out of the air blower nozzle at a lower pressure.<\/p>\n<p>Versatile Uses \u2013 This compressed air gun isn&#039;t just for cleaning cars or blowing shavings off machinery. It can also be used for cleaning workshops or surfaces that can&#039;t be swept or mopped. The air brush does produce some noise during operation, so wearing protective equipment such as earplugs is recommended.<\/p>\n<p>Durable construction \u2013 the housing is made of aluminum. The pneumatic blow gun is designed to operate at pressures of 6 to 9.2 bar. Designed for long-term use. Air flow: 180-230 l\/min<\/p>\n<p>\u00a0<\/p>\n<p>\u00a0<\/p>\n<p>Oferta wa\u017cna do\u00a0ko\u0144ca sierpnia lub do wyczerpania zapas\u00f3w.<\/p>\n<p>\u00a0<\/p>","protected":false},"excerpt":{"rendered":"<p>Wyj\u0105tkowy zestaw promocyjny!\u00a0 BenBow 103+050 teraz w atrakcyjnej cenie. \u00a0 Pistolet PRO pior\u0105cy czyszcz\u0105cy Black BenBow 103 BenBow PRO Cleaning Gun Premium\u00a0to pistolet do czyszczenia tworzyw sztucznych, tapicerki, dywanik\u00f3w samochodowych, a tak\u017ce silnika i wn\u0119k drzwi. To fantastyczne urz\u0105dzenie, dzi\u0119ki kt\u00f3remu szybko wyczy\u015bcicie wn\u0119trze samochodu bez szczotkowania. Urz\u0105dzenie posiada zbiornik na chemi\u0119, kt\u00f3ra podawana jest&hellip;&nbsp;<a href=\"https:\/\/liquidmaster.pl\/en\/zestaw-benbow-103050\/\" rel=\"bookmark\">Read More \u00bb<span class=\"screen-reader-text\">Zestaw BenBow 103+050<\/span><\/a><\/p>","protected":false},"featured_media":1910158,"comment_status":"open","ping_status":"open","template":"","meta":{"neve_meta_sidebar":"","neve_meta_container":"","neve_meta_enable_content_width":"","neve_meta_content_width":0,"neve_meta_title_alignment":"","neve_meta_author_avatar":"","neve_post_elements_order":"","neve_meta_disable_header":"","neve_meta_disable_footer":"","neve_meta_disable_title":"","_themeisle_gutenberg_block_has_review":false},"product_brand":[],"product_cat":[757,942,846],"product_tag":[268],"class_list":{"0":"post-1910156","1":"product","2":"type-product","3":"status-publish","4":"has-post-thumbnail","6":"product_cat-akcesoria","7":"product_cat-pneumatyczne-pistolety-czyszczace","8":"product_cat-reszta","9":"product_tag-benbow","11":"first","12":"instock","13":"taxable","14":"shipping-taxable","15":"purchasable","16":"product-type-simple"},"_links":{"self":[{"href":"https:\/\/liquidmaster.pl\/en\/wp-json\/wp\/v2\/product\/1910156","targetHints":{"allow":["GET"]}}],"collection":[{"href":"https:\/\/liquidmaster.pl\/en\/wp-json\/wp\/v2\/product"}],"about":[{"href":"https:\/\/liquidmaster.pl\/en\/wp-json\/wp\/v2\/types\/product"}],"replies":[{"embeddable":true,"href":"https:\/\/liquidmaster.pl\/en\/wp-json\/wp\/v2\/comments?post=1910156"}],"wp:featuredmedia":[{"embeddable":true,"href":"https:\/\/liquidmaster.pl\/en\/wp-json\/wp\/v2\/media\/1910158"}],"wp:attachment":[{"href":"https:\/\/liquidmaster.pl\/en\/wp-json\/wp\/v2\/media?parent=1910156"}],"wp:term":[{"taxonomy":"product_brand","embeddable":true,"href":"https:\/\/liquidmaster.pl\/en\/wp-json\/wp\/v2\/product_brand?post=1910156"},{"taxonomy":"product_cat","embeddable":true,"href":"https:\/\/liquidmaster.pl\/en\/wp-json\/wp\/v2\/product_cat?post=1910156"},{"taxonomy":"product_tag","embeddable":true,"href":"https:\/\/liquidmaster.pl\/en\/wp-json\/wp\/v2\/product_tag?post=1910156"}],"curies":[{"name":"wp","href":"https:\/\/api.w.org\/{rel}","templated":true}]}}