{"id":1910147,"date":"2025-08-03T18:16:06","date_gmt":"2025-08-03T16:16:06","guid":{"rendered":"https:\/\/liquidmaster.pl\/benbow-000780-czarne-wiadro-detailingowe-20l-z-czarnym-separatorem\/"},"modified":"2026-04-18T04:51:11","modified_gmt":"2026-04-18T02:51:11","slug":"benbow-000780-czarne-wiadro-detailingowe-20l-z-czarnym-separatorem","status":"publish","type":"product","link":"https:\/\/liquidmaster.pl\/en\/benbow-000780-czarne-wiadro-detailingowe-20l-z-czarnym-separatorem\/","title":{"rendered":"BenBow 000780 \u2013 20L black detailing bucket with black separator"},"content":{"rendered":"<p>Czarne wiadro Benbow o pojemno\u015bci 20 litr\u00f3w to solidne narz\u0119dzie do mycia pojazd\u00f3w, stworzone z my\u015bl\u0105 o profesjonalistach oraz pasjonatach detailingu. W zestawie znajduje si\u0119 czarny separator, kt\u00f3ry skutecznie oddziela zanieczyszczenia od czystej wody, zapewniaj\u0105c maksymaln\u0105 ochron\u0119 lakieru przed mikrozarysowaniami.<\/p>\n<p>Dzi\u0119ki wytrzyma\u0142ej konstrukcji, du\u017cej pojemno\u015bci oraz praktycznym funkcjom, wiadro \u015bwietnie sprawdzi si\u0119 zar\u00f3wno w gara\u017cu, jak i w warsztacie lub u\u017cytku domowym.<\/p>\n<p>Key features<\/p>\n<ul>\n<li>Solidne wykonanie: wykonane z grubego, odpornego na uszkodzenia plastiku, idealne do wielokrotnego u\u017cytku.<\/li>\n<li>Separator zanieczyszcze\u0144: czarny separator oddziela brud od czystej wody, chroni\u0105c powierzchni\u0119 lakieru przed zarysowaniami.<\/li>\n<li>Uniwersalne zastosowanie: sprawdzi si\u0119 podczas mycia samochodu, motocykla, w domu, warsztacie czy ogrodzie.<\/li>\n<li>Stabilno\u015b\u0107 i mobilno\u015b\u0107: p\u0142askie dno zapewnia stabilne ustawienie, a mocny uchwyt u\u0142atwia przenoszenie nawet pe\u0142nego wiadra.<\/li>\n<li>Design premium: elegancki, czarny kolor i estetyczne wyko\u0144czenie pasuj\u0105 do ka\u017cdego stanowiska detailingowego.<\/li>\n<\/ul>\n<p>Materia\u0142:\u00a0Gruby, wytrzyma\u0142y plastik<br \/>\nPojemno\u015b\u0107: 20 litr\u00f3w (5 galon\u00f3w)<br \/>\nWymiary: 26,3 x 38 x 31,3 cm<br \/>\nWeight: 1 kg<\/p>","protected":false},"excerpt":{"rendered":"<p>Czarne wiadro Benbow o pojemno\u015bci 20 litr\u00f3w to solidne narz\u0119dzie do mycia pojazd\u00f3w, stworzone z my\u015bl\u0105 o profesjonalistach oraz pasjonatach detailingu. W zestawie znajduje si\u0119 czarny separator, kt\u00f3ry skutecznie oddziela zanieczyszczenia od czystej wody, zapewniaj\u0105c maksymaln\u0105 ochron\u0119 lakieru przed mikrozarysowaniami. Dzi\u0119ki wytrzyma\u0142ej konstrukcji, du\u017cej pojemno\u015bci oraz praktycznym funkcjom, wiadro \u015bwietnie sprawdzi si\u0119 zar\u00f3wno w gara\u017cu,&hellip;&nbsp;<a href=\"https:\/\/liquidmaster.pl\/en\/benbow-000780-czarne-wiadro-detailingowe-20l-z-czarnym-separatorem\/\" rel=\"bookmark\">Read More \u00bb<span class=\"screen-reader-text\">BenBow 000780 \u2013 20L black detailing bucket with black separator<\/span><\/a><\/p>","protected":false},"featured_media":1910149,"comment_status":"open","ping_status":"open","template":"","meta":{"neve_meta_sidebar":"","neve_meta_container":"","neve_meta_enable_content_width":"","neve_meta_content_width":0,"neve_meta_title_alignment":"","neve_meta_author_avatar":"","neve_post_elements_order":"","neve_meta_disable_header":"","neve_meta_disable_footer":"","neve_meta_disable_title":"","_themeisle_gutenberg_block_has_review":false},"product_brand":[],"product_cat":[734,733,782],"product_tag":[268],"class_list":{"0":"post-1910147","1":"product","2":"type-product","3":"status-publish","4":"has-post-thumbnail","6":"product_cat-mycie-i-osuszanie","7":"product_cat-na-zewnatrz","8":"product_cat-wiadra-i-separatory","9":"product_tag-benbow","11":"first","12":"instock","13":"taxable","14":"shipping-taxable","15":"purchasable","16":"product-type-simple"},"_links":{"self":[{"href":"https:\/\/liquidmaster.pl\/en\/wp-json\/wp\/v2\/product\/1910147","targetHints":{"allow":["GET"]}}],"collection":[{"href":"https:\/\/liquidmaster.pl\/en\/wp-json\/wp\/v2\/product"}],"about":[{"href":"https:\/\/liquidmaster.pl\/en\/wp-json\/wp\/v2\/types\/product"}],"replies":[{"embeddable":true,"href":"https:\/\/liquidmaster.pl\/en\/wp-json\/wp\/v2\/comments?post=1910147"}],"wp:featuredmedia":[{"embeddable":true,"href":"https:\/\/liquidmaster.pl\/en\/wp-json\/wp\/v2\/media\/1910149"}],"wp:attachment":[{"href":"https:\/\/liquidmaster.pl\/en\/wp-json\/wp\/v2\/media?parent=1910147"}],"wp:term":[{"taxonomy":"product_brand","embeddable":true,"href":"https:\/\/liquidmaster.pl\/en\/wp-json\/wp\/v2\/product_brand?post=1910147"},{"taxonomy":"product_cat","embeddable":true,"href":"https:\/\/liquidmaster.pl\/en\/wp-json\/wp\/v2\/product_cat?post=1910147"},{"taxonomy":"product_tag","embeddable":true,"href":"https:\/\/liquidmaster.pl\/en\/wp-json\/wp\/v2\/product_tag?post=1910147"}],"curies":[{"name":"wp","href":"https:\/\/api.w.org\/{rel}","templated":true}]}}