{"id":1910144,"date":"2025-08-03T18:14:06","date_gmt":"2025-08-03T16:14:06","guid":{"rendered":"https:\/\/liquidmaster.pl\/oximo-wcp250300\/"},"modified":"2026-04-19T03:39:27","modified_gmt":"2026-04-19T01:39:27","slug":"oximo-wcp250300","status":"publish","type":"product","link":"https:\/\/liquidmaster.pl\/en\/oximo-wcp250300-2\/","title":{"rendered":"Oximo WCP250300"},"content":{"rendered":"<p>Oximo WCP250300 &#8211; komplet dedykowanych wycieraczek na przedni\u0105 szyb\u0119:<\/p>\n<ul>\n<li>strona kierowcy &#8211; 750 mm<\/li>\n<li>strona pasa\u017cera &#8211; 700 mm<\/li>\n<\/ul>\n<p>Custom windshield wiper blades, tailored in length and mounting to a specific vehicle model. Made from a rubber blend with added silicone, they ensure effective water collection and quiet operation. The resilient blade, embedded in the wiper body, is made of durable, fully galvanized high-carbon steel for long-lasting and effective corrosion protection. The mounting adapter in this version is factory-compatible and designed for one arm type, making installation much easier. The set includes a driver&#039;s and passenger&#039;s wiper blade.<\/p>\n<p>Advantages of Oximo dedicated wipers:<\/p>\n<ul>\n<li>modern hingeless design<\/li>\n<li>dedicated and non-replaceable handle compatible with the factory one<\/li>\n<li>very good quality\/price ratio<\/li>\n<li>collecting eraser with silicone<\/li>\n<li>quiet operation<\/li>\n<li>high quality to price ratio<\/li>\n<li>easy assembly<\/li>\n<\/ul>","protected":false},"excerpt":{"rendered":"<p>Oximo WCP250300 &#8211; komplet dedykowanych wycieraczek na przedni\u0105 szyb\u0119: strona kierowcy &#8211; 750 mm strona pasa\u017cera &#8211; 700 mm Wycieraczki niestandardowe na przedni\u0105 szyb\u0119, dopasowane d\u0142ugo\u015bci\u0105 i mocowaniem do konkretnego modelu auta. Stworzone z mieszanki gumy z dodatkiem silikonu zapewniaj\u0105 skuteczne zbieranie wody oraz cich\u0105 prac\u0119. Spr\u0119\u017cysta listwa, osadzona w korpusie wycieraczki, zosta\u0142a wykonana z&hellip;&nbsp;<a href=\"https:\/\/liquidmaster.pl\/en\/oximo-wcp250300-2\/\" rel=\"bookmark\">Read More \u00bb<span class=\"screen-reader-text\">Oximo WCP250300<\/span><\/a><\/p>","protected":false},"featured_media":1910146,"comment_status":"open","ping_status":"open","template":"","meta":{"neve_meta_sidebar":"","neve_meta_container":"","neve_meta_enable_content_width":"","neve_meta_content_width":0,"neve_meta_title_alignment":"","neve_meta_author_avatar":"","neve_post_elements_order":"","neve_meta_disable_header":"","neve_meta_disable_footer":"","neve_meta_disable_title":"","_themeisle_gutenberg_block_has_review":false},"product_brand":[],"product_cat":[757,846],"product_tag":[],"class_list":{"0":"post-1910144","1":"product","2":"type-product","3":"status-publish","4":"has-post-thumbnail","6":"product_cat-akcesoria","7":"product_cat-reszta","9":"first","10":"instock","11":"taxable","12":"shipping-taxable","13":"purchasable","14":"product-type-simple"},"_links":{"self":[{"href":"https:\/\/liquidmaster.pl\/en\/wp-json\/wp\/v2\/product\/1910144","targetHints":{"allow":["GET"]}}],"collection":[{"href":"https:\/\/liquidmaster.pl\/en\/wp-json\/wp\/v2\/product"}],"about":[{"href":"https:\/\/liquidmaster.pl\/en\/wp-json\/wp\/v2\/types\/product"}],"replies":[{"embeddable":true,"href":"https:\/\/liquidmaster.pl\/en\/wp-json\/wp\/v2\/comments?post=1910144"}],"wp:featuredmedia":[{"embeddable":true,"href":"https:\/\/liquidmaster.pl\/en\/wp-json\/wp\/v2\/media\/1910146"}],"wp:attachment":[{"href":"https:\/\/liquidmaster.pl\/en\/wp-json\/wp\/v2\/media?parent=1910144"}],"wp:term":[{"taxonomy":"product_brand","embeddable":true,"href":"https:\/\/liquidmaster.pl\/en\/wp-json\/wp\/v2\/product_brand?post=1910144"},{"taxonomy":"product_cat","embeddable":true,"href":"https:\/\/liquidmaster.pl\/en\/wp-json\/wp\/v2\/product_cat?post=1910144"},{"taxonomy":"product_tag","embeddable":true,"href":"https:\/\/liquidmaster.pl\/en\/wp-json\/wp\/v2\/product_tag?post=1910144"}],"curies":[{"name":"wp","href":"https:\/\/api.w.org\/{rel}","templated":true}]}}