{"id":1910135,"date":"2025-08-03T18:11:05","date_gmt":"2025-08-03T16:11:05","guid":{"rendered":"https:\/\/liquidmaster.pl\/oximo-wc3504751\/"},"modified":"2026-04-19T03:39:25","modified_gmt":"2026-04-19T01:39:25","slug":"oximo-wc3504751","status":"publish","type":"product","link":"https:\/\/liquidmaster.pl\/en\/oximo-wc3504751-2\/","title":{"rendered":"Oximo WC3504751"},"content":{"rendered":"<p>A set of two windshield wiper blades. Wiper blade length: 650 mm on the driver&#039;s side and 525 mm on the passenger&#039;s side. They feature a dedicated mount that matches the specific car model and year, making installation much easier. These wipers feature a frameless design with an integrated spoiler. The blades are made of a rubber blend with added silicone and a PTFE (Teflon) coating for effective water removal from the windshield and quiet, long-lasting operation. The metal parts are made of durable steel, fully galvanized to protect against corrosion.<\/p>\n<ul>\n<li>Front wipers<\/li>\n<li>Set: WC3504751\u00a0<\/li>\n<li>Driver: 650mm \/ 26\u2033<\/li>\n<li>Passenger: 525 mm \/ 21\u2033<\/li>\n<li>C1-Type mounting type<\/li>\n<\/ul>\n<p>Characteristics:<\/p>\n<ul>\n<li>Wiper blade made of natural rubber with added silicone and a PTFE layer<\/li>\n<li>The modern design guarantees even pressure and perfect adjustment to the curvature of the glass.<\/li>\n<li>Plastic elements \u2013 high-quality polyethylene and polycarbonate alloy<\/li>\n<li>Metal elements made of galvanized steel for long-term and effective protection against corrosion<\/li>\n<\/ul>\n<p>\u00a0<\/p>","protected":false},"excerpt":{"rendered":"<p>Komplet wycieraczek (2 szt.) na przedni\u0105 szyb\u0119. D\u0142ugo\u015b\u0107 wycieraczki: 650 mm po stronie kierowcy i 525 mm po stronie pasa\u017cera. Posiadaj\u0105 dedykowane mocowanie pasuj\u0105ce do konkretnego modelu i rocznika samochodu, co znacznie u\u0142atwia ich monta\u017c. Wycieraczki o konstrukcji bezszkieletowej ze zintegrowanym spojlerem. Pi\u00f3ra stworzone z mieszanki gumy z dodatkiem silikonu oraz warstwy PTFE (teflon) zapewniaj\u0105&hellip;&nbsp;<a href=\"https:\/\/liquidmaster.pl\/en\/oximo-wc3504751-2\/\" rel=\"bookmark\">Read More \u00bb<span class=\"screen-reader-text\">Oximo WC3504751<\/span><\/a><\/p>","protected":false},"featured_media":1910137,"comment_status":"open","ping_status":"open","template":"","meta":{"neve_meta_sidebar":"","neve_meta_container":"","neve_meta_enable_content_width":"","neve_meta_content_width":0,"neve_meta_title_alignment":"","neve_meta_author_avatar":"","neve_post_elements_order":"","neve_meta_disable_header":"","neve_meta_disable_footer":"","neve_meta_disable_title":"","_themeisle_gutenberg_block_has_review":false},"product_brand":[],"product_cat":[757,846],"product_tag":[],"class_list":{"0":"post-1910135","1":"product","2":"type-product","3":"status-publish","4":"has-post-thumbnail","6":"product_cat-akcesoria","7":"product_cat-reszta","9":"first","10":"instock","11":"taxable","12":"shipping-taxable","13":"purchasable","14":"product-type-simple"},"_links":{"self":[{"href":"https:\/\/liquidmaster.pl\/en\/wp-json\/wp\/v2\/product\/1910135","targetHints":{"allow":["GET"]}}],"collection":[{"href":"https:\/\/liquidmaster.pl\/en\/wp-json\/wp\/v2\/product"}],"about":[{"href":"https:\/\/liquidmaster.pl\/en\/wp-json\/wp\/v2\/types\/product"}],"replies":[{"embeddable":true,"href":"https:\/\/liquidmaster.pl\/en\/wp-json\/wp\/v2\/comments?post=1910135"}],"wp:featuredmedia":[{"embeddable":true,"href":"https:\/\/liquidmaster.pl\/en\/wp-json\/wp\/v2\/media\/1910137"}],"wp:attachment":[{"href":"https:\/\/liquidmaster.pl\/en\/wp-json\/wp\/v2\/media?parent=1910135"}],"wp:term":[{"taxonomy":"product_brand","embeddable":true,"href":"https:\/\/liquidmaster.pl\/en\/wp-json\/wp\/v2\/product_brand?post=1910135"},{"taxonomy":"product_cat","embeddable":true,"href":"https:\/\/liquidmaster.pl\/en\/wp-json\/wp\/v2\/product_cat?post=1910135"},{"taxonomy":"product_tag","embeddable":true,"href":"https:\/\/liquidmaster.pl\/en\/wp-json\/wp\/v2\/product_tag?post=1910135"}],"curies":[{"name":"wp","href":"https:\/\/api.w.org\/{rel}","templated":true}]}}