{"id":1910126,"date":"2025-08-03T18:08:06","date_gmt":"2025-08-03T16:08:06","guid":{"rendered":"https:\/\/liquidmaster.pl\/flexipads-aplikator-polerski-3-kolorowy\/"},"modified":"2026-04-18T04:51:08","modified_gmt":"2026-04-18T02:51:08","slug":"flexipads-aplikator-polerski-3-kolorowy","status":"publish","type":"product","link":"https:\/\/liquidmaster.pl\/en\/flexipads-aplikator-polerski-3-kolorowy\/","title":{"rendered":"Flexipads 3-Color Polishing Applicator"},"content":{"rendered":"<p>Pro Applicators to wszechstronne aplikatory dwustronne, stworzone z my\u015bl\u0105 o skutecznym i precyzyjnym nanoszeniu produkt\u00f3w na r\u00f3\u017cne powierzchnie, zar\u00f3wno na zewn\u0105trz, jak i wewn\u0105trz pojazdu.<\/p>\n<p>Product features:<\/p>\n<ul>\n<li>Strona \u017c\u00f3\u0142ta (scrub) \u2013 lekko szorstka, przeznaczona do delikatnej korekty lakieru (light compounding) oraz czyszczenia powierzchni, takich jak sk\u00f3ra we wn\u0119trzu pojazdu.<\/li>\n<li>Strona czarna (fine) \u2013 g\u0142adka, idealna do polerowania na wysoki po\u0142ysk, a tak\u017ce do aplikacji sealant\u00f3w i wosk\u00f3w oraz od\u017cywek do sk\u00f3ry.<\/li>\n<li>Uniwersalne zastosowanie \u2013 do prac na lakierze, szkle, elementach wn\u0119trza, a tak\u017ce do czyszczenia i piel\u0119gnacji tapicerki sk\u00f3rzanej.<\/li>\n<\/ul>\n<p>Profesjonalne narz\u0119dzie dla detailer\u00f3w i pasjonat\u00f3w motoryzacji \u2013 precyzja, skuteczno\u015b\u0107 i komfort pracy w jednym!<\/p>","protected":false},"excerpt":{"rendered":"<p>Pro Applicators to wszechstronne aplikatory dwustronne, stworzone z my\u015bl\u0105 o skutecznym i precyzyjnym nanoszeniu produkt\u00f3w na r\u00f3\u017cne powierzchnie, zar\u00f3wno na zewn\u0105trz, jak i wewn\u0105trz pojazdu. Cechy produktu: Strona \u017c\u00f3\u0142ta (scrub) \u2013 lekko szorstka, przeznaczona do delikatnej korekty lakieru (light compounding) oraz czyszczenia powierzchni, takich jak sk\u00f3ra we wn\u0119trzu pojazdu. Strona czarna (fine) \u2013 g\u0142adka, idealna&hellip;&nbsp;<a href=\"https:\/\/liquidmaster.pl\/en\/flexipads-aplikator-polerski-3-kolorowy\/\" rel=\"bookmark\">Read More \u00bb<span class=\"screen-reader-text\">Flexipads 3-Color Polishing Applicator<\/span><\/a><\/p>","protected":false},"featured_media":1910128,"comment_status":"open","ping_status":"open","template":"","meta":{"neve_meta_sidebar":"","neve_meta_container":"","neve_meta_enable_content_width":"","neve_meta_content_width":0,"neve_meta_title_alignment":"","neve_meta_author_avatar":"","neve_post_elements_order":"","neve_meta_disable_header":"","neve_meta_disable_footer":"","neve_meta_disable_title":"","_themeisle_gutenberg_block_has_review":false},"product_brand":[],"product_cat":[822,748,905],"product_tag":[293],"class_list":{"0":"post-1910126","1":"product","2":"type-product","3":"status-publish","4":"has-post-thumbnail","6":"product_cat-pady-polerskie","7":"product_cat-polerowanie","8":"product_cat-polerowanie-reczne","9":"product_tag-flexipads","11":"first","12":"instock","13":"taxable","14":"shipping-taxable","15":"purchasable","16":"product-type-simple"},"_links":{"self":[{"href":"https:\/\/liquidmaster.pl\/en\/wp-json\/wp\/v2\/product\/1910126","targetHints":{"allow":["GET"]}}],"collection":[{"href":"https:\/\/liquidmaster.pl\/en\/wp-json\/wp\/v2\/product"}],"about":[{"href":"https:\/\/liquidmaster.pl\/en\/wp-json\/wp\/v2\/types\/product"}],"replies":[{"embeddable":true,"href":"https:\/\/liquidmaster.pl\/en\/wp-json\/wp\/v2\/comments?post=1910126"}],"wp:featuredmedia":[{"embeddable":true,"href":"https:\/\/liquidmaster.pl\/en\/wp-json\/wp\/v2\/media\/1910128"}],"wp:attachment":[{"href":"https:\/\/liquidmaster.pl\/en\/wp-json\/wp\/v2\/media?parent=1910126"}],"wp:term":[{"taxonomy":"product_brand","embeddable":true,"href":"https:\/\/liquidmaster.pl\/en\/wp-json\/wp\/v2\/product_brand?post=1910126"},{"taxonomy":"product_cat","embeddable":true,"href":"https:\/\/liquidmaster.pl\/en\/wp-json\/wp\/v2\/product_cat?post=1910126"},{"taxonomy":"product_tag","embeddable":true,"href":"https:\/\/liquidmaster.pl\/en\/wp-json\/wp\/v2\/product_tag?post=1910126"}],"curies":[{"name":"wp","href":"https:\/\/api.w.org\/{rel}","templated":true}]}}