{"id":1910123,"date":"2025-08-03T17:42:06","date_gmt":"2025-08-03T15:42:06","guid":{"rendered":"https:\/\/liquidmaster.pl\/kwazar-opryskiwacz-xi6-viton-bialy-6l-opryskiwacz-do-agresywnej-chemii\/"},"modified":"2026-04-20T08:32:09","modified_gmt":"2026-04-20T06:32:09","slug":"kwazar-opryskiwacz-xi6-viton-bialy-6l-opryskiwacz-do-agresywnej-chemii","status":"publish","type":"product","link":"https:\/\/liquidmaster.pl\/en\/kwazar-opryskiwacz-xi6-viton-bialy-6l-opryskiwacz-do-agresywnej-chemii\/","title":{"rendered":"KWAZAR Opryskiwacz Xi6 Viton Bia\u0142y 6L &#8211; opryskiwacz do agresywnej chemii"},"content":{"rendered":"<p>KWAZAR Viton Xi6 &#8211; to opryskiwacz przeznaczony do aplikacji agresywnych \u015brodk\u00f3w chemicznych, kt\u00f3ry jest odporny na substancje najcz\u0119\u015bciej stosowane w budownictwie, przemy\u015ble drogowym, przemy\u015ble naftowym (np. podczas aplikacji \u015brodk\u00f3w ropopochodnych).<\/p>\n<ul>\n<li>Znajduje zastosowanie m.in. w myjniach samochodowych, czy warsztatach mechanicznych.<\/li>\n<li>Zaw\u00f3r bezpiecze\u0144stwa zabezpiecza urz\u0105dzenie przed nagromadzeniem wy\u017cszego ni\u017c dopuszczalne ci\u015bnienia wewn\u0105trz zbiornika, chroni\u0105c tym samym r\u00f3wnie\u017c u\u017cytkownika.<\/li>\n<li>35-centymetrowa lanca opryskiwacza zako\u0144czona jest dysz\u0105 regulowan\u0105 pozwalaj\u0105c\u0105 kontrolowa\u0107 stopie\u0144 rozpylenia cieczy.<\/li>\n<li>Opryskiwacz posiada wygodny pasek naramienny.<\/li>\n<\/ul>\n<p>Pojemno\u015b\u0107 6 L<\/p>\n<p>\u00a0<\/p>","protected":false},"excerpt":{"rendered":"<p>KWAZAR Viton Xi6 &#8211; to opryskiwacz przeznaczony do aplikacji agresywnych \u015brodk\u00f3w chemicznych, kt\u00f3ry jest odporny na substancje najcz\u0119\u015bciej stosowane w budownictwie, przemy\u015ble drogowym, przemy\u015ble naftowym (np. podczas aplikacji \u015brodk\u00f3w ropopochodnych). Znajduje zastosowanie m.in. w myjniach samochodowych, czy warsztatach mechanicznych. Zaw\u00f3r bezpiecze\u0144stwa zabezpiecza urz\u0105dzenie przed nagromadzeniem wy\u017cszego ni\u017c dopuszczalne ci\u015bnienia wewn\u0105trz zbiornika, chroni\u0105c tym samym r\u00f3wnie\u017c&hellip;&nbsp;<a href=\"https:\/\/liquidmaster.pl\/en\/kwazar-opryskiwacz-xi6-viton-bialy-6l-opryskiwacz-do-agresywnej-chemii\/\" rel=\"bookmark\">Read More \u00bb<span class=\"screen-reader-text\">KWAZAR Opryskiwacz Xi6 Viton Bia\u0142y 6L &#8211; opryskiwacz do agresywnej chemii<\/span><\/a><\/p>","protected":false},"featured_media":1910125,"comment_status":"open","ping_status":"open","template":"","meta":{"neve_meta_sidebar":"","neve_meta_container":"","neve_meta_enable_content_width":"","neve_meta_content_width":0,"neve_meta_title_alignment":"","neve_meta_author_avatar":"","neve_post_elements_order":"","neve_meta_disable_header":"","neve_meta_disable_footer":"","neve_meta_disable_title":"","_themeisle_gutenberg_block_has_review":false},"product_brand":[],"product_cat":[757,811],"product_tag":[315],"class_list":{"0":"post-1910123","1":"product","2":"type-product","3":"status-publish","4":"has-post-thumbnail","6":"product_cat-akcesoria","7":"product_cat-pozostale-akcesoria","8":"product_tag-kwazar","10":"first","11":"instock","12":"taxable","13":"shipping-taxable","14":"purchasable","15":"product-type-simple"},"_links":{"self":[{"href":"https:\/\/liquidmaster.pl\/en\/wp-json\/wp\/v2\/product\/1910123","targetHints":{"allow":["GET"]}}],"collection":[{"href":"https:\/\/liquidmaster.pl\/en\/wp-json\/wp\/v2\/product"}],"about":[{"href":"https:\/\/liquidmaster.pl\/en\/wp-json\/wp\/v2\/types\/product"}],"replies":[{"embeddable":true,"href":"https:\/\/liquidmaster.pl\/en\/wp-json\/wp\/v2\/comments?post=1910123"}],"wp:featuredmedia":[{"embeddable":true,"href":"https:\/\/liquidmaster.pl\/en\/wp-json\/wp\/v2\/media\/1910125"}],"wp:attachment":[{"href":"https:\/\/liquidmaster.pl\/en\/wp-json\/wp\/v2\/media?parent=1910123"}],"wp:term":[{"taxonomy":"product_brand","embeddable":true,"href":"https:\/\/liquidmaster.pl\/en\/wp-json\/wp\/v2\/product_brand?post=1910123"},{"taxonomy":"product_cat","embeddable":true,"href":"https:\/\/liquidmaster.pl\/en\/wp-json\/wp\/v2\/product_cat?post=1910123"},{"taxonomy":"product_tag","embeddable":true,"href":"https:\/\/liquidmaster.pl\/en\/wp-json\/wp\/v2\/product_tag?post=1910123"}],"curies":[{"name":"wp","href":"https:\/\/api.w.org\/{rel}","templated":true}]}}