{"id":1910120,"date":"2025-08-03T17:39:06","date_gmt":"2025-08-03T15:39:06","guid":{"rendered":"https:\/\/liquidmaster.pl\/kwazar-opryskiwacz-orion-super-air-hd-alka-line-6l-opryskiwacz-do-produktow-zasadowych\/"},"modified":"2026-04-18T04:50:54","modified_gmt":"2026-04-18T02:50:54","slug":"kwazar-opryskiwacz-orion-super-air-hd-alka-line-6l-opryskiwacz-do-produktow-zasadowych","status":"publish","type":"product","link":"https:\/\/liquidmaster.pl\/en\/kwazar-opryskiwacz-orion-super-air-hd-alka-line-6l-opryskiwacz-do-produktow-zasadowych\/","title":{"rendered":"KWAZAR Opryskiwacz Orion Super Air HD Alka Line 6L &#8211; opryskiwacz do produkt\u00f3w zasadowych"},"content":{"rendered":"<p>Opryskiwacz z serii Heavy Duty o podwy\u017cszonej odporno\u015bci chemicznej przeznaczony do aplikacji \u015brodk\u00f3w o odczynie zasadowym, szeroko stosowanych m.in. w warsztatach, w przemy\u015ble, w przetw\u00f3rstwie \u017cywno\u015bci. Doskonale sprawdzi si\u0119 przy sprz\u0105taniu, czyszczeniu i dezynfekcji powierzchni, czyszczeniu pomieszcze\u0144 sanitarnych i szpitalnych, czyszczeniu konstrukcji<br \/>\nstalowych na statkach, element\u00f3w samolot\u00f3w, myciu pod\u0142\u00f3g, \u015bcian, elewacji w halach produkcyjnych, magazynach, obiektach przemys\u0142owych, odt\u0142uszczaniu narz\u0119dzi i silnik\u00f3w, usuwaniu olej\u00f3w, t\u0142uszczu, sadzy w kuchniach przemys\u0142owych. Posiada uszczelnienia EPDM. Opryskiwacz jest wyposa\u017cony w przy\u0142\u0105cze kompresorowe, dzi\u0119ki czemu mo\u017cna szybko i \u0142atwo uzupe\u0142ni\u0107 ci\u015bnienie w zbiorniku bez konieczno\u015bci r\u0119cznego pompowania. Do napompowania opryskiwacza wystarczy zwyk\u0142y kompresor warsztatowy i pistolet do pompowania k\u00f3\u0142.<\/p>\n<p>CHARACTERISTICS:<\/p>\n<ul>\n<li>przy\u0142\u0105cze kompresorowe &#8211; szybkie i \u0142atwe uzupe\u0142nianie ci\u015bnienia<\/li>\n<li>lanca z w\u0142\u00f3kna szklanego &#8211; d\u0142ugo\u015b\u0107 50cm<\/li>\n<li>wygodny lejek &#8211; wygodne wlewanie p\u0142yn\u00f3w<\/li>\n<li>zaw\u00f3r bezpiecze\u0144stwa &#8211; kontrola ci\u015bnienia<\/li>\n<li>pasek poziomu cieczy &#8211; \u0142atwe dozowanie i kontrolowanie poziomu p\u0142ynu<\/li>\n<li>wygodny pas no\u015bny &#8211; komfort u\u017cytkowania podczas d\u0142ugotrwa\u0142ej pracy<\/li>\n<li>pier\u015bcie\u0144 stabilizuj\u0105cy &#8211; stabilizacja i ochrona zbiornika przed uszkodzeniem<\/li>\n<\/ul>\n<p>Pojemno\u015b\u0107 6 L<\/p>","protected":false},"excerpt":{"rendered":"<p>Opryskiwacz z serii Heavy Duty o podwy\u017cszonej odporno\u015bci chemicznej przeznaczony do aplikacji \u015brodk\u00f3w o odczynie zasadowym, szeroko stosowanych m.in. w warsztatach, w przemy\u015ble, w przetw\u00f3rstwie \u017cywno\u015bci. Doskonale sprawdzi si\u0119 przy sprz\u0105taniu, czyszczeniu i dezynfekcji powierzchni, czyszczeniu pomieszcze\u0144 sanitarnych i szpitalnych, czyszczeniu konstrukcji stalowych na statkach, element\u00f3w samolot\u00f3w, myciu pod\u0142\u00f3g, \u015bcian, elewacji w halach produkcyjnych, magazynach,&hellip;&nbsp;<a href=\"https:\/\/liquidmaster.pl\/en\/kwazar-opryskiwacz-orion-super-air-hd-alka-line-6l-opryskiwacz-do-produktow-zasadowych\/\" rel=\"bookmark\">Read More \u00bb<span class=\"screen-reader-text\">KWAZAR Opryskiwacz Orion Super Air HD Alka Line 6L &#8211; opryskiwacz do produkt\u00f3w zasadowych<\/span><\/a><\/p>","protected":false},"featured_media":1910122,"comment_status":"open","ping_status":"open","template":"","meta":{"neve_meta_sidebar":"","neve_meta_container":"","neve_meta_enable_content_width":"","neve_meta_content_width":0,"neve_meta_title_alignment":"","neve_meta_author_avatar":"","neve_post_elements_order":"","neve_meta_disable_header":"","neve_meta_disable_footer":"","neve_meta_disable_title":"","_themeisle_gutenberg_block_has_review":false},"product_brand":[],"product_cat":[757,811],"product_tag":[315],"class_list":{"0":"post-1910120","1":"product","2":"type-product","3":"status-publish","4":"has-post-thumbnail","6":"product_cat-akcesoria","7":"product_cat-pozostale-akcesoria","8":"product_tag-kwazar","10":"first","11":"instock","12":"taxable","13":"shipping-taxable","14":"purchasable","15":"product-type-simple"},"_links":{"self":[{"href":"https:\/\/liquidmaster.pl\/en\/wp-json\/wp\/v2\/product\/1910120","targetHints":{"allow":["GET"]}}],"collection":[{"href":"https:\/\/liquidmaster.pl\/en\/wp-json\/wp\/v2\/product"}],"about":[{"href":"https:\/\/liquidmaster.pl\/en\/wp-json\/wp\/v2\/types\/product"}],"replies":[{"embeddable":true,"href":"https:\/\/liquidmaster.pl\/en\/wp-json\/wp\/v2\/comments?post=1910120"}],"wp:featuredmedia":[{"embeddable":true,"href":"https:\/\/liquidmaster.pl\/en\/wp-json\/wp\/v2\/media\/1910122"}],"wp:attachment":[{"href":"https:\/\/liquidmaster.pl\/en\/wp-json\/wp\/v2\/media?parent=1910120"}],"wp:term":[{"taxonomy":"product_brand","embeddable":true,"href":"https:\/\/liquidmaster.pl\/en\/wp-json\/wp\/v2\/product_brand?post=1910120"},{"taxonomy":"product_cat","embeddable":true,"href":"https:\/\/liquidmaster.pl\/en\/wp-json\/wp\/v2\/product_cat?post=1910120"},{"taxonomy":"product_tag","embeddable":true,"href":"https:\/\/liquidmaster.pl\/en\/wp-json\/wp\/v2\/product_tag?post=1910120"}],"curies":[{"name":"wp","href":"https:\/\/api.w.org\/{rel}","templated":true}]}}