{"id":1910111,"date":"2025-08-03T17:32:05","date_gmt":"2025-08-03T15:32:05","guid":{"rendered":"https:\/\/liquidmaster.pl\/malco-system-i-dozownik-na-4-produkty\/"},"modified":"2026-04-20T08:32:06","modified_gmt":"2026-04-20T06:32:06","slug":"malco-system-i-dozownik-na-4-produkty","status":"publish","type":"product","link":"https:\/\/liquidmaster.pl\/en\/malco-system-i-dozownik-na-4-produkty\/","title":{"rendered":"Malco System I 4-product dispenser"},"content":{"rendered":"<p>Dozownik Systemu I z czterema przyciskami doskonale nadaje si\u0119 do mieszania r\u00f3\u017cnych rozcie\u0144cze\u0144 tych samych \u015brodk\u00f3w czyszcz\u0105cych, myj\u0105cych, odt\u0142uszczaj\u0105cych i dressing\u00f3w lub do mieszania czterech r\u00f3\u017cnych produkt\u00f3w ze sob\u0105.<\/p>","protected":false},"excerpt":{"rendered":"<p>Dozownik Systemu I z czterema przyciskami doskonale nadaje si\u0119 do mieszania r\u00f3\u017cnych rozcie\u0144cze\u0144 tych samych \u015brodk\u00f3w czyszcz\u0105cych, myj\u0105cych, odt\u0142uszczaj\u0105cych i dressing\u00f3w lub do mieszania czterech r\u00f3\u017cnych produkt\u00f3w ze sob\u0105.<\/p>","protected":false},"featured_media":1910113,"comment_status":"open","ping_status":"open","template":"","meta":{"neve_meta_sidebar":"","neve_meta_container":"","neve_meta_enable_content_width":"","neve_meta_content_width":0,"neve_meta_title_alignment":"","neve_meta_author_avatar":"","neve_post_elements_order":"","neve_meta_disable_header":"","neve_meta_disable_footer":"","neve_meta_disable_title":"","_themeisle_gutenberg_block_has_review":false},"product_brand":[],"product_cat":[757,846,891],"product_tag":[],"class_list":{"0":"post-1910111","1":"product","2":"type-product","3":"status-publish","4":"has-post-thumbnail","6":"product_cat-akcesoria","7":"product_cat-reszta","8":"product_cat-urzadzenia","10":"first","11":"outofstock","12":"taxable","13":"shipping-taxable","14":"purchasable","15":"product-type-simple"},"_links":{"self":[{"href":"https:\/\/liquidmaster.pl\/en\/wp-json\/wp\/v2\/product\/1910111","targetHints":{"allow":["GET"]}}],"collection":[{"href":"https:\/\/liquidmaster.pl\/en\/wp-json\/wp\/v2\/product"}],"about":[{"href":"https:\/\/liquidmaster.pl\/en\/wp-json\/wp\/v2\/types\/product"}],"replies":[{"embeddable":true,"href":"https:\/\/liquidmaster.pl\/en\/wp-json\/wp\/v2\/comments?post=1910111"}],"wp:featuredmedia":[{"embeddable":true,"href":"https:\/\/liquidmaster.pl\/en\/wp-json\/wp\/v2\/media\/1910113"}],"wp:attachment":[{"href":"https:\/\/liquidmaster.pl\/en\/wp-json\/wp\/v2\/media?parent=1910111"}],"wp:term":[{"taxonomy":"product_brand","embeddable":true,"href":"https:\/\/liquidmaster.pl\/en\/wp-json\/wp\/v2\/product_brand?post=1910111"},{"taxonomy":"product_cat","embeddable":true,"href":"https:\/\/liquidmaster.pl\/en\/wp-json\/wp\/v2\/product_cat?post=1910111"},{"taxonomy":"product_tag","embeddable":true,"href":"https:\/\/liquidmaster.pl\/en\/wp-json\/wp\/v2\/product_tag?post=1910111"}],"curies":[{"name":"wp","href":"https:\/\/api.w.org\/{rel}","templated":true}]}}