{"id":1910105,"date":"2025-08-03T17:30:07","date_gmt":"2025-08-03T15:30:07","guid":{"rendered":"https:\/\/liquidmaster.pl\/malco-mat-clamp-uchwyt-scienny-na-dywaniki\/"},"modified":"2026-04-18T04:50:51","modified_gmt":"2026-04-18T02:50:51","slug":"malco-mat-clamp-uchwyt-scienny-na-dywaniki","status":"publish","type":"product","link":"https:\/\/liquidmaster.pl\/en\/malco-mat-clamp-uchwyt-scienny-na-dywaniki\/","title":{"rendered":"Malco Mat Clamp &#8211; uchwyt \u015bcienny na dywaniki"},"content":{"rendered":"<p>Wieszak na maty Malco to profesjonalny, wytrzyma\u0142y zacisk aluminiowy, idealny do wieszania dywanik\u00f3w samochodowych w celu ich wyczyszczenia i wysuszenia.<\/p>","protected":false},"excerpt":{"rendered":"<p>Wieszak na maty Malco to profesjonalny, wytrzyma\u0142y zacisk aluminiowy, idealny do wieszania dywanik\u00f3w samochodowych w celu ich wyczyszczenia i wysuszenia.<\/p>","protected":false},"featured_media":1910107,"comment_status":"open","ping_status":"open","template":"","meta":{"neve_meta_sidebar":"","neve_meta_container":"","neve_meta_enable_content_width":"","neve_meta_content_width":0,"neve_meta_title_alignment":"","neve_meta_author_avatar":"","neve_post_elements_order":"","neve_meta_disable_header":"","neve_meta_disable_footer":"","neve_meta_disable_title":"","_themeisle_gutenberg_block_has_review":false},"product_brand":[],"product_cat":[757,893,846],"product_tag":[],"class_list":{"0":"post-1910105","1":"product","2":"type-product","3":"status-publish","4":"has-post-thumbnail","6":"product_cat-akcesoria","7":"product_cat-inne","8":"product_cat-reszta","10":"first","11":"instock","12":"taxable","13":"shipping-taxable","14":"purchasable","15":"product-type-simple"},"_links":{"self":[{"href":"https:\/\/liquidmaster.pl\/en\/wp-json\/wp\/v2\/product\/1910105","targetHints":{"allow":["GET"]}}],"collection":[{"href":"https:\/\/liquidmaster.pl\/en\/wp-json\/wp\/v2\/product"}],"about":[{"href":"https:\/\/liquidmaster.pl\/en\/wp-json\/wp\/v2\/types\/product"}],"replies":[{"embeddable":true,"href":"https:\/\/liquidmaster.pl\/en\/wp-json\/wp\/v2\/comments?post=1910105"}],"wp:featuredmedia":[{"embeddable":true,"href":"https:\/\/liquidmaster.pl\/en\/wp-json\/wp\/v2\/media\/1910107"}],"wp:attachment":[{"href":"https:\/\/liquidmaster.pl\/en\/wp-json\/wp\/v2\/media?parent=1910105"}],"wp:term":[{"taxonomy":"product_brand","embeddable":true,"href":"https:\/\/liquidmaster.pl\/en\/wp-json\/wp\/v2\/product_brand?post=1910105"},{"taxonomy":"product_cat","embeddable":true,"href":"https:\/\/liquidmaster.pl\/en\/wp-json\/wp\/v2\/product_cat?post=1910105"},{"taxonomy":"product_tag","embeddable":true,"href":"https:\/\/liquidmaster.pl\/en\/wp-json\/wp\/v2\/product_tag?post=1910105"}],"curies":[{"name":"wp","href":"https:\/\/api.w.org\/{rel}","templated":true}]}}