{"id":1910099,"date":"2025-08-03T17:28:06","date_gmt":"2025-08-03T15:28:06","guid":{"rendered":"https:\/\/liquidmaster.pl\/malco-velocity-one-step-polish-and-wax-473ml-pasta-all-in-one\/"},"modified":"2026-04-20T08:32:04","modified_gmt":"2026-04-20T06:32:04","slug":"malco-velocity-one-step-polish-and-wax-473ml-pasta-all-in-one","status":"publish","type":"product","link":"https:\/\/liquidmaster.pl\/en\/malco-velocity-one-step-polish-and-wax-473ml-pasta-all-in-one\/","title":{"rendered":"Malco Velocity One-Step Polish and Wax 473ml &#8211; pasta all in one"},"content":{"rendered":"<p>VELOCITY\u2122 One-Step Polish and Wax<\/p>\n<p>Uzyskaj nieskazitelne wyko\u0144czenie dzi\u0119ki VELOCITY\u2122 One-Step Polish and Wax, najlepszemu rozwi\u0105zaniu do piel\u0119gnacji lakieru Twojego pojazdu. Ta zaawansowana, kompleksowa formu\u0142a \u0142\u0105czy w sobie usuwanie defekt\u00f3w, polerowanie na wysoki po\u0142ysk i trwa\u0142\u0105 ochron\u0119 w jednym kroku.<\/p>\n<p>Main features:<\/p>\n<ul>\n<li>Usuwanie defekt\u00f3w: Skutecznie eliminuje lekkie i \u015brednie defekty, koliste zarysowania i zarysowania.<\/li>\n<li>B\u0142yszcz\u0105ce wyko\u0144czenie: Przywraca lakierowi pojazdu g\u0142\u0119boki, lustrzany po\u0142ysk.<\/li>\n<li>D\u0142ugotrwa\u0142a ochrona: Pozostawia warstw\u0119 ochronn\u0105, kt\u00f3ra utrzymuje si\u0119 do 90 dni, chroni\u0105c przed promieniowaniem UV i szkodliwym wp\u0142ywem \u015brodowiska.<\/li>\n<li>Wszechstronne zastosowanie: Kompatybilny z aplikacj\u0105 r\u0119czn\u0105 i maszynow\u0105, dzi\u0119ki czemu jest \u0142atwy w u\u017cyciu zar\u00f3wno dla profesjonalist\u00f3w, jak i majsterkowicz\u00f3w.<\/li>\n<li>Bezproblemowe usuwanie: G\u0142adko si\u0119 \u015bciera, nie pozostawiaj\u0105c smug ani osad\u00f3w.<\/li>\n<\/ul>\n<p>Niezale\u017cnie od tego, czy chcesz poprawi\u0107 wygl\u0105d swojego pojazdu, czy zapewni\u0107 mu d\u0142ugotrwa\u0142\u0105 ochron\u0119, preparat VELOCITY\u2122 One-Step Polish and Wax za ka\u017cdym razem zapewni wyj\u0105tkowe rezultaty.<\/p>\n<p>Capacity 473 ml<\/p>","protected":false},"excerpt":{"rendered":"<p>VELOCITY\u2122 One-Step Polish and Wax Uzyskaj nieskazitelne wyko\u0144czenie dzi\u0119ki VELOCITY\u2122 One-Step Polish and Wax, najlepszemu rozwi\u0105zaniu do piel\u0119gnacji lakieru Twojego pojazdu. Ta zaawansowana, kompleksowa formu\u0142a \u0142\u0105czy w sobie usuwanie defekt\u00f3w, polerowanie na wysoki po\u0142ysk i trwa\u0142\u0105 ochron\u0119 w jednym kroku. G\u0142\u00f3wne cechy: Usuwanie defekt\u00f3w: Skutecznie eliminuje lekkie i \u015brednie defekty, koliste zarysowania i zarysowania. B\u0142yszcz\u0105ce&hellip;&nbsp;<a href=\"https:\/\/liquidmaster.pl\/en\/malco-velocity-one-step-polish-and-wax-473ml-pasta-all-in-one\/\" rel=\"bookmark\">Read More \u00bb<span class=\"screen-reader-text\">Malco Velocity One-Step Polish and Wax 473ml &#8211; pasta all in one<\/span><\/a><\/p>","protected":false},"featured_media":1910101,"comment_status":"open","ping_status":"open","template":"","meta":{"neve_meta_sidebar":"","neve_meta_container":"","neve_meta_enable_content_width":"","neve_meta_content_width":0,"neve_meta_title_alignment":"","neve_meta_author_avatar":"","neve_post_elements_order":"","neve_meta_disable_header":"","neve_meta_disable_footer":"","neve_meta_disable_title":"","_themeisle_gutenberg_block_has_review":false},"product_brand":[],"product_cat":[845,789,748],"product_tag":[],"class_list":{"0":"post-1910099","1":"product","2":"type-product","3":"status-publish","4":"has-post-thumbnail","6":"product_cat-pasty-aio","7":"product_cat-pasty-polerskie","8":"product_cat-polerowanie","10":"first","11":"outofstock","12":"taxable","13":"shipping-taxable","14":"purchasable","15":"product-type-simple"},"_links":{"self":[{"href":"https:\/\/liquidmaster.pl\/en\/wp-json\/wp\/v2\/product\/1910099","targetHints":{"allow":["GET"]}}],"collection":[{"href":"https:\/\/liquidmaster.pl\/en\/wp-json\/wp\/v2\/product"}],"about":[{"href":"https:\/\/liquidmaster.pl\/en\/wp-json\/wp\/v2\/types\/product"}],"replies":[{"embeddable":true,"href":"https:\/\/liquidmaster.pl\/en\/wp-json\/wp\/v2\/comments?post=1910099"}],"wp:featuredmedia":[{"embeddable":true,"href":"https:\/\/liquidmaster.pl\/en\/wp-json\/wp\/v2\/media\/1910101"}],"wp:attachment":[{"href":"https:\/\/liquidmaster.pl\/en\/wp-json\/wp\/v2\/media?parent=1910099"}],"wp:term":[{"taxonomy":"product_brand","embeddable":true,"href":"https:\/\/liquidmaster.pl\/en\/wp-json\/wp\/v2\/product_brand?post=1910099"},{"taxonomy":"product_cat","embeddable":true,"href":"https:\/\/liquidmaster.pl\/en\/wp-json\/wp\/v2\/product_cat?post=1910099"},{"taxonomy":"product_tag","embeddable":true,"href":"https:\/\/liquidmaster.pl\/en\/wp-json\/wp\/v2\/product_tag?post=1910099"}],"curies":[{"name":"wp","href":"https:\/\/api.w.org\/{rel}","templated":true}]}}