{"id":1910078,"date":"2025-08-03T17:17:04","date_gmt":"2025-08-03T15:17:04","guid":{"rendered":"https:\/\/liquidmaster.pl\/malco-clean-and-shine-3785l-quick-detailer-do-wnetrza\/"},"modified":"2026-04-18T04:50:46","modified_gmt":"2026-04-18T02:50:46","slug":"malco-clean-and-shine-3785l-quick-detailer-do-wnetrza","status":"publish","type":"product","link":"https:\/\/liquidmaster.pl\/en\/malco-clean-and-shine-3785l-quick-detailer-do-wnetrza\/","title":{"rendered":"Malco Clean and Shine 3,785L \u2013 quick interior detailer"},"content":{"rendered":"<p>Clean &#038; Shine\u2122 \u015arodek do czyszczenia wn\u0119trza samochodu: Idealny do sk\u00f3ry, plastiku i winylu<\/p>\n<p>Od\u015bwie\u017c i chro\u0144 wn\u0119trze swojego samochodu<\/p>\n<p>Clean &#038; Shine\u2122 to najlepsze rozwi\u0105zanie do piel\u0119gnacji wn\u0119trza Twojego pojazdu. Ten silny \u015brodek czyszcz\u0105cy i piel\u0119gnacyjny bez trudu usuwa t\u0142uszcz i brud, przywracaj\u0105c sk\u00f3rze, plastikowi i winylowi bogaty, satynowy po\u0142ysk. Jego formu\u0142a o zapachu cytryny jest delikatna, ale skuteczna, zapewniaj\u0105c nieskazitelne wyko\u0144czenie bez t\u0142ustych pozosta\u0142o\u015bci.<\/p>\n<p>Features and benefits:<\/p>\n<ul>\n<li>Jednoetapowa aplikacja: Czy\u015bci i nab\u0142yszcza w jednym prostym kroku, oszcz\u0119dzaj\u0105c czas i wysi\u0142ek.<\/li>\n<li>Przywraca wygl\u0105d jak nowy: Przywr\u00f3\u0107 wn\u0119trzu oryginalne wyko\u0144czenie OEM.<\/li>\n<li>Bez osad\u00f3w: Pozostawia powierzchnie czyste i \u015bwie\u017ce, bez t\u0142ustego lub oleistego uczucia.<\/li>\n<li>Formu\u0142a ochronna: Pomaga zapobiega\u0107 wysychaniu, blakni\u0119ciu i p\u0119kaniu, utrzymuj\u0105c powierzchnie w doskona\u0142ym stanie.<\/li>\n<li>Wszechstronne zastosowanie: Idealny do sk\u00f3ry, plastiku i winylu. Nie nadaje si\u0119 do powierzchni szklanych ani tkaninowych.<\/li>\n<\/ul>\n<p>Usage:<\/p>\n<li>Na\u0142\u00f3\u017c bezpo\u015brednio: Spryskaj powierzchni\u0119 lub czyst\u0105 \u015bciereczk\u0119 z mikrofibry.<\/li>\n<li>Wytrzyj do czysta: Delikatnie przetrzyj powierzchni\u0119, r\u00f3wnomiernie rozprowadzaj\u0105c produkt.<\/li>\n<li>Poleruj, aby uzyska\u0107 po\u0142ysk: U\u017cyj suchej cz\u0119\u015bci \u015bciereczki, aby wypolerowa\u0107 powierzchni\u0119, nadaj\u0105c jej pi\u0119kny, satynowy po\u0142ysk.<\/li>\n<p>Odmie\u0144 wn\u0119trze swojego samochodu dzi\u0119ki Clean &#038; Shine\u2122. To co\u015b wi\u0119cej ni\u017c tylko \u015brodek czyszcz\u0105cy \u2013 to Tw\u00f3j spos\u00f3b na od\u015bwie\u017cenie, jak nowy wygl\u0105d przy minimalnym wysi\u0142ku. Po\u017cegnaj t\u0142uste pozosta\u0142o\u015bci i powitaj czysty, cytrynowy po\u0142ysk!<\/p>\n<p>Capacity 3.785 L<\/p>","protected":false},"excerpt":{"rendered":"<p>Clean &#038; Shine\u2122 \u015arodek do czyszczenia wn\u0119trza samochodu: Idealny do sk\u00f3ry, plastiku i winylu Od\u015bwie\u017c i chro\u0144 wn\u0119trze swojego samochodu Clean &#038; Shine\u2122 to najlepsze rozwi\u0105zanie do piel\u0119gnacji wn\u0119trza Twojego pojazdu. Ten silny \u015brodek czyszcz\u0105cy i piel\u0119gnacyjny bez trudu usuwa t\u0142uszcz i brud, przywracaj\u0105c sk\u00f3rze, plastikowi i winylowi bogaty, satynowy po\u0142ysk. Jego formu\u0142a o zapachu&hellip;&nbsp;<a href=\"https:\/\/liquidmaster.pl\/en\/malco-clean-and-shine-3785l-quick-detailer-do-wnetrza\/\" rel=\"bookmark\">Read More \u00bb<span class=\"screen-reader-text\">Malco Clean and Shine 3,785L \u2013 quick interior detailer<\/span><\/a><\/p>","protected":false},"featured_media":1910080,"comment_status":"open","ping_status":"open","template":"","meta":{"neve_meta_sidebar":"","neve_meta_container":"","neve_meta_enable_content_width":"","neve_meta_content_width":0,"neve_meta_title_alignment":"","neve_meta_author_avatar":"","neve_post_elements_order":"","neve_meta_disable_header":"","neve_meta_disable_footer":"","neve_meta_disable_title":"","_themeisle_gutenberg_block_has_review":false},"product_brand":[],"product_cat":[803,795,768],"product_tag":[],"class_list":{"0":"post-1910078","1":"product","2":"type-product","3":"status-publish","4":"has-post-thumbnail","6":"product_cat-interior-qd","7":"product_cat-plastiki-wewnetrzne","8":"product_cat-wnetrze-auta","9":"pa_promocja-promocje","11":"first","12":"instock","13":"taxable","14":"shipping-taxable","15":"purchasable","16":"product-type-simple"},"_links":{"self":[{"href":"https:\/\/liquidmaster.pl\/en\/wp-json\/wp\/v2\/product\/1910078","targetHints":{"allow":["GET"]}}],"collection":[{"href":"https:\/\/liquidmaster.pl\/en\/wp-json\/wp\/v2\/product"}],"about":[{"href":"https:\/\/liquidmaster.pl\/en\/wp-json\/wp\/v2\/types\/product"}],"replies":[{"embeddable":true,"href":"https:\/\/liquidmaster.pl\/en\/wp-json\/wp\/v2\/comments?post=1910078"}],"wp:featuredmedia":[{"embeddable":true,"href":"https:\/\/liquidmaster.pl\/en\/wp-json\/wp\/v2\/media\/1910080"}],"wp:attachment":[{"href":"https:\/\/liquidmaster.pl\/en\/wp-json\/wp\/v2\/media?parent=1910078"}],"wp:term":[{"taxonomy":"product_brand","embeddable":true,"href":"https:\/\/liquidmaster.pl\/en\/wp-json\/wp\/v2\/product_brand?post=1910078"},{"taxonomy":"product_cat","embeddable":true,"href":"https:\/\/liquidmaster.pl\/en\/wp-json\/wp\/v2\/product_cat?post=1910078"},{"taxonomy":"product_tag","embeddable":true,"href":"https:\/\/liquidmaster.pl\/en\/wp-json\/wp\/v2\/product_tag?post=1910078"}],"curies":[{"name":"wp","href":"https:\/\/api.w.org\/{rel}","templated":true}]}}