{"id":1910072,"date":"2025-08-03T17:15:05","date_gmt":"2025-08-03T15:15:05","guid":{"rendered":"https:\/\/liquidmaster.pl\/malco-e-zee-shine-dressing-3785l-dressing-do-wnetrza-z-efektem-polysku\/"},"modified":"2026-04-20T08:31:59","modified_gmt":"2026-04-20T06:31:59","slug":"malco-e-zee-shine-dressing-3785l-dressing-do-wnetrza-z-efektem-polysku","status":"publish","type":"product","link":"https:\/\/liquidmaster.pl\/en\/malco-e-zee-shine-dressing-3785l-dressing-do-wnetrza-z-efektem-polysku\/","title":{"rendered":"Malco E-ZEE Shine dressing 3.785L \u2013 interior dressing with a gloss effect"},"content":{"rendered":"<p>E-ZEE Shine\u2122 Premium Dressing is a water-based silicone emulsion that provides exceptional shine to vinyl, rubber, leather and plastic.<\/p>\n<p>Capacity 3.785 L<\/p>","protected":false},"excerpt":{"rendered":"<p>E-ZEE Shine\u2122 Premium Dressing to silikonowo-emulsyjny \u015brodek na bazie wody, kt\u00f3ry zapewnia wyj\u0105tkowy po\u0142ysk winylowi, gumie, sk\u00f3rze i plastikowi. Pojemno\u015b\u0107 3,785 L<\/p>","protected":false},"featured_media":1910074,"comment_status":"open","ping_status":"open","template":"","meta":{"neve_meta_sidebar":"","neve_meta_container":"","neve_meta_enable_content_width":"","neve_meta_content_width":0,"neve_meta_title_alignment":"","neve_meta_author_avatar":"","neve_post_elements_order":"","neve_meta_disable_header":"","neve_meta_disable_footer":"","neve_meta_disable_title":"","_themeisle_gutenberg_block_has_review":false},"product_brand":[],"product_cat":[796,795,768],"product_tag":[],"class_list":{"0":"post-1910072","1":"product","2":"type-product","3":"status-publish","4":"has-post-thumbnail","6":"product_cat-ochrona-plastikow-wewnetrznych","7":"product_cat-plastiki-wewnetrzne","8":"product_cat-wnetrze-auta","9":"pa_promocja-promocje","11":"first","12":"instock","13":"taxable","14":"shipping-taxable","15":"purchasable","16":"product-type-simple"},"_links":{"self":[{"href":"https:\/\/liquidmaster.pl\/en\/wp-json\/wp\/v2\/product\/1910072","targetHints":{"allow":["GET"]}}],"collection":[{"href":"https:\/\/liquidmaster.pl\/en\/wp-json\/wp\/v2\/product"}],"about":[{"href":"https:\/\/liquidmaster.pl\/en\/wp-json\/wp\/v2\/types\/product"}],"replies":[{"embeddable":true,"href":"https:\/\/liquidmaster.pl\/en\/wp-json\/wp\/v2\/comments?post=1910072"}],"wp:featuredmedia":[{"embeddable":true,"href":"https:\/\/liquidmaster.pl\/en\/wp-json\/wp\/v2\/media\/1910074"}],"wp:attachment":[{"href":"https:\/\/liquidmaster.pl\/en\/wp-json\/wp\/v2\/media?parent=1910072"}],"wp:term":[{"taxonomy":"product_brand","embeddable":true,"href":"https:\/\/liquidmaster.pl\/en\/wp-json\/wp\/v2\/product_brand?post=1910072"},{"taxonomy":"product_cat","embeddable":true,"href":"https:\/\/liquidmaster.pl\/en\/wp-json\/wp\/v2\/product_cat?post=1910072"},{"taxonomy":"product_tag","embeddable":true,"href":"https:\/\/liquidmaster.pl\/en\/wp-json\/wp\/v2\/product_tag?post=1910072"}],"curies":[{"name":"wp","href":"https:\/\/api.w.org\/{rel}","templated":true}]}}