{"id":1910063,"date":"2025-08-03T17:10:07","date_gmt":"2025-08-03T15:10:07","guid":{"rendered":"https:\/\/liquidmaster.pl\/malco-water-spot-remover-591ml-produkt-od-usuwania-kamienia\/"},"modified":"2026-04-20T08:31:57","modified_gmt":"2026-04-20T06:31:57","slug":"malco-water-spot-remover-591ml-produkt-od-usuwania-kamienia","status":"publish","type":"product","link":"https:\/\/liquidmaster.pl\/en\/malco-water-spot-remover-591ml-produkt-od-usuwania-kamienia\/","title":{"rendered":"Malco Water Spot Remover 591ml &#8211; produkt od usuwania kamienia"},"content":{"rendered":"<p>\u015arodek Water Spot Remover usuwa plamy z twardej wody i osady mineralne ze szk\u0142a, chromu, stali nierdzewnej, p\u0142ytek i porcelany, pozostawiaj\u0105c l\u015bni\u0105cy po\u0142ysk bez smug.<\/p>\n<p>Pojemno\u015b\u0107 591 ml<\/p>","protected":false},"excerpt":{"rendered":"<p>\u015arodek Water Spot Remover usuwa plamy z twardej wody i osady mineralne ze szk\u0142a, chromu, stali nierdzewnej, p\u0142ytek i porcelany, pozostawiaj\u0105c l\u015bni\u0105cy po\u0142ysk bez smug. Pojemno\u015b\u0107 591 ml<\/p>","protected":false},"featured_media":1910065,"comment_status":"open","ping_status":"open","template":"","meta":{"neve_meta_sidebar":"","neve_meta_container":"","neve_meta_enable_content_width":"","neve_meta_content_width":0,"neve_meta_title_alignment":"","neve_meta_author_avatar":"","neve_post_elements_order":"","neve_meta_disable_header":"","neve_meta_disable_footer":"","neve_meta_disable_title":"","_themeisle_gutenberg_block_has_review":false},"product_brand":[],"product_cat":[743,733,852],"product_tag":[],"class_list":{"0":"post-1910063","1":"product","2":"type-product","3":"status-publish","4":"has-post-thumbnail","6":"product_cat-dekontaminacja","7":"product_cat-na-zewnatrz","8":"product_cat-usuwanie-waterspotow","10":"first","11":"instock","12":"taxable","13":"shipping-taxable","14":"purchasable","15":"product-type-simple"},"_links":{"self":[{"href":"https:\/\/liquidmaster.pl\/en\/wp-json\/wp\/v2\/product\/1910063","targetHints":{"allow":["GET"]}}],"collection":[{"href":"https:\/\/liquidmaster.pl\/en\/wp-json\/wp\/v2\/product"}],"about":[{"href":"https:\/\/liquidmaster.pl\/en\/wp-json\/wp\/v2\/types\/product"}],"replies":[{"embeddable":true,"href":"https:\/\/liquidmaster.pl\/en\/wp-json\/wp\/v2\/comments?post=1910063"}],"wp:featuredmedia":[{"embeddable":true,"href":"https:\/\/liquidmaster.pl\/en\/wp-json\/wp\/v2\/media\/1910065"}],"wp:attachment":[{"href":"https:\/\/liquidmaster.pl\/en\/wp-json\/wp\/v2\/media?parent=1910063"}],"wp:term":[{"taxonomy":"product_brand","embeddable":true,"href":"https:\/\/liquidmaster.pl\/en\/wp-json\/wp\/v2\/product_brand?post=1910063"},{"taxonomy":"product_cat","embeddable":true,"href":"https:\/\/liquidmaster.pl\/en\/wp-json\/wp\/v2\/product_cat?post=1910063"},{"taxonomy":"product_tag","embeddable":true,"href":"https:\/\/liquidmaster.pl\/en\/wp-json\/wp\/v2\/product_tag?post=1910063"}],"curies":[{"name":"wp","href":"https:\/\/api.w.org\/{rel}","templated":true}]}}