{"id":1910051,"date":"2025-08-03T17:06:07","date_gmt":"2025-08-03T15:06:07","guid":{"rendered":"https:\/\/liquidmaster.pl\/malco-bug-off-3785l-srodek-do-usuwania-owadow-z-lakieru\/"},"modified":"2026-04-18T04:50:42","modified_gmt":"2026-04-18T02:50:42","slug":"malco-bug-off-3785l-srodek-do-usuwania-owadow-z-lakieru","status":"publish","type":"product","link":"https:\/\/liquidmaster.pl\/en\/malco-bug-off-3785l-srodek-do-usuwania-owadow-z-lakieru\/","title":{"rendered":"Malco Bug-Off 3.785L \u2013 insect remover for paintwork"},"content":{"rendered":"<p>Bug-Off is a specialized cleaner that helps remove crushed insects from windows, hoods, bumpers, and grilles more safely and effectively than conventional cleaners. Use as a pre-wash treatment for best results.<\/p>\n<p>Usage:<\/p>\n<li>Shake the bottle before use. Do not apply to hot paint.<\/li>\n<li>Apply the agent evenly to the places where the crushed insects are located.<\/li>\n<li>Do not allow the product to dry out<\/li>\n<li>Apply active foam or rinse with a strong stream of water.<\/li>\n<li>Repeat the previous steps if necessary<\/li>\n<p>Capacity 3.785 L<\/p>\n<p>\u00a0<\/p>","protected":false},"excerpt":{"rendered":"<p>Bug-Off to specjalistyczny \u015brodek czyszcz\u0105cy, kt\u00f3ry u\u0142atwia usuwanie rozgniecionych owad\u00f3w z szyb, maski, zderzak\u00f3w i grilli bezpieczeniej i skuteczniej ni\u017c konwencjonalne \u015brodki czyszcz\u0105ce. Stosuj jako \u015brodek wst\u0119pny przed myciem, aby uzyska\u0107 najlepsze rezultaty. Spos\u00f3b u\u017cycia: Wstrz\u0105\u015bnij butelk\u0119 przed u\u017cyciem. Nie aplikuj na rozgrzanym lakierze. Nanie\u015b r\u00f3wnomiernie \u015brodek na miejsca gdzie wyst\u0119puj\u0105 rozgniecione owady Nie dopu\u015b\u0107&hellip;&nbsp;<a href=\"https:\/\/liquidmaster.pl\/en\/malco-bug-off-3785l-srodek-do-usuwania-owadow-z-lakieru\/\" rel=\"bookmark\">Read More \u00bb<span class=\"screen-reader-text\">Malco Bug-Off 3.785L \u2013 insect remover for paintwork<\/span><\/a><\/p>","protected":false},"featured_media":1910053,"comment_status":"open","ping_status":"open","template":"","meta":{"neve_meta_sidebar":"","neve_meta_container":"","neve_meta_enable_content_width":"","neve_meta_content_width":0,"neve_meta_title_alignment":"","neve_meta_author_avatar":"","neve_post_elements_order":"","neve_meta_disable_header":"","neve_meta_disable_footer":"","neve_meta_disable_title":"","_themeisle_gutenberg_block_has_review":false},"product_brand":[],"product_cat":[743,733,754],"product_tag":[],"class_list":{"0":"post-1910051","1":"product","2":"type-product","3":"status-publish","4":"has-post-thumbnail","6":"product_cat-dekontaminacja","7":"product_cat-na-zewnatrz","8":"product_cat-usuwanie-owadow","10":"first","11":"instock","12":"taxable","13":"shipping-taxable","14":"purchasable","15":"product-type-simple"},"_links":{"self":[{"href":"https:\/\/liquidmaster.pl\/en\/wp-json\/wp\/v2\/product\/1910051","targetHints":{"allow":["GET"]}}],"collection":[{"href":"https:\/\/liquidmaster.pl\/en\/wp-json\/wp\/v2\/product"}],"about":[{"href":"https:\/\/liquidmaster.pl\/en\/wp-json\/wp\/v2\/types\/product"}],"replies":[{"embeddable":true,"href":"https:\/\/liquidmaster.pl\/en\/wp-json\/wp\/v2\/comments?post=1910051"}],"wp:featuredmedia":[{"embeddable":true,"href":"https:\/\/liquidmaster.pl\/en\/wp-json\/wp\/v2\/media\/1910053"}],"wp:attachment":[{"href":"https:\/\/liquidmaster.pl\/en\/wp-json\/wp\/v2\/media?parent=1910051"}],"wp:term":[{"taxonomy":"product_brand","embeddable":true,"href":"https:\/\/liquidmaster.pl\/en\/wp-json\/wp\/v2\/product_brand?post=1910051"},{"taxonomy":"product_cat","embeddable":true,"href":"https:\/\/liquidmaster.pl\/en\/wp-json\/wp\/v2\/product_cat?post=1910051"},{"taxonomy":"product_tag","embeddable":true,"href":"https:\/\/liquidmaster.pl\/en\/wp-json\/wp\/v2\/product_tag?post=1910051"}],"curies":[{"name":"wp","href":"https:\/\/api.w.org\/{rel}","templated":true}]}}