{"id":1910033,"date":"2025-08-03T16:42:06","date_gmt":"2025-08-03T14:42:06","guid":{"rendered":"https:\/\/liquidmaster.pl\/allegrini-y-900-5l-kwasowy-srodek-do-czyszczenia-dna-lodzi\/"},"modified":"2026-04-21T08:33:24","modified_gmt":"2026-04-21T06:33:24","slug":"allegrini-y-900-5l-kwasowy-srodek-do-czyszczenia-dna-lodzi","status":"publish","type":"product","link":"https:\/\/liquidmaster.pl\/en\/allegrini-y-900-5l-kwasowy-srodek-do-czyszczenia-dna-lodzi\/","title":{"rendered":"Allegrini Y-900 5L &#8211; kwasowy \u015brodek do czyszczenia dna \u0142odzi"},"content":{"rendered":"<p>KWASOWY DETERGENT DO CZYSZCZENIA DNA \u0141ODZI<\/p>\n<p>\u0141atwo usuwa osady wapienne, muszle, p\u0105kle, glony oraz \u015blady rdzy z dna kad\u0142uba. Idealny tak\u017ce do czyszczenia \u015brub nap\u0119dowych, wa\u0142\u00f3w nap\u0119dowych, zetek. Zalecany do stosowania w pomieszczeniach zamkni\u0119tych.<\/p>\n<p>HOW TO USE: <\/p>\n<li>Stosowa\u0107 koncentrat lub rozcie\u0144czy\u0107 1:10 w wodzie, aplikuj przez zanurzenie (ma\u0142e powierzchnie) lub p\u0119dzlem.<\/li>\n<li>Pozostawi\u0107 na chwil\u0119, a nast\u0119pnie obficie sp\u0142uka\u0107.<\/li>\n<li>W razie potrzeby powt\u00f3rzy\u0107 czynno\u015b\u0107.<\/li>\n<p>Capacity 5 L<\/p>","protected":false},"excerpt":{"rendered":"<p>KWASOWY DETERGENT DO CZYSZCZENIA DNA \u0141ODZI \u0141atwo usuwa osady wapienne, muszle, p\u0105kle, glony oraz \u015blady rdzy z dna kad\u0142uba. Idealny tak\u017ce do czyszczenia \u015brub nap\u0119dowych, wa\u0142\u00f3w nap\u0119dowych, zetek. Zalecany do stosowania w pomieszczeniach zamkni\u0119tych. SPOS\u00d3B U\u017bYCIA: Stosowa\u0107 koncentrat lub rozcie\u0144czy\u0107 1:10 w wodzie, aplikuj przez zanurzenie (ma\u0142e powierzchnie) lub p\u0119dzlem. Pozostawi\u0107 na chwil\u0119, a nast\u0119pnie&hellip;&nbsp;<a href=\"https:\/\/liquidmaster.pl\/en\/allegrini-y-900-5l-kwasowy-srodek-do-czyszczenia-dna-lodzi\/\" rel=\"bookmark\">Read More \u00bb<span class=\"screen-reader-text\">Allegrini Y-900 5L &#8211; kwasowy \u015brodek do czyszczenia dna \u0142odzi<\/span><\/a><\/p>","protected":false},"featured_media":1910035,"comment_status":"open","ping_status":"open","template":"","meta":{"neve_meta_sidebar":"","neve_meta_container":"","neve_meta_enable_content_width":"","neve_meta_content_width":0,"neve_meta_title_alignment":"","neve_meta_author_avatar":"","neve_post_elements_order":"","neve_meta_disable_header":"","neve_meta_disable_footer":"","neve_meta_disable_title":"","_themeisle_gutenberg_block_has_review":false},"product_brand":[],"product_cat":[744,743,733],"product_tag":[],"class_list":{"0":"post-1910033","1":"product","2":"type-product","3":"status-publish","4":"has-post-thumbnail","6":"product_cat-deironizacja","7":"product_cat-dekontaminacja","8":"product_cat-na-zewnatrz","10":"first","11":"instock","12":"taxable","13":"shipping-taxable","14":"purchasable","15":"product-type-simple"},"_links":{"self":[{"href":"https:\/\/liquidmaster.pl\/en\/wp-json\/wp\/v2\/product\/1910033","targetHints":{"allow":["GET"]}}],"collection":[{"href":"https:\/\/liquidmaster.pl\/en\/wp-json\/wp\/v2\/product"}],"about":[{"href":"https:\/\/liquidmaster.pl\/en\/wp-json\/wp\/v2\/types\/product"}],"replies":[{"embeddable":true,"href":"https:\/\/liquidmaster.pl\/en\/wp-json\/wp\/v2\/comments?post=1910033"}],"wp:featuredmedia":[{"embeddable":true,"href":"https:\/\/liquidmaster.pl\/en\/wp-json\/wp\/v2\/media\/1910035"}],"wp:attachment":[{"href":"https:\/\/liquidmaster.pl\/en\/wp-json\/wp\/v2\/media?parent=1910033"}],"wp:term":[{"taxonomy":"product_brand","embeddable":true,"href":"https:\/\/liquidmaster.pl\/en\/wp-json\/wp\/v2\/product_brand?post=1910033"},{"taxonomy":"product_cat","embeddable":true,"href":"https:\/\/liquidmaster.pl\/en\/wp-json\/wp\/v2\/product_cat?post=1910033"},{"taxonomy":"product_tag","embeddable":true,"href":"https:\/\/liquidmaster.pl\/en\/wp-json\/wp\/v2\/product_tag?post=1910033"}],"curies":[{"name":"wp","href":"https:\/\/api.w.org\/{rel}","templated":true}]}}