{"id":1910027,"date":"2025-08-03T16:40:07","date_gmt":"2025-08-03T14:40:07","guid":{"rendered":"https:\/\/liquidmaster.pl\/allegrini-y-700-1l-detergent-do-obijaczy-i-zelkotu\/"},"modified":"2026-04-18T04:50:30","modified_gmt":"2026-04-18T02:50:30","slug":"allegrini-y-700-1l-detergent-do-obijaczy-i-zelkotu","status":"publish","type":"product","link":"https:\/\/liquidmaster.pl\/en\/allegrini-y-700-1l-detergent-do-obijaczy-i-zelkotu\/","title":{"rendered":"Allegrini Y-700 1L &#8211; detergent do obijaczy i \u017celkotu"},"content":{"rendered":"<p>DETERGENT DO OBIJACZY ORAZ \u017bELKOTU\u00a0<\/p>\n<p>Szybko usuwa uporczywe zabrudzenia z gumowych powierzchni np. obijaczy oraz \u015blady po butach, farbie z \u017celkotu. Skuteczny w usuwaniu \u015blad\u00f3w smo\u0142y.<\/p>\n<p>HOW TO USE:<\/p>\n<li>Stosowa\u0107 produkt w postaci koncentratu lub rozcie\u0144czonym w 50%.<\/li>\n<li>Zwil\u017cy\u0107 powierzchnie i r\u00f3wnomiernie przetrze\u0107 szmatk\u0105 z detergentem.<\/li>\n<li>Sp\u0142uka\u0107 wod\u0105.<\/li>\n<p>Zawiera (rozp. WE 648\/2004): >30% w\u0119glowodor\u00f3w aromatycznych,<\/p>","protected":false},"excerpt":{"rendered":"<p>DETERGENT DO OBIJACZY ORAZ \u017bELKOTU\u00a0 Szybko usuwa uporczywe zabrudzenia z gumowych powierzchni np. obijaczy oraz \u015blady po butach, farbie z \u017celkotu. Skuteczny w usuwaniu \u015blad\u00f3w smo\u0142y. SPOS\u00d3B U\u017bYCIA: Stosowa\u0107 produkt w postaci koncentratu lub rozcie\u0144czonym w 50%. Zwil\u017cy\u0107 powierzchnie i r\u00f3wnomiernie przetrze\u0107 szmatk\u0105 z detergentem. Sp\u0142uka\u0107 wod\u0105. Zawiera (rozp. WE 648\/2004): >30% w\u0119glowodor\u00f3w aromatycznych,<\/p>","protected":false},"featured_media":1910029,"comment_status":"open","ping_status":"open","template":"","meta":{"neve_meta_sidebar":"","neve_meta_container":"","neve_meta_enable_content_width":"","neve_meta_content_width":0,"neve_meta_title_alignment":"","neve_meta_author_avatar":"","neve_post_elements_order":"","neve_meta_disable_header":"","neve_meta_disable_footer":"","neve_meta_disable_title":"","_themeisle_gutenberg_block_has_review":false},"product_brand":[],"product_cat":[734,733,740],"product_tag":[],"class_list":{"0":"post-1910027","1":"product","2":"type-product","3":"status-publish","4":"has-post-thumbnail","6":"product_cat-mycie-i-osuszanie","7":"product_cat-na-zewnatrz","8":"product_cat-szampony-mycie-i-osuszanie","10":"first","11":"instock","12":"taxable","13":"shipping-taxable","14":"purchasable","15":"product-type-simple"},"_links":{"self":[{"href":"https:\/\/liquidmaster.pl\/en\/wp-json\/wp\/v2\/product\/1910027","targetHints":{"allow":["GET"]}}],"collection":[{"href":"https:\/\/liquidmaster.pl\/en\/wp-json\/wp\/v2\/product"}],"about":[{"href":"https:\/\/liquidmaster.pl\/en\/wp-json\/wp\/v2\/types\/product"}],"replies":[{"embeddable":true,"href":"https:\/\/liquidmaster.pl\/en\/wp-json\/wp\/v2\/comments?post=1910027"}],"wp:featuredmedia":[{"embeddable":true,"href":"https:\/\/liquidmaster.pl\/en\/wp-json\/wp\/v2\/media\/1910029"}],"wp:attachment":[{"href":"https:\/\/liquidmaster.pl\/en\/wp-json\/wp\/v2\/media?parent=1910027"}],"wp:term":[{"taxonomy":"product_brand","embeddable":true,"href":"https:\/\/liquidmaster.pl\/en\/wp-json\/wp\/v2\/product_brand?post=1910027"},{"taxonomy":"product_cat","embeddable":true,"href":"https:\/\/liquidmaster.pl\/en\/wp-json\/wp\/v2\/product_cat?post=1910027"},{"taxonomy":"product_tag","embeddable":true,"href":"https:\/\/liquidmaster.pl\/en\/wp-json\/wp\/v2\/product_tag?post=1910027"}],"curies":[{"name":"wp","href":"https:\/\/api.w.org\/{rel}","templated":true}]}}