{"id":1910024,"date":"2025-08-03T16:39:04","date_gmt":"2025-08-03T14:39:04","guid":{"rendered":"https:\/\/liquidmaster.pl\/allegrini-y-600-5l-srodek-do-czyszczenia-drewna-tekowego\/"},"modified":"2026-04-18T04:50:29","modified_gmt":"2026-04-18T02:50:29","slug":"allegrini-y-600-5l-srodek-do-czyszczenia-drewna-tekowego","status":"publish","type":"product","link":"https:\/\/liquidmaster.pl\/en\/allegrini-y-600-5l-srodek-do-czyszczenia-drewna-tekowego\/","title":{"rendered":"Allegrini Y-600 5L &#8211; \u015brodek do czyszczenia drewna tekowego"},"content":{"rendered":"<p>DETERGENT CZYSZCZ\u0104CY DO DREWNA TEKOWEGO<\/p>\n<p>Zawiera silnie dzia\u0142aj\u0105cy detergent do usuwania zasolenia, plam oleju i t\u0142uszczu z powierzchni tekowych.<\/p>\n<p>HOW TO USE:<\/p>\n<li>Zwil\u017c teak s\u0142odk\u0105 wod\u0105, r\u00f3wnomiernie rozprowad\u017a detergent i pozostaw na 5\u201310 minut.<\/li>\n<li>Energicznie wyszczotkuj sztywn\u0105 szczotk\u0105, sp\u0142ucz du\u017c\u0105 ilo\u015bci\u0105 s\u0142odkiej wody.<\/li>\n<p>OSTRZE\u017bENIE: Unikaj stosowania szczotek metalowych, kt\u00f3re mog\u0142yby pozostawi\u0107 \u015blady na drewnie lub je uszkodzi\u0107.\u00a0<\/p>\n<p>Capacity 5 L<\/p>","protected":false},"excerpt":{"rendered":"<p>DETERGENT CZYSZCZ\u0104CY DO DREWNA TEKOWEGO Zawiera silnie dzia\u0142aj\u0105cy detergent do usuwania zasolenia, plam oleju i t\u0142uszczu z powierzchni tekowych. SPOS\u00d3B U\u017bYCIA: Zwil\u017c teak s\u0142odk\u0105 wod\u0105, r\u00f3wnomiernie rozprowad\u017a detergent i pozostaw na 5\u201310 minut. Energicznie wyszczotkuj sztywn\u0105 szczotk\u0105, sp\u0142ucz du\u017c\u0105 ilo\u015bci\u0105 s\u0142odkiej wody. OSTRZE\u017bENIE: Unikaj stosowania szczotek metalowych, kt\u00f3re mog\u0142yby pozostawi\u0107 \u015blady na drewnie lub je&hellip;&nbsp;<a href=\"https:\/\/liquidmaster.pl\/en\/allegrini-y-600-5l-srodek-do-czyszczenia-drewna-tekowego\/\" rel=\"bookmark\">Read More \u00bb<span class=\"screen-reader-text\">Allegrini Y-600 5L &#8211; \u015brodek do czyszczenia drewna tekowego<\/span><\/a><\/p>","protected":false},"featured_media":1910026,"comment_status":"open","ping_status":"open","template":"","meta":{"neve_meta_sidebar":"","neve_meta_container":"","neve_meta_enable_content_width":"","neve_meta_content_width":0,"neve_meta_title_alignment":"","neve_meta_author_avatar":"","neve_post_elements_order":"","neve_meta_disable_header":"","neve_meta_disable_footer":"","neve_meta_disable_title":"","_themeisle_gutenberg_block_has_review":false},"product_brand":[],"product_cat":[734,733,740],"product_tag":[],"class_list":{"0":"post-1910024","1":"product","2":"type-product","3":"status-publish","4":"has-post-thumbnail","6":"product_cat-mycie-i-osuszanie","7":"product_cat-na-zewnatrz","8":"product_cat-szampony-mycie-i-osuszanie","10":"first","11":"outofstock","12":"taxable","13":"shipping-taxable","14":"purchasable","15":"product-type-simple"},"_links":{"self":[{"href":"https:\/\/liquidmaster.pl\/en\/wp-json\/wp\/v2\/product\/1910024","targetHints":{"allow":["GET"]}}],"collection":[{"href":"https:\/\/liquidmaster.pl\/en\/wp-json\/wp\/v2\/product"}],"about":[{"href":"https:\/\/liquidmaster.pl\/en\/wp-json\/wp\/v2\/types\/product"}],"replies":[{"embeddable":true,"href":"https:\/\/liquidmaster.pl\/en\/wp-json\/wp\/v2\/comments?post=1910024"}],"wp:featuredmedia":[{"embeddable":true,"href":"https:\/\/liquidmaster.pl\/en\/wp-json\/wp\/v2\/media\/1910026"}],"wp:attachment":[{"href":"https:\/\/liquidmaster.pl\/en\/wp-json\/wp\/v2\/media?parent=1910024"}],"wp:term":[{"taxonomy":"product_brand","embeddable":true,"href":"https:\/\/liquidmaster.pl\/en\/wp-json\/wp\/v2\/product_brand?post=1910024"},{"taxonomy":"product_cat","embeddable":true,"href":"https:\/\/liquidmaster.pl\/en\/wp-json\/wp\/v2\/product_cat?post=1910024"},{"taxonomy":"product_tag","embeddable":true,"href":"https:\/\/liquidmaster.pl\/en\/wp-json\/wp\/v2\/product_tag?post=1910024"}],"curies":[{"name":"wp","href":"https:\/\/api.w.org\/{rel}","templated":true}]}}