{"id":1910015,"date":"2025-08-03T16:36:05","date_gmt":"2025-08-03T14:36:05","guid":{"rendered":"https:\/\/liquidmaster.pl\/allegrini-y-300-1l-silny-detergent-do-zez-kadlubow-i-pontonow\/"},"modified":"2026-04-20T08:31:40","modified_gmt":"2026-04-20T06:31:40","slug":"allegrini-y-300-1l-silny-detergent-do-zez-kadlubow-i-pontonow","status":"publish","type":"product","link":"https:\/\/liquidmaster.pl\/en\/allegrini-y-300-1l-silny-detergent-do-zez-kadlubow-i-pontonow\/","title":{"rendered":"Allegrini Y-300 1L \u2013 strong detergent for bilges, hulls and pontoons"},"content":{"rendered":"<p>POWERFUL CLEANING DETERGENT FOR BILGES, HULLS AND PONTOONS<\/p>\n<p>A product intended for cleaning bilges, internal and external parts of vessels.<\/p>\n<p>HOW TO USE:<\/p>\n<li>Bilge wash: 1\/10 with water.<\/li>\n<li>Boat wash: 1\/25 with water.<\/li>\n<p>WARNING: Do not allow the product to dry on surfaces. On hot surfaces, cool with water before applying the solution. Always follow dilution instructions. Do not use on aluminum or aluminum alloys.\u00a0<\/p>\n<p>Capacity 1 L<\/p>","protected":false},"excerpt":{"rendered":"<p>SILNIE CZYSZCZ\u0104CY DETERGENT DO Z\u0118Z, KAD\u0141UB\u00d3W I PONTON\u00d3W Produkt przeznaczony do czyszczenia z\u0119z, wewn\u0119trznych i zewn\u0119trznych cz\u0119\u015bci jednostek p\u0142ywaj\u0105cych. SPOS\u00d3B U\u017bYCIA: Mycie z\u0119zy: 1\/10 z wod\u0105. Mycie \u0142odzi: 1\/25 z wod\u0105. OSTRZE\u017bENIE: Nie dopu\u015bci\u0107 do wyschni\u0119cia produktu na powierzchniach. Na rozgrzanych powierzchniach, sch\u0142odzi\u0107 wod\u0105 przed na\u0142o\u017ceniem roztworu. Zawsze nale\u017cy przestrzega\u0107 instrukcji rozcie\u0144czania. Nie stosowa\u0107 na&hellip;&nbsp;<a href=\"https:\/\/liquidmaster.pl\/en\/allegrini-y-300-1l-silny-detergent-do-zez-kadlubow-i-pontonow\/\" rel=\"bookmark\">Read More \u00bb<span class=\"screen-reader-text\">Allegrini Y-300 1L \u2013 strong detergent for bilges, hulls and pontoons<\/span><\/a><\/p>","protected":false},"featured_media":1910017,"comment_status":"open","ping_status":"open","template":"","meta":{"neve_meta_sidebar":"","neve_meta_container":"","neve_meta_enable_content_width":"","neve_meta_content_width":0,"neve_meta_title_alignment":"","neve_meta_author_avatar":"","neve_post_elements_order":"","neve_meta_disable_header":"","neve_meta_disable_footer":"","neve_meta_disable_title":"","_themeisle_gutenberg_block_has_review":false},"product_brand":[],"product_cat":[734,733,740],"product_tag":[],"class_list":{"0":"post-1910015","1":"product","2":"type-product","3":"status-publish","4":"has-post-thumbnail","6":"product_cat-mycie-i-osuszanie","7":"product_cat-na-zewnatrz","8":"product_cat-szampony-mycie-i-osuszanie","10":"first","11":"outofstock","12":"taxable","13":"shipping-taxable","14":"purchasable","15":"product-type-simple"},"_links":{"self":[{"href":"https:\/\/liquidmaster.pl\/en\/wp-json\/wp\/v2\/product\/1910015","targetHints":{"allow":["GET"]}}],"collection":[{"href":"https:\/\/liquidmaster.pl\/en\/wp-json\/wp\/v2\/product"}],"about":[{"href":"https:\/\/liquidmaster.pl\/en\/wp-json\/wp\/v2\/types\/product"}],"replies":[{"embeddable":true,"href":"https:\/\/liquidmaster.pl\/en\/wp-json\/wp\/v2\/comments?post=1910015"}],"wp:featuredmedia":[{"embeddable":true,"href":"https:\/\/liquidmaster.pl\/en\/wp-json\/wp\/v2\/media\/1910017"}],"wp:attachment":[{"href":"https:\/\/liquidmaster.pl\/en\/wp-json\/wp\/v2\/media?parent=1910015"}],"wp:term":[{"taxonomy":"product_brand","embeddable":true,"href":"https:\/\/liquidmaster.pl\/en\/wp-json\/wp\/v2\/product_brand?post=1910015"},{"taxonomy":"product_cat","embeddable":true,"href":"https:\/\/liquidmaster.pl\/en\/wp-json\/wp\/v2\/product_cat?post=1910015"},{"taxonomy":"product_tag","embeddable":true,"href":"https:\/\/liquidmaster.pl\/en\/wp-json\/wp\/v2\/product_tag?post=1910015"}],"curies":[{"name":"wp","href":"https:\/\/api.w.org\/{rel}","templated":true}]}}