{"id":1910012,"date":"2025-08-03T16:35:01","date_gmt":"2025-08-03T14:35:01","guid":{"rendered":"https:\/\/liquidmaster.pl\/allegrini-y-200-5l-detergent-do-czyszczenia-kadluba\/"},"modified":"2026-04-18T04:50:27","modified_gmt":"2026-04-18T02:50:27","slug":"allegrini-y-200-5l-detergent-do-czyszczenia-kadluba","status":"publish","type":"product","link":"https:\/\/liquidmaster.pl\/en\/allegrini-y-200-5l-detergent-do-czyszczenia-kadluba\/","title":{"rendered":"Allegrini Y-200 5L &#8211; detergent do czyszczenia kad\u0142uba"},"content":{"rendered":"<p>INTENSYWNY DETERGENT DO CZYSZCZENIA KAD\u0141UBA<br \/>\nDetergent o wysokim st\u0119\u017ceniu do mycia zewn\u0119trznej cz\u0119\u015bci kad\u0142uba. Z \u0142atwo\u015bci\u0105 usuwa nawet najbardziej uporczywe zabrudzenia (sadze, smog itp).<\/p>\n<p>HOW TO USE:<\/p>\n<li>\u015arednie rozcie\u0144czenie w st\u0119\u017ceniu 2%\u20135% (20\u201350 ml\/litr) w wodzie s\u0142odkiej.<\/li>\n<li>W przypadku uporczywych zabrudze\u0144 do 10%.<\/li>\n<li>R\u00f3wnomiernie rozprowadzi\u0107 roztw\u00f3r na czyszczone powierzchnie za pomoc\u0105 g\u0105bki, a nast\u0119pnie sp\u0142uka\u0107.<\/li>\n<p>OSTRZE\u017bENIE: Unika\u0107 wyschni\u0119cia produktu na powierzchniach.<\/p>\n<p>Capacity 5 L<\/p>","protected":false},"excerpt":{"rendered":"<p>INTENSYWNY DETERGENT DO CZYSZCZENIA KAD\u0141UBA Detergent o wysokim st\u0119\u017ceniu do mycia zewn\u0119trznej cz\u0119\u015bci kad\u0142uba. Z \u0142atwo\u015bci\u0105 usuwa nawet najbardziej uporczywe zabrudzenia (sadze, smog itp). SPOS\u00d3B U\u017bYCIA: \u015arednie rozcie\u0144czenie w st\u0119\u017ceniu 2%\u20135% (20\u201350 ml\/litr) w wodzie s\u0142odkiej. W przypadku uporczywych zabrudze\u0144 do 10%. R\u00f3wnomiernie rozprowadzi\u0107 roztw\u00f3r na czyszczone powierzchnie za pomoc\u0105 g\u0105bki, a nast\u0119pnie sp\u0142uka\u0107. OSTRZE\u017bENIE:&hellip;&nbsp;<a href=\"https:\/\/liquidmaster.pl\/en\/allegrini-y-200-5l-detergent-do-czyszczenia-kadluba\/\" rel=\"bookmark\">Read More \u00bb<span class=\"screen-reader-text\">Allegrini Y-200 5L &#8211; detergent do czyszczenia kad\u0142uba<\/span><\/a><\/p>","protected":false},"featured_media":1910014,"comment_status":"open","ping_status":"open","template":"","meta":{"neve_meta_sidebar":"","neve_meta_container":"","neve_meta_enable_content_width":"","neve_meta_content_width":0,"neve_meta_title_alignment":"","neve_meta_author_avatar":"","neve_post_elements_order":"","neve_meta_disable_header":"","neve_meta_disable_footer":"","neve_meta_disable_title":"","_themeisle_gutenberg_block_has_review":false},"product_brand":[],"product_cat":[734,733,753],"product_tag":[],"class_list":{"0":"post-1910012","1":"product","2":"type-product","3":"status-publish","4":"has-post-thumbnail","6":"product_cat-mycie-i-osuszanie","7":"product_cat-na-zewnatrz","8":"product_cat-piany-aktywne-i-pianownice","10":"first","11":"outofstock","12":"taxable","13":"shipping-taxable","14":"purchasable","15":"product-type-simple"},"_links":{"self":[{"href":"https:\/\/liquidmaster.pl\/en\/wp-json\/wp\/v2\/product\/1910012","targetHints":{"allow":["GET"]}}],"collection":[{"href":"https:\/\/liquidmaster.pl\/en\/wp-json\/wp\/v2\/product"}],"about":[{"href":"https:\/\/liquidmaster.pl\/en\/wp-json\/wp\/v2\/types\/product"}],"replies":[{"embeddable":true,"href":"https:\/\/liquidmaster.pl\/en\/wp-json\/wp\/v2\/comments?post=1910012"}],"wp:featuredmedia":[{"embeddable":true,"href":"https:\/\/liquidmaster.pl\/en\/wp-json\/wp\/v2\/media\/1910014"}],"wp:attachment":[{"href":"https:\/\/liquidmaster.pl\/en\/wp-json\/wp\/v2\/media?parent=1910012"}],"wp:term":[{"taxonomy":"product_brand","embeddable":true,"href":"https:\/\/liquidmaster.pl\/en\/wp-json\/wp\/v2\/product_brand?post=1910012"},{"taxonomy":"product_cat","embeddable":true,"href":"https:\/\/liquidmaster.pl\/en\/wp-json\/wp\/v2\/product_cat?post=1910012"},{"taxonomy":"product_tag","embeddable":true,"href":"https:\/\/liquidmaster.pl\/en\/wp-json\/wp\/v2\/product_tag?post=1910012"}],"curies":[{"name":"wp","href":"https:\/\/api.w.org\/{rel}","templated":true}]}}