{"id":1910006,"date":"2025-08-03T16:31:01","date_gmt":"2025-08-03T14:31:01","guid":{"rendered":"https:\/\/liquidmaster.pl\/allegrini-p-95-wood-protector-500ml-srodek-do-ochrony-drewna\/"},"modified":"2026-04-18T04:50:25","modified_gmt":"2026-04-18T02:50:25","slug":"allegrini-p-95-wood-protector-500ml-srodek-do-ochrony-drewna","status":"publish","type":"product","link":"https:\/\/liquidmaster.pl\/en\/allegrini-p-95-wood-protector-500ml-srodek-do-ochrony-drewna\/","title":{"rendered":"Allegrini P 95 Wood Protector 500ml \u2013 wood protection agent"},"content":{"rendered":"<p>WOOD PROTECTION.\u00a0<\/p>\n<p>A technologically advanced product designed for natural or impregnated wood surfaces. It creates an invisible film on the surface, protecting it from dirt, grease, and water. Perfect for protecting teak furniture and decks.<\/p>\n<p>Capacity 1 L<\/p>","protected":false},"excerpt":{"rendered":"<p>OCHRONA DREWNA.\u00a0 Zaawansowany technologicznie produkt przeznaczony do naturalnych lub impregnowanych powierzchni drewnianych. Tworzy na powierzchni niewidzialny film chronia\u0328cy powierzchnie\u0328 przed zabrudzeniami, t\u0142uszczem i woda\u0328. Doskona\u0142y do zabezpieczania mebli oraz pok\u0142adu wykonanych z drewna teakowego. Pojemno\u015b\u0107 1 L<\/p>","protected":false},"featured_media":1910008,"comment_status":"open","ping_status":"open","template":"","meta":{"neve_meta_sidebar":"","neve_meta_container":"","neve_meta_enable_content_width":"","neve_meta_content_width":0,"neve_meta_title_alignment":"","neve_meta_author_avatar":"","neve_post_elements_order":"","neve_meta_disable_header":"","neve_meta_disable_footer":"","neve_meta_disable_title":"","_themeisle_gutenberg_block_has_review":false},"product_brand":[],"product_cat":[733,766,767],"product_tag":[],"class_list":{"0":"post-1910006","1":"product","2":"type-product","3":"status-publish","4":"has-post-thumbnail","6":"product_cat-na-zewnatrz","7":"product_cat-ochrona-lakieru","8":"product_cat-quick-detailery","10":"first","11":"instock","12":"taxable","13":"shipping-taxable","14":"purchasable","15":"product-type-simple"},"_links":{"self":[{"href":"https:\/\/liquidmaster.pl\/en\/wp-json\/wp\/v2\/product\/1910006","targetHints":{"allow":["GET"]}}],"collection":[{"href":"https:\/\/liquidmaster.pl\/en\/wp-json\/wp\/v2\/product"}],"about":[{"href":"https:\/\/liquidmaster.pl\/en\/wp-json\/wp\/v2\/types\/product"}],"replies":[{"embeddable":true,"href":"https:\/\/liquidmaster.pl\/en\/wp-json\/wp\/v2\/comments?post=1910006"}],"wp:featuredmedia":[{"embeddable":true,"href":"https:\/\/liquidmaster.pl\/en\/wp-json\/wp\/v2\/media\/1910008"}],"wp:attachment":[{"href":"https:\/\/liquidmaster.pl\/en\/wp-json\/wp\/v2\/media?parent=1910006"}],"wp:term":[{"taxonomy":"product_brand","embeddable":true,"href":"https:\/\/liquidmaster.pl\/en\/wp-json\/wp\/v2\/product_brand?post=1910006"},{"taxonomy":"product_cat","embeddable":true,"href":"https:\/\/liquidmaster.pl\/en\/wp-json\/wp\/v2\/product_cat?post=1910006"},{"taxonomy":"product_tag","embeddable":true,"href":"https:\/\/liquidmaster.pl\/en\/wp-json\/wp\/v2\/product_tag?post=1910006"}],"curies":[{"name":"wp","href":"https:\/\/api.w.org\/{rel}","templated":true}]}}