{"id":1909994,"date":"2025-08-03T14:01:07","date_gmt":"2025-08-03T12:01:07","guid":{"rendered":"https:\/\/liquidmaster.pl\/detailing-house-mikrofibra-na-tasmie-do-czyszczenia-felg\/"},"modified":"2026-04-20T08:30:24","modified_gmt":"2026-04-20T06:30:24","slug":"detailing-house-mikrofibra-na-tasmie-do-czyszczenia-felg","status":"publish","type":"product","link":"https:\/\/liquidmaster.pl\/en\/detailing-house-mikrofibra-na-tasmie-do-czyszczenia-felg\/","title":{"rendered":"Detailing House Microfiber Rim Cleaning Tape"},"content":{"rendered":"<p>Innowacyjne narz\u0119dzie zaprojektowane z my\u015bl\u0105 o precyzyjnym czyszczeniu felg samochodowych. Wykonana z wysokiej jako\u015bci mikrofibry, jest delikatna dla powierzchni i skutecznie usuwa brud, t\u0142uste plamy oraz py\u0142 hamulcowy, nie powoduj\u0105c zarysowa\u0144. Jej elastyczny pasek u\u0142atwia dost\u0119p do trudno dost\u0119pnych miejsc, takich jak szczeliny mi\u0119dzy ramionami felgi czy wewn\u0119trzna cz\u0119\u015b\u0107 obr\u0119czy. Mo\u017cna jej u\u017cywa\u0107 na sucho, aby usun\u0105\u0107 lu\u017ane zabrudzenia, lub na mokro, w po\u0142\u0105czeniu z detergentem do felg. Jest wielokrotnego u\u017cytku i \u0142atwa do prania, co zapewnia d\u0142ugotrwa\u0142\u0105 funkcjonalno\u015b\u0107.<\/p>\n<p>Zalety Mikrofibry :<\/p>\n<ul>\n<li>Materia\u0142: Wykonana z wysokiej jako\u015bci mikrofibry, kt\u00f3ra jest delikatna dla powierzchni, ale skuteczna w usuwaniu brudu, t\u0142uszczu i py\u0142u hamulcowego. Mikrofibra zapewnia doskona\u0142\u0105 ch\u0142onno\u015b\u0107 oraz skuteczno\u015b\u0107 czyszczenia.<\/li>\n<li>Konstrukcja: Produkt ma form\u0119 paska, co u\u0142atwia dotarcie do w\u0105skich szczelin i zakamark\u00f3w felg, takich jak przestrzenie mi\u0119dzy ramionami felgi czy wn\u0119trza obr\u0119czy. Dzi\u0119ki paskowi mo\u017cna skuteczniej manewrowa\u0107 i precyzyjnie czy\u015bci\u0107 trudnodost\u0119pne miejsca.<\/li>\n<li>Wielko\u015b\u0107: Pasek jak i sama mikrofobra posiada odpowiedni\u0105 d\u0142ugo\u015b\u0107, aby \u0142atwo by\u0142o nimi manewrowa\u0107 i dociera\u0107 do r\u00f3\u017cnych cz\u0119\u015bci felg.<\/li>\n<li>Zastosowanie: Idealna do czyszczenia felg samochodowych, ale mo\u017ce by\u0107 tak\u017ce u\u017cywana do innych delikatnych powierzchni, takich jak elementy wn\u0119trza samochodu czy niewielkie powierzchnie na zewn\u0105trz. Mo\u017cna jej u\u017cywa\u0107 zar\u00f3wno na sucho, aby usun\u0105\u0107 lu\u017ane zabrudzenia, jak i na mokro, z detergentami do felg.<\/li>\n<li>\u0141atwo\u015b\u0107 u\u017cytkowania: Pasek jest wygodny w u\u017cyciu i u\u0142atwia precyzyjne czyszczenie. Ca\u0142o\u015b\u0107 mo\u017cna \u0142atwo wypra\u0107 i ponownie wykorzysta\u0107, co czyni go ekonomicznym rozwi\u0105zaniem.<\/li>\n<li>Bezpiecze\u0144stwo: Mikrofibra nie rysuje powierzchni felg, co czyni j\u0105 bezpieczn\u0105 w u\u017cytkowaniu na r\u00f3\u017cnych typach felg, w tym na delikatnych powierzchniach chromowanych czy lakierowanych.<\/li>\n<\/ul>\n<p>Dane Techniczne:<\/p>\n<ul>\n<li>mikrofibra o bardzo g\u0119stym w\u0142osiu,<\/li>\n<li>D\u0142ugo\u015b\u0107 ca\u0142kowita:\u00a065cm<\/li>\n<li>D\u0142ugo\u015b\u0107 mikrofibry:\u00a035cm<\/li>\n<li>D\u0142ugo\u015b\u0107 pask\u00f3w:\u00a02x15cm<\/li>\n<li>Szeroko\u015b\u0107:\u00a010 cm<\/li>\n<li>Waga wraz z opakowaniem: 0,1 kg<\/li>\n<\/ul>","protected":false},"excerpt":{"rendered":"<p>Innowacyjne narz\u0119dzie zaprojektowane z my\u015bl\u0105 o precyzyjnym czyszczeniu felg samochodowych. Wykonana z wysokiej jako\u015bci mikrofibry, jest delikatna dla powierzchni i skutecznie usuwa brud, t\u0142uste plamy oraz py\u0142 hamulcowy, nie powoduj\u0105c zarysowa\u0144. Jej elastyczny pasek u\u0142atwia dost\u0119p do trudno dost\u0119pnych miejsc, takich jak szczeliny mi\u0119dzy ramionami felgi czy wewn\u0119trzna cz\u0119\u015b\u0107 obr\u0119czy. Mo\u017cna jej u\u017cywa\u0107 na sucho,&hellip;&nbsp;<a href=\"https:\/\/liquidmaster.pl\/en\/detailing-house-mikrofibra-na-tasmie-do-czyszczenia-felg\/\" rel=\"bookmark\">Read More \u00bb<span class=\"screen-reader-text\">Detailing House Microfiber Rim Cleaning Tape<\/span><\/a><\/p>","protected":false},"featured_media":1909996,"comment_status":"open","ping_status":"open","template":"","meta":{"neve_meta_sidebar":"","neve_meta_container":"","neve_meta_enable_content_width":"","neve_meta_content_width":0,"neve_meta_title_alignment":"","neve_meta_author_avatar":"","neve_post_elements_order":"","neve_meta_disable_header":"","neve_meta_disable_footer":"","neve_meta_disable_title":"","_themeisle_gutenberg_block_has_review":false},"product_brand":[],"product_cat":[745,733,779],"product_tag":[286],"class_list":{"0":"post-1909994","1":"product","2":"type-product","3":"status-publish","4":"has-post-thumbnail","6":"product_cat-kola-i-opony","7":"product_cat-na-zewnatrz","8":"product_cat-szczotki-pedzelki-i-aplikatory-do-kol","9":"product_tag-detailing-house","11":"first","12":"instock","13":"taxable","14":"shipping-taxable","15":"purchasable","16":"product-type-simple"},"_links":{"self":[{"href":"https:\/\/liquidmaster.pl\/en\/wp-json\/wp\/v2\/product\/1909994","targetHints":{"allow":["GET"]}}],"collection":[{"href":"https:\/\/liquidmaster.pl\/en\/wp-json\/wp\/v2\/product"}],"about":[{"href":"https:\/\/liquidmaster.pl\/en\/wp-json\/wp\/v2\/types\/product"}],"replies":[{"embeddable":true,"href":"https:\/\/liquidmaster.pl\/en\/wp-json\/wp\/v2\/comments?post=1909994"}],"wp:featuredmedia":[{"embeddable":true,"href":"https:\/\/liquidmaster.pl\/en\/wp-json\/wp\/v2\/media\/1909996"}],"wp:attachment":[{"href":"https:\/\/liquidmaster.pl\/en\/wp-json\/wp\/v2\/media?parent=1909994"}],"wp:term":[{"taxonomy":"product_brand","embeddable":true,"href":"https:\/\/liquidmaster.pl\/en\/wp-json\/wp\/v2\/product_brand?post=1909994"},{"taxonomy":"product_cat","embeddable":true,"href":"https:\/\/liquidmaster.pl\/en\/wp-json\/wp\/v2\/product_cat?post=1909994"},{"taxonomy":"product_tag","embeddable":true,"href":"https:\/\/liquidmaster.pl\/en\/wp-json\/wp\/v2\/product_tag?post=1909994"}],"curies":[{"name":"wp","href":"https:\/\/api.w.org\/{rel}","templated":true}]}}