{"id":1909190,"date":"2025-08-02T02:23:00","date_gmt":"2025-08-02T00:23:00","guid":{"rendered":"https:\/\/liquidmaster.pl\/detailing-house-natural-premium-brush-10-20mm-pedzelek-detailingowy\/"},"modified":"2026-04-18T04:42:40","modified_gmt":"2026-04-18T02:42:40","slug":"detailing-house-natural-premium-brush-10-20mm-pedzelek-detailingowy","status":"publish","type":"product","link":"https:\/\/liquidmaster.pl\/en\/detailing-house-natural-premium-brush-10-20mm-pedzelek-detailingowy\/","title":{"rendered":"Detailing House Natural Premium Brush 10 20mm \u2013 detailing brush"},"content":{"rendered":"<p>The Natural Premium Detailing Brush is a high-quality detailing brush, ideal for removing stubborn dirt from rims, engines, interiors, and upholstery. Equipped with medium-hard mixed bristles, it is resistant to professional chemicals. This Polish product is an excellent addition to your car care products. Before first use, we recommend blowing the bristles with compressed air.<\/p>\n<p>Rozmiar: 10 &#8211; \u015brednica 20 mm.<\/p>","protected":false},"excerpt":{"rendered":"<p>Natural Premium Detailing Brush to wysokiej jako\u015bci p\u0119dzelek do detailingu, idealny do usuwania mocnych zabrudze\u0144 na felgach, silniku, wn\u0119trzach i tapicerce. Wyposa\u017cony w \u015brednio twarde w\u0142osie z mieszanej szczeciny, jest odporny na dzia\u0142anie profesjonalnych \u015brodk\u00f3w chemicznych. Produkt polski, doskona\u0142y jako praktyczny dodatek do zakupu kosmetyk\u00f3w samochodowych. Przed pierwszym u\u017cyciem zalecamy przedmuchanie w\u0142osia spr\u0119\u017conym powietrzem. Rozmiar:&hellip;&nbsp;<a href=\"https:\/\/liquidmaster.pl\/en\/detailing-house-natural-premium-brush-10-20mm-pedzelek-detailingowy\/\" rel=\"bookmark\">Read More \u00bb<span class=\"screen-reader-text\">Detailing House Natural Premium Brush 10 20mm \u2013 detailing brush<\/span><\/a><\/p>","protected":false},"featured_media":1848668,"comment_status":"open","ping_status":"open","template":"","meta":{"neve_meta_sidebar":"","neve_meta_container":"","neve_meta_enable_content_width":"","neve_meta_content_width":0,"neve_meta_title_alignment":"","neve_meta_author_avatar":"","neve_post_elements_order":"","neve_meta_disable_header":"","neve_meta_disable_footer":"","neve_meta_disable_title":"","_themeisle_gutenberg_block_has_review":false},"product_brand":[],"product_cat":[757,911,777],"product_tag":[286],"class_list":{"0":"post-1909190","1":"product","2":"type-product","3":"status-publish","4":"has-post-thumbnail","6":"product_cat-akcesoria","7":"product_cat-do-kol","8":"product_cat-szczotki-i-pedzelki","9":"product_tag-detailing-house","11":"first","12":"instock","13":"taxable","14":"shipping-taxable","15":"purchasable","16":"product-type-simple"},"_links":{"self":[{"href":"https:\/\/liquidmaster.pl\/en\/wp-json\/wp\/v2\/product\/1909190","targetHints":{"allow":["GET"]}}],"collection":[{"href":"https:\/\/liquidmaster.pl\/en\/wp-json\/wp\/v2\/product"}],"about":[{"href":"https:\/\/liquidmaster.pl\/en\/wp-json\/wp\/v2\/types\/product"}],"replies":[{"embeddable":true,"href":"https:\/\/liquidmaster.pl\/en\/wp-json\/wp\/v2\/comments?post=1909190"}],"wp:featuredmedia":[{"embeddable":true,"href":"https:\/\/liquidmaster.pl\/en\/wp-json\/wp\/v2\/media\/1848668"}],"wp:attachment":[{"href":"https:\/\/liquidmaster.pl\/en\/wp-json\/wp\/v2\/media?parent=1909190"}],"wp:term":[{"taxonomy":"product_brand","embeddable":true,"href":"https:\/\/liquidmaster.pl\/en\/wp-json\/wp\/v2\/product_brand?post=1909190"},{"taxonomy":"product_cat","embeddable":true,"href":"https:\/\/liquidmaster.pl\/en\/wp-json\/wp\/v2\/product_cat?post=1909190"},{"taxonomy":"product_tag","embeddable":true,"href":"https:\/\/liquidmaster.pl\/en\/wp-json\/wp\/v2\/product_tag?post=1909190"}],"curies":[{"name":"wp","href":"https:\/\/api.w.org\/{rel}","templated":true}]}}