{"id":1909175,"date":"2025-08-02T02:17:01","date_gmt":"2025-08-02T00:17:01","guid":{"rendered":"https:\/\/liquidmaster.pl\/cleantle-final-prep-1l-srodek-do-inspekcji-lakieru\/"},"modified":"2026-04-20T08:23:06","modified_gmt":"2026-04-20T06:23:06","slug":"cleantle-final-prep-1l-srodek-do-inspekcji-lakieru","status":"publish","type":"product","link":"https:\/\/liquidmaster.pl\/en\/cleantle-final-prep-1l-srodek-do-inspekcji-lakieru\/","title":{"rendered":"Cleantle Final Prep 1L &#8211; \u015brodek do inspekcji lakieru"},"content":{"rendered":"<\/p>\n<p>Final Prep is a product designed for the final inspection of paintwork. It degreases the surface and removes silicones, waxes, and polish residue. It perfectly prepares the surface before applying any coatings.<\/p>\n<p>Final Prep is a unique, low-alcohol formula with exceptional effectiveness. It contains no volatile hydrocarbons and is safe for both the user and surfaces. Additionally, Final Prep has a pleasant fragrance and is readily biodegradable.<\/p>\n<p>Product features:<\/p>\n<ul>\n<li>high effectiveness despite low alcohol content<\/li>\n<li>easy and quick to use<\/li>\n<li>prepares the surface for the application of a ceramic coating<\/li>\n<li>also removes tape adhesives, resin, etc.<\/li>\n<li>maximum safety due to low alcohol content<\/li>\n<li>no harmful volatile hydrocarbons (petroleum derivatives)<\/li>\n<li>easily biodegradable<\/li>\n<li>nice smell<\/li>\n<\/ul>\n<p>Dilution:<br \/>\nThe product is ready to use.<\/p>\n<p>Usage:<\/p>\n<li>Make sure the paint is cool.<\/li>\n<li>Spray the product onto the microfiber.<\/li>\n<li>Spread the product on the paint, removing grease.<\/li>\n<li>Wipe dry.<\/li>\n<li>Repeat steps 1-4 if necessary.<\/li>\n<p>Attention!<\/p>\n<li>Do not use the product in direct sunlight or on hot paint!<\/li>\n<li>Flammable liquid and vapor.<\/li>\n<li>Keep out of reach of children.<\/li>\n<li>Keep away from heat, hot surfaces, sparks, open flames, and other ignition sources. Do not smoke.<\/li>\n<p>1L capacity<\/p>","protected":false},"excerpt":{"rendered":"<p>Final Prep to produkt przeznaczony do finalnej inspekcji lakieru. Odt\u0142uszcza powierzchni\u0119 i usuwa silikony, woski i pozosta\u0142o\u015bci past polerskich. \u015awietnie przygotowuje powierzchni\u0119 przed aplikacj\u0105 wszelkich pow\u0142ok. Final Prep to wyj\u0105tkowa kompozycja o niskiej zawarto\u015bci alkoholu i bardzo wysokiej skuteczno\u015bci. Nie zawiera w\u0119glowodor\u00f3w lotnych i jest bezpieczny dla u\u017cytkownika oraz powierzchni. Dodatkowo, Final Prep posiada przyjemny&hellip;&nbsp;<a href=\"https:\/\/liquidmaster.pl\/en\/cleantle-final-prep-1l-srodek-do-inspekcji-lakieru\/\" rel=\"bookmark\">Read More \u00bb<span class=\"screen-reader-text\">Cleantle Final Prep 1L &#8211; \u015brodek do inspekcji lakieru<\/span><\/a><\/p>","protected":false},"featured_media":1909177,"comment_status":"open","ping_status":"open","template":"","meta":{"neve_meta_sidebar":"","neve_meta_container":"","neve_meta_enable_content_width":"","neve_meta_content_width":0,"neve_meta_title_alignment":"","neve_meta_author_avatar":"","neve_post_elements_order":"","neve_meta_disable_header":"","neve_meta_disable_footer":"","neve_meta_disable_title":"","_themeisle_gutenberg_block_has_review":false},"product_brand":[],"product_cat":[749,752,748],"product_tag":[280],"class_list":{"0":"post-1909175","1":"product","2":"type-product","3":"status-publish","4":"has-post-thumbnail","6":"product_cat-akcesoria-polerskie","7":"product_cat-inspekcja-lakieru-akcesoria-polerskie","8":"product_cat-polerowanie","9":"product_tag-cleantech-cleantle","11":"first","12":"instock","13":"taxable","14":"shipping-taxable","15":"purchasable","16":"product-type-simple"},"_links":{"self":[{"href":"https:\/\/liquidmaster.pl\/en\/wp-json\/wp\/v2\/product\/1909175","targetHints":{"allow":["GET"]}}],"collection":[{"href":"https:\/\/liquidmaster.pl\/en\/wp-json\/wp\/v2\/product"}],"about":[{"href":"https:\/\/liquidmaster.pl\/en\/wp-json\/wp\/v2\/types\/product"}],"replies":[{"embeddable":true,"href":"https:\/\/liquidmaster.pl\/en\/wp-json\/wp\/v2\/comments?post=1909175"}],"wp:featuredmedia":[{"embeddable":true,"href":"https:\/\/liquidmaster.pl\/en\/wp-json\/wp\/v2\/media\/1909177"}],"wp:attachment":[{"href":"https:\/\/liquidmaster.pl\/en\/wp-json\/wp\/v2\/media?parent=1909175"}],"wp:term":[{"taxonomy":"product_brand","embeddable":true,"href":"https:\/\/liquidmaster.pl\/en\/wp-json\/wp\/v2\/product_brand?post=1909175"},{"taxonomy":"product_cat","embeddable":true,"href":"https:\/\/liquidmaster.pl\/en\/wp-json\/wp\/v2\/product_cat?post=1909175"},{"taxonomy":"product_tag","embeddable":true,"href":"https:\/\/liquidmaster.pl\/en\/wp-json\/wp\/v2\/product_tag?post=1909175"}],"curies":[{"name":"wp","href":"https:\/\/api.w.org\/{rel}","templated":true}]}}