{"id":1908925,"date":"2025-08-01T19:27:04","date_gmt":"2025-08-01T17:27:04","guid":{"rendered":"https:\/\/liquidmaster.pl\/kovax-assilex-buflex-tool-kit-999-8817-zestaw-wsteg-ze-szlifierka\/"},"modified":"2026-04-18T04:39:24","modified_gmt":"2026-04-18T02:39:24","slug":"kovax-assilex-buflex-tool-kit-999-8817-zestaw-wsteg-ze-szlifierka","status":"publish","type":"product","link":"https:\/\/liquidmaster.pl\/en\/kovax-assilex-buflex-tool-kit-999-8817-zestaw-wsteg-ze-szlifierka\/","title":{"rendered":"Kovax Assilex \/ Buflex Tool Kit 999-8817 &#8211; zestaw wst\u0119g ze szlifierk\u0105"},"content":{"rendered":"<p>Profesjonalny zestaw do renowacji reflektor\u00f3w i lakieru \u2013 idealny dla warsztat\u00f3w blacharskich i detailer\u00f3w. W komplecie pneumatyczna szlifierka Proma-X 70&#215;108 mm oraz a\u017c 160 wst\u0119g \u015bciernych Super Assilex i Buflex Dry w 8 granulacjach, pozwalaj\u0105cych na pe\u0142en zakres prac: od przygotowania pod podk\u0142ad po finalne wyko\u0144czenie lakieru.<\/p>\n<p>The most important advantages:<\/p>\n<ul>\n<li>Szybkie i precyzyjne szlifowanie maszynowe<\/li>\n<li>R\u00f3wna, kontrolowana obr\u00f3bka bezpieczna dla kraw\u0119dzi<\/li>\n<li>Skr\u00f3cenie czasu pracy i mniej korekty przy polerowaniu<\/li>\n<\/ul>\n<p>Kit Contents:<\/p>\n<ul>\n<li>1x Szlifierka ProMa-X Air Assilex\/Buflex (910-0660)<\/li>\n<li>1x Podk\u0142adka Super Assilex (971-0035)<\/li>\n<li>1x Podk\u0142adka Buflex Dry (971-0061)<\/li>\n<li>10x Wst\u0119ga Super Assilex K240 (191-2517)<\/li>\n<li>10x Wst\u0119ga Super Assilex K320 (191-2515)<\/li>\n<li>10x Wst\u0119ga Super Assilex K400 (191-2513)<\/li>\n<li>10x Wst\u0119ga Super Assilex K600 (191-1508)<\/li>\n<li>10x Wst\u0119ga Super Assilex K1000 (191-2507)<\/li>\n<li>10x Wst\u0119ga Super Assilex K1200 (191-1510)<\/li>\n<li>10x Wst\u0119ga Buflex Dry K2000 (191-1532)<\/li>\n<li>10x Wst\u0119ga Buflex Dry K3000 (191-1531)<\/li>\n<\/ul>","protected":false},"excerpt":{"rendered":"<p>Profesjonalny zestaw do renowacji reflektor\u00f3w i lakieru \u2013 idealny dla warsztat\u00f3w blacharskich i detailer\u00f3w. W komplecie pneumatyczna szlifierka Proma-X 70&#215;108 mm oraz a\u017c 160 wst\u0119g \u015bciernych Super Assilex i Buflex Dry w 8 granulacjach, pozwalaj\u0105cych na pe\u0142en zakres prac: od przygotowania pod podk\u0142ad po finalne wyko\u0144czenie lakieru. Najwa\u017cniejsze zalety: Szybkie i precyzyjne szlifowanie maszynowe R\u00f3wna,&hellip;&nbsp;<a href=\"https:\/\/liquidmaster.pl\/en\/kovax-assilex-buflex-tool-kit-999-8817-zestaw-wsteg-ze-szlifierka\/\" rel=\"bookmark\">Read More \u00bb<span class=\"screen-reader-text\">Kovax Assilex \/ Buflex Tool Kit 999-8817 &#8211; zestaw wst\u0119g ze szlifierk\u0105<\/span><\/a><\/p>","protected":false},"featured_media":1908927,"comment_status":"open","ping_status":"open","template":"","meta":{"neve_meta_sidebar":"","neve_meta_container":"","neve_meta_enable_content_width":"","neve_meta_content_width":0,"neve_meta_title_alignment":"","neve_meta_author_avatar":"","neve_post_elements_order":"","neve_meta_disable_header":"","neve_meta_disable_footer":"","neve_meta_disable_title":"","_themeisle_gutenberg_block_has_review":false},"product_brand":[],"product_cat":[884,748,874],"product_tag":[314],"class_list":{"0":"post-1908925","1":"product","2":"type-product","3":"status-publish","4":"has-post-thumbnail","6":"product_cat-maszyny","7":"product_cat-polerowanie","8":"product_cat-wet-sanding","9":"product_tag-kovax","11":"first","12":"outofstock","13":"taxable","14":"shipping-taxable","15":"purchasable","16":"product-type-simple"},"_links":{"self":[{"href":"https:\/\/liquidmaster.pl\/en\/wp-json\/wp\/v2\/product\/1908925","targetHints":{"allow":["GET"]}}],"collection":[{"href":"https:\/\/liquidmaster.pl\/en\/wp-json\/wp\/v2\/product"}],"about":[{"href":"https:\/\/liquidmaster.pl\/en\/wp-json\/wp\/v2\/types\/product"}],"replies":[{"embeddable":true,"href":"https:\/\/liquidmaster.pl\/en\/wp-json\/wp\/v2\/comments?post=1908925"}],"wp:featuredmedia":[{"embeddable":true,"href":"https:\/\/liquidmaster.pl\/en\/wp-json\/wp\/v2\/media\/1908927"}],"wp:attachment":[{"href":"https:\/\/liquidmaster.pl\/en\/wp-json\/wp\/v2\/media?parent=1908925"}],"wp:term":[{"taxonomy":"product_brand","embeddable":true,"href":"https:\/\/liquidmaster.pl\/en\/wp-json\/wp\/v2\/product_brand?post=1908925"},{"taxonomy":"product_cat","embeddable":true,"href":"https:\/\/liquidmaster.pl\/en\/wp-json\/wp\/v2\/product_cat?post=1908925"},{"taxonomy":"product_tag","embeddable":true,"href":"https:\/\/liquidmaster.pl\/en\/wp-json\/wp\/v2\/product_tag?post=1908925"}],"curies":[{"name":"wp","href":"https:\/\/api.w.org\/{rel}","templated":true}]}}