{"id":1908172,"date":"2025-07-31T01:53:00","date_gmt":"2025-07-30T23:53:00","guid":{"rendered":"https:\/\/liquidmaster.pl\/innovacar-micron-2f-40x40-500gsm-black-dwustronna-mikrofibra\/"},"modified":"2026-04-20T08:09:43","modified_gmt":"2026-04-20T06:09:43","slug":"innovacar-micron-2f-40x40-500gsm-black-dwustronna-mikrofibra","status":"publish","type":"product","link":"https:\/\/liquidmaster.pl\/en\/innovacar-micron-2f-40x40-500gsm-black-dwustronna-mikrofibra\/","title":{"rendered":"Innovacar Micron 2F 40\u00d740 500gsm Black - double sided microfiber"},"content":{"rendered":"<p>Innovacar Micron 2F - is a microfiber cloth with different lengths of bristles on both sides. It is without a doubt the best microfiber for removing polishing pastes or greasy residues.<\/p>\n<p>Main features:<\/p>\n<ul>\n<li>Microfiber weight: 500 GSM.<\/li>\n<li>Dimensions: 40\u00d740 cm.<\/li>\n<li>Short pile side: suitable for cleaning, applying and removing sealants, waxes, sprays and quick detailer.<\/li>\n<li>Long-pile side: it is delicate and suitable for fine finishing.<\/li>\n<li>One cloth, two uses: using one cloth to apply and remove the product makes your work easier and shortens the working time. You apply one side, turn the cloth over and finish.<\/li>\n<li>Edgeless and laser cut: Ultrasonically cut microfiber, seamless and label-free for safe use.<\/li>\n<li>Resealable Packaging: Sold in a zip-lock packaging, so the item can be reused and stored away from dirt and dust, preventing soiling.<\/li>\n<li>Reduced maintenance costs: You have one multi-functional microfiber that also allows you to optimize maintenance activities such as washing as well as storage space and avoid confusion with co-workers about which cloth to use.<\/li>\n<li>Black color: leaves no stains.<\/li>\n<\/ul>","protected":false},"excerpt":{"rendered":"<p>Innovacar Micron 2F \u2013 to \u015bciereczka z mikrofibry z r\u00f3\u017cn\u0105 d\u0142ugo\u015bci\u0105 w\u0142osia po obu stronach. Jest to bez w\u0105tpienia najlepsza mikrofibra do usuwania past polerskich czy t\u0142ustych pozosta\u0142o\u015bci. G\u0142\u00f3wne cechy: Gramatura mikrofibry: 500 GSM. Wymiary: 40&#215;40 cm. Strona z kr\u00f3tkim w\u0142osiem: nadaje si\u0119 do czyszczenia, nak\u0142adania i usuwania sealant\u00f3w, wosk\u00f3w, spray\u00f3w i quick detailera. Strona&hellip;&nbsp;<a href=\"https:\/\/liquidmaster.pl\/en\/innovacar-micron-2f-40x40-500gsm-black-dwustronna-mikrofibra\/\" rel=\"bookmark\">Read More \u00bb<span class=\"screen-reader-text\">Innovacar Micron 2F 40\u00d740 500gsm Black - double sided microfiber<\/span><\/a><\/p>","protected":false},"featured_media":1847120,"comment_status":"open","ping_status":"open","template":"","meta":{"neve_meta_sidebar":"","neve_meta_container":"","neve_meta_enable_content_width":"","neve_meta_content_width":0,"neve_meta_title_alignment":"","neve_meta_author_avatar":"","neve_post_elements_order":"","neve_meta_disable_header":"","neve_meta_disable_footer":"","neve_meta_disable_title":"","_themeisle_gutenberg_block_has_review":false},"product_brand":[],"product_cat":[757,758,798],"product_tag":[310],"class_list":{"0":"post-1908172","1":"product","2":"type-product","3":"status-publish","4":"has-post-thumbnail","6":"product_cat-akcesoria","7":"product_cat-mikrofibry-i-reczniki","8":"product_cat-uniwersalne","9":"product_tag-innovacar","11":"first","12":"instock","13":"taxable","14":"shipping-taxable","15":"purchasable","16":"product-type-simple"},"_links":{"self":[{"href":"https:\/\/liquidmaster.pl\/en\/wp-json\/wp\/v2\/product\/1908172","targetHints":{"allow":["GET"]}}],"collection":[{"href":"https:\/\/liquidmaster.pl\/en\/wp-json\/wp\/v2\/product"}],"about":[{"href":"https:\/\/liquidmaster.pl\/en\/wp-json\/wp\/v2\/types\/product"}],"replies":[{"embeddable":true,"href":"https:\/\/liquidmaster.pl\/en\/wp-json\/wp\/v2\/comments?post=1908172"}],"wp:featuredmedia":[{"embeddable":true,"href":"https:\/\/liquidmaster.pl\/en\/wp-json\/wp\/v2\/media\/1847120"}],"wp:attachment":[{"href":"https:\/\/liquidmaster.pl\/en\/wp-json\/wp\/v2\/media?parent=1908172"}],"wp:term":[{"taxonomy":"product_brand","embeddable":true,"href":"https:\/\/liquidmaster.pl\/en\/wp-json\/wp\/v2\/product_brand?post=1908172"},{"taxonomy":"product_cat","embeddable":true,"href":"https:\/\/liquidmaster.pl\/en\/wp-json\/wp\/v2\/product_cat?post=1908172"},{"taxonomy":"product_tag","embeddable":true,"href":"https:\/\/liquidmaster.pl\/en\/wp-json\/wp\/v2\/product_tag?post=1908172"}],"curies":[{"name":"wp","href":"https:\/\/api.w.org\/{rel}","templated":true}]}}