{"id":1907932,"date":"2025-07-27T16:33:05","date_gmt":"2025-07-27T14:33:05","guid":{"rendered":"https:\/\/liquidmaster.pl\/blend-brothers-plushie-5-pack-microfiber-purple\/"},"modified":"2026-04-18T04:51:06","modified_gmt":"2026-04-18T02:51:06","slug":"blend-brothers-plushie-5-pack-microfiber-purple","status":"publish","type":"product","link":"https:\/\/liquidmaster.pl\/en\/blend-brothers-plushie-5-pack-microfiber-purple-40x40cm-zestaw-5-sztuk-delikatnych-mikrofibr-do-lakieru\/","title":{"rendered":"Blend Brothers PLUSHIE 5-Pack Microfiber Purple 40x40cm &#8211; zestaw 5 sztuk delikatnych mikrofibr do lakieru"},"content":{"rendered":"<p>PLUSHIE \u2013 Endless Plush Micorfiber<\/p>\n<p>PLUSHIE Endless Plush Microfiber is an exceptionally soft, high-quality microfiber cloth designed for precise and gentle care of various surfaces. Its high grammage makes the product exceptionally safe and versatile. Its special structure makes it perfect for applying bodywork protection products. PLUSHIE Endless Plush Microfiber is an exceptionally soft microfiber that is safe for all car exterior surfaces \u2013 it won&#039;t scratch.<\/p>\n<p>Size 40\u00d740 cm<\/p>\n<p>Weight 500 gsm<\/p>\n<p>Pack of 5<\/p>","protected":false},"excerpt":{"rendered":"<p>PLUSHIE &#8211; Endless Plush Micorfiber PLUSHIE Endless Plush Mikrofiber to wyj\u0105tkowo mi\u0119kka szmatka z mikrofibry najwy\u017cszej jako\u015bci, stworzona do precyzyjnej i delikatnej piel\u0119gnacji r\u00f3\u017cnych powierzchni. Wysoka gramatura sprawia, \u017ce produkt jest niezwykle bezpieczny i uniwersalny. Dzi\u0119ki swojej specjalnej strukturze doskonale sprawdza si\u0119 przy aplikacji preparat\u00f3w do ochrony karoserii. PLUSHIE Endless Plush Mikrofiber to niezwykle delikatna&hellip;&nbsp;<a href=\"https:\/\/liquidmaster.pl\/en\/blend-brothers-plushie-5-pack-microfiber-purple-40x40cm-zestaw-5-sztuk-delikatnych-mikrofibr-do-lakieru\/\" rel=\"bookmark\">Read More \u00bb<span class=\"screen-reader-text\">Blend Brothers PLUSHIE 5-Pack Microfiber Purple 40x40cm &#8211; zestaw 5 sztuk delikatnych mikrofibr do lakieru<\/span><\/a><\/p>","protected":false},"featured_media":1907934,"comment_status":"open","ping_status":"open","template":"","meta":{"neve_meta_sidebar":"","neve_meta_container":"","neve_meta_enable_content_width":"","neve_meta_content_width":0,"neve_meta_title_alignment":"","neve_meta_author_avatar":"","neve_post_elements_order":"","neve_meta_disable_header":"","neve_meta_disable_footer":"","neve_meta_disable_title":"","_themeisle_gutenberg_block_has_review":false},"product_brand":[],"product_cat":[757,758,780],"product_tag":[936],"class_list":{"0":"post-1907932","1":"product","2":"type-product","3":"status-publish","4":"has-post-thumbnail","6":"product_cat-akcesoria","7":"product_cat-mikrofibry-i-reczniki","8":"product_cat-pluszowe","9":"product_tag-blend-brothers","11":"first","12":"instock","13":"taxable","14":"shipping-taxable","15":"purchasable","16":"product-type-simple"},"_links":{"self":[{"href":"https:\/\/liquidmaster.pl\/en\/wp-json\/wp\/v2\/product\/1907932","targetHints":{"allow":["GET"]}}],"collection":[{"href":"https:\/\/liquidmaster.pl\/en\/wp-json\/wp\/v2\/product"}],"about":[{"href":"https:\/\/liquidmaster.pl\/en\/wp-json\/wp\/v2\/types\/product"}],"replies":[{"embeddable":true,"href":"https:\/\/liquidmaster.pl\/en\/wp-json\/wp\/v2\/comments?post=1907932"}],"wp:featuredmedia":[{"embeddable":true,"href":"https:\/\/liquidmaster.pl\/en\/wp-json\/wp\/v2\/media\/1907934"}],"wp:attachment":[{"href":"https:\/\/liquidmaster.pl\/en\/wp-json\/wp\/v2\/media?parent=1907932"}],"wp:term":[{"taxonomy":"product_brand","embeddable":true,"href":"https:\/\/liquidmaster.pl\/en\/wp-json\/wp\/v2\/product_brand?post=1907932"},{"taxonomy":"product_cat","embeddable":true,"href":"https:\/\/liquidmaster.pl\/en\/wp-json\/wp\/v2\/product_cat?post=1907932"},{"taxonomy":"product_tag","embeddable":true,"href":"https:\/\/liquidmaster.pl\/en\/wp-json\/wp\/v2\/product_tag?post=1907932"}],"curies":[{"name":"wp","href":"https:\/\/api.w.org\/{rel}","templated":true}]}}