{"id":1907920,"date":"2025-07-27T16:29:03","date_gmt":"2025-07-27T14:29:03","guid":{"rendered":"https:\/\/liquidmaster.pl\/blend-brothers-misty-ultra-soft-detailing-brush\/"},"modified":"2026-04-18T04:51:04","modified_gmt":"2026-04-18T02:51:04","slug":"blend-brothers-misty-ultra-soft-detailing-brush","status":"publish","type":"product","link":"https:\/\/liquidmaster.pl\/en\/blend-brothers-misty-ultra-soft-detailing-brush-pedzelek-detailingowy\/","title":{"rendered":"Blend Brothers MISTY Ultra Soft Detailing Brush \u2013 detailing brush"},"content":{"rendered":"<p>Misty \u2013 Ultra Soft Detailing Brush<\/p>\n<p data-end=\"287\" data-is-last-node=\"\" data-is-only-node=\"\" data-start=\"0\">The MISTY Ultra Soft Detailing Brush is a detailing brush with ultra-soft bristles. It&#039;s the perfect tool for cleaning the most delicate surfaces that require maximum care and protection from damage. It&#039;s perfect for cleaning LCD or piano black screens. It&#039;s also suitable for home use, such as cleaning TVs, laptops, and cameras. The plastic handle and soft, synthetic bristles guarantee the highest level of safety and effectiveness, regardless of the type of material being cleaned.<\/p>\n<p data-end=\"287\" data-is-last-node=\"\" data-is-only-node=\"\" data-start=\"0\">Size 165\u00d726 mm<\/p>","protected":false},"excerpt":{"rendered":"<p>Misty &#8211; Ultra Soft Detailing Brush MISTY Ultra Soft Detailing Brush to p\u0119dzelek detailingowy z ultrami\u0119kkim w\u0142osiem. To idealne narz\u0119dzie do czyszczenia najbardziej wra\u017cliwych element\u00f3w powierzchni, kt\u00f3re wymagaj\u0105 maksymalnej ostro\u017cno\u015bci i ochrony przed uszkodzeniem. Doskonale sprawdzi si\u0119 przy czyszczeniu ekran\u00f3w LCD czy piano black. Znajdzie r\u00f3wnie\u017c zastosowanie w domu \u2013 przy czyszczeniu telewizor\u00f3w, laptop\u00f3w czy&hellip;&nbsp;<a href=\"https:\/\/liquidmaster.pl\/en\/blend-brothers-misty-ultra-soft-detailing-brush-pedzelek-detailingowy\/\" rel=\"bookmark\">Read More \u00bb<span class=\"screen-reader-text\">Blend Brothers MISTY Ultra Soft Detailing Brush \u2013 detailing brush<\/span><\/a><\/p>","protected":false},"featured_media":1907922,"comment_status":"open","ping_status":"open","template":"","meta":{"neve_meta_sidebar":"","neve_meta_container":"","neve_meta_enable_content_width":"","neve_meta_content_width":0,"neve_meta_title_alignment":"","neve_meta_author_avatar":"","neve_post_elements_order":"","neve_meta_disable_header":"","neve_meta_disable_footer":"","neve_meta_disable_title":"","_themeisle_gutenberg_block_has_review":false},"product_brand":[],"product_cat":[757,778,777],"product_tag":[936],"class_list":{"0":"post-1907920","1":"product","2":"type-product","3":"status-publish","4":"has-post-thumbnail","6":"product_cat-akcesoria","7":"product_cat-do-plastikow-wewnetrznych","8":"product_cat-szczotki-i-pedzelki","9":"product_tag-blend-brothers","11":"first","12":"instock","13":"taxable","14":"shipping-taxable","15":"purchasable","16":"product-type-simple"},"_links":{"self":[{"href":"https:\/\/liquidmaster.pl\/en\/wp-json\/wp\/v2\/product\/1907920","targetHints":{"allow":["GET"]}}],"collection":[{"href":"https:\/\/liquidmaster.pl\/en\/wp-json\/wp\/v2\/product"}],"about":[{"href":"https:\/\/liquidmaster.pl\/en\/wp-json\/wp\/v2\/types\/product"}],"replies":[{"embeddable":true,"href":"https:\/\/liquidmaster.pl\/en\/wp-json\/wp\/v2\/comments?post=1907920"}],"wp:featuredmedia":[{"embeddable":true,"href":"https:\/\/liquidmaster.pl\/en\/wp-json\/wp\/v2\/media\/1907922"}],"wp:attachment":[{"href":"https:\/\/liquidmaster.pl\/en\/wp-json\/wp\/v2\/media?parent=1907920"}],"wp:term":[{"taxonomy":"product_brand","embeddable":true,"href":"https:\/\/liquidmaster.pl\/en\/wp-json\/wp\/v2\/product_brand?post=1907920"},{"taxonomy":"product_cat","embeddable":true,"href":"https:\/\/liquidmaster.pl\/en\/wp-json\/wp\/v2\/product_cat?post=1907920"},{"taxonomy":"product_tag","embeddable":true,"href":"https:\/\/liquidmaster.pl\/en\/wp-json\/wp\/v2\/product_tag?post=1907920"}],"curies":[{"name":"wp","href":"https:\/\/api.w.org\/{rel}","templated":true}]}}