{"id":1907917,"date":"2025-07-27T16:28:06","date_gmt":"2025-07-27T14:28:06","guid":{"rendered":"https:\/\/liquidmaster.pl\/blend-brothers-gripper-tire-brush\/"},"modified":"2026-04-18T04:51:04","modified_gmt":"2026-04-18T02:51:04","slug":"blend-brothers-gripper-tire-brush","status":"publish","type":"product","link":"https:\/\/liquidmaster.pl\/en\/blend-brothers-gripper-tire-brush-szczotka-do-czyszczenia-opon\/","title":{"rendered":"Blend Brothers GRIPPER Tire Brush \u2013 tire cleaning brush"},"content":{"rendered":"<p>GRIPPER \u2013 Tire Brush<\/p>\n<p data-end=\"287\" data-is-last-node=\"\" data-is-only-node=\"\" data-start=\"0\">The GRIPPER Tire Brush is a functional brush designed primarily for cleaning tires, but it&#039;s also perfect for cleaning hard-to-reach areas like wheel arches. Its ergonomic, compact shape allows for easy removal of dirt, even on low-slung vehicles. Synthetic yet firm bristles ensure effective scrubbing of tires with various tread patterns. Its contoured shape allows the brush to perfectly adapt to the tire&#039;s surface, while the ergonomic handle fits securely in the hand, ensuring comfort and efficiency.<\/p>\n<p data-end=\"287\" data-is-last-node=\"\" data-is-only-node=\"\" data-start=\"0\">Size 205 mm<\/p>","protected":false},"excerpt":{"rendered":"<p>GRIPPER &#8211; Tire Brush GRIPPER Tire Brush to funkcjonalna szczotka zaprojektowana g\u0142\u00f3wnie do mycia opon, ale doskonale sprawdzi si\u0119 r\u00f3wnie\u017c przy czyszczeniu trudno dost\u0119pnych miejsc, takich jak nadkola. Jej ergonomiczny, kompaktowy kszta\u0142t umo\u017cliwia \u0142atwe usuwanie zabrudze\u0144, nawet w przypadku nisko zawieszonych pojazd\u00f3w. Syntetyczne, a jednocze\u015bnie twarde w\u0142osie zapewnia skuteczne szorowanie opon o r\u00f3\u017cnych bie\u017cnikach. Dzi\u0119ki&hellip;&nbsp;<a href=\"https:\/\/liquidmaster.pl\/en\/blend-brothers-gripper-tire-brush-szczotka-do-czyszczenia-opon\/\" rel=\"bookmark\">Read More \u00bb<span class=\"screen-reader-text\">Blend Brothers GRIPPER Tire Brush \u2013 tire cleaning brush<\/span><\/a><\/p>","protected":false},"featured_media":1907919,"comment_status":"open","ping_status":"open","template":"","meta":{"neve_meta_sidebar":"","neve_meta_container":"","neve_meta_enable_content_width":"","neve_meta_content_width":0,"neve_meta_title_alignment":"","neve_meta_author_avatar":"","neve_post_elements_order":"","neve_meta_disable_header":"","neve_meta_disable_footer":"","neve_meta_disable_title":"","_themeisle_gutenberg_block_has_review":false},"product_brand":[],"product_cat":[819,745,733],"product_tag":[936],"class_list":{"0":"post-1907917","1":"product","2":"type-product","3":"status-publish","4":"has-post-thumbnail","6":"product_cat-czyszczenie-opon-i-gumy","7":"product_cat-kola-i-opony","8":"product_cat-na-zewnatrz","9":"product_tag-blend-brothers","11":"first","12":"instock","13":"taxable","14":"shipping-taxable","15":"purchasable","16":"product-type-simple"},"_links":{"self":[{"href":"https:\/\/liquidmaster.pl\/en\/wp-json\/wp\/v2\/product\/1907917","targetHints":{"allow":["GET"]}}],"collection":[{"href":"https:\/\/liquidmaster.pl\/en\/wp-json\/wp\/v2\/product"}],"about":[{"href":"https:\/\/liquidmaster.pl\/en\/wp-json\/wp\/v2\/types\/product"}],"replies":[{"embeddable":true,"href":"https:\/\/liquidmaster.pl\/en\/wp-json\/wp\/v2\/comments?post=1907917"}],"wp:featuredmedia":[{"embeddable":true,"href":"https:\/\/liquidmaster.pl\/en\/wp-json\/wp\/v2\/media\/1907919"}],"wp:attachment":[{"href":"https:\/\/liquidmaster.pl\/en\/wp-json\/wp\/v2\/media?parent=1907917"}],"wp:term":[{"taxonomy":"product_brand","embeddable":true,"href":"https:\/\/liquidmaster.pl\/en\/wp-json\/wp\/v2\/product_brand?post=1907917"},{"taxonomy":"product_cat","embeddable":true,"href":"https:\/\/liquidmaster.pl\/en\/wp-json\/wp\/v2\/product_cat?post=1907917"},{"taxonomy":"product_tag","embeddable":true,"href":"https:\/\/liquidmaster.pl\/en\/wp-json\/wp\/v2\/product_tag?post=1907917"}],"curies":[{"name":"wp","href":"https:\/\/api.w.org\/{rel}","templated":true}]}}