{"id":1907914,"date":"2025-07-27T16:27:02","date_gmt":"2025-07-27T14:27:02","guid":{"rendered":"https:\/\/liquidmaster.pl\/blend-brothers-glossie-5-pack-glass-towel\/"},"modified":"2026-04-20T08:32:19","modified_gmt":"2026-04-20T06:32:19","slug":"blend-brothers-glossie-5-pack-glass-towel","status":"publish","type":"product","link":"https:\/\/liquidmaster.pl\/en\/blend-brothers-glossie-5-pack-glass-towel-zestaw-5-sztuk-mikrofibr-do-szyb\/","title":{"rendered":"Blend Brothers GLOSSIE 5-Pack Glass Towel \u2013 a set of 5 microfiber glass towels"},"content":{"rendered":"<p>GLOSSIE \u2013 Carbon Glass Microfiber<\/p>\n<p data-end=\"287\" data-is-last-node=\"\" data-is-only-node=\"\" data-start=\"0\">GLOSSIE Carbon Glass Microfiber is an exceptionally effective microfiber with a carbon structure, designed for cleaning windows. Its unique structure adheres perfectly to the cleaned surface and effectively eliminates streaks. It is exceptionally gentle and safe \u2013 it won&#039;t scratch the surface.<\/p>\n<p data-end=\"287\" data-is-last-node=\"\" data-is-only-node=\"\" data-start=\"0\">Size 40\u00d740 cm<\/p>\n<p data-end=\"287\" data-is-last-node=\"\" data-is-only-node=\"\" data-start=\"0\">Weight 400 gsm<\/p>\n<p data-end=\"287\" data-is-last-node=\"\" data-is-only-node=\"\" data-start=\"0\">Pack of 5<\/p>","protected":false},"excerpt":{"rendered":"<p>GLOSSIE &#8211; Carbon Glass Microfiber GLOSSIE Carbon Glass Mikrofiber to niezwykle skuteczna mikrofibra o strukturze w\u0119glowej, stworzona do czyszczenia szyb. Dzi\u0119ki unikalnej budowie idealnie przylega do czyszczonej powierzchni i skutecznie eliminuje smugi. Jest wyj\u0105tkowo delikatna i bezpieczna \u2013 nie rysuje powierzchni. Rozmiar 40&#215;40 cm Gramatura 400 gsm Opakowanie 5 szt<\/p>","protected":false},"featured_media":1907916,"comment_status":"open","ping_status":"open","template":"","meta":{"neve_meta_sidebar":"","neve_meta_container":"","neve_meta_enable_content_width":"","neve_meta_content_width":0,"neve_meta_title_alignment":"","neve_meta_author_avatar":"","neve_post_elements_order":"","neve_meta_disable_header":"","neve_meta_disable_footer":"","neve_meta_disable_title":"","_themeisle_gutenberg_block_has_review":false},"product_brand":[],"product_cat":[860,733,773],"product_tag":[936],"class_list":{"0":"post-1907914","1":"product","2":"type-product","3":"status-publish","4":"has-post-thumbnail","6":"product_cat-fibry","7":"product_cat-na-zewnatrz","8":"product_cat-szyby","9":"product_tag-blend-brothers","11":"first","12":"instock","13":"taxable","14":"shipping-taxable","15":"purchasable","16":"product-type-simple"},"_links":{"self":[{"href":"https:\/\/liquidmaster.pl\/en\/wp-json\/wp\/v2\/product\/1907914","targetHints":{"allow":["GET"]}}],"collection":[{"href":"https:\/\/liquidmaster.pl\/en\/wp-json\/wp\/v2\/product"}],"about":[{"href":"https:\/\/liquidmaster.pl\/en\/wp-json\/wp\/v2\/types\/product"}],"replies":[{"embeddable":true,"href":"https:\/\/liquidmaster.pl\/en\/wp-json\/wp\/v2\/comments?post=1907914"}],"wp:featuredmedia":[{"embeddable":true,"href":"https:\/\/liquidmaster.pl\/en\/wp-json\/wp\/v2\/media\/1907916"}],"wp:attachment":[{"href":"https:\/\/liquidmaster.pl\/en\/wp-json\/wp\/v2\/media?parent=1907914"}],"wp:term":[{"taxonomy":"product_brand","embeddable":true,"href":"https:\/\/liquidmaster.pl\/en\/wp-json\/wp\/v2\/product_brand?post=1907914"},{"taxonomy":"product_cat","embeddable":true,"href":"https:\/\/liquidmaster.pl\/en\/wp-json\/wp\/v2\/product_cat?post=1907914"},{"taxonomy":"product_tag","embeddable":true,"href":"https:\/\/liquidmaster.pl\/en\/wp-json\/wp\/v2\/product_tag?post=1907914"}],"curies":[{"name":"wp","href":"https:\/\/api.w.org\/{rel}","templated":true}]}}