{"id":1907905,"date":"2025-07-27T16:24:06","date_gmt":"2025-07-27T14:24:06","guid":{"rendered":"https:\/\/liquidmaster.pl\/blend-brothers-frisky-scrub-pad\/"},"modified":"2026-04-18T04:51:02","modified_gmt":"2026-04-18T02:51:02","slug":"blend-brothers-frisky-scrub-pad","status":"publish","type":"product","link":"https:\/\/liquidmaster.pl\/en\/blend-brothers-frisky-scrub-pad-pad-do-czyszczenia-wnetrza\/","title":{"rendered":"Blend Brothers FRISKY Scrub Pad &#8211; pad do czyszczenia wn\u0119trza"},"content":{"rendered":"<p>FRISKY &#8211; Scrub Pad<\/p>\n<p data-end=\"287\" data-is-last-node=\"\" data-is-only-node=\"\" data-start=\"0\">FRISKY Scrub Pad to dwustronna g\u0105bka do skutecznego czyszczenia wn\u0119trza samochodu \u2013 plastik\u00f3w, gumy, sk\u00f3ry oraz tapicerki materia\u0142owej. Jedna strona g\u0105bki pokryta jest nowoczesnym w\u0142\u00f3knem o wyj\u0105tkowych w\u0142a\u015bciwo\u015bciach czyszcz\u0105cych, natomiast druga to tradycyjna mikrofibra wysokiej jako\u015bci. Pad umo\u017cliwia skuteczne i bezpieczne usuwanie nawet najtrudniejszych zabrudze\u0144 z r\u00f3\u017cnych powierzchni, a jego kompaktowy rozmiar u\u0142atwia dost\u0119p do trudno dost\u0119pnych miejsc. Najwy\u017csza jako\u015b\u0107 u\u017cytych materia\u0142\u00f3w gwarantuje d\u0142ugotrwa\u0142e u\u017cytkowanie FRISKY Scrub Pad.<\/p>\n<p data-end=\"287\" data-is-last-node=\"\" data-is-only-node=\"\" data-start=\"0\">Rozmiar 12&#215;8 cm<\/p>","protected":false},"excerpt":{"rendered":"<p>FRISKY &#8211; Scrub Pad FRISKY Scrub Pad to dwustronna g\u0105bka do skutecznego czyszczenia wn\u0119trza samochodu \u2013 plastik\u00f3w, gumy, sk\u00f3ry oraz tapicerki materia\u0142owej. Jedna strona g\u0105bki pokryta jest nowoczesnym w\u0142\u00f3knem o wyj\u0105tkowych w\u0142a\u015bciwo\u015bciach czyszcz\u0105cych, natomiast druga to tradycyjna mikrofibra wysokiej jako\u015bci. Pad umo\u017cliwia skuteczne i bezpieczne usuwanie nawet najtrudniejszych zabrudze\u0144 z r\u00f3\u017cnych powierzchni, a jego kompaktowy&hellip;&nbsp;<a href=\"https:\/\/liquidmaster.pl\/en\/blend-brothers-frisky-scrub-pad-pad-do-czyszczenia-wnetrza\/\" rel=\"bookmark\">Read More \u00bb<span class=\"screen-reader-text\">Blend Brothers FRISKY Scrub Pad &#8211; pad do czyszczenia wn\u0119trza<\/span><\/a><\/p>","protected":false},"featured_media":1907907,"comment_status":"open","ping_status":"open","template":"","meta":{"neve_meta_sidebar":"","neve_meta_container":"","neve_meta_enable_content_width":"","neve_meta_content_width":0,"neve_meta_title_alignment":"","neve_meta_author_avatar":"","neve_post_elements_order":"","neve_meta_disable_header":"","neve_meta_disable_footer":"","neve_meta_disable_title":"","_themeisle_gutenberg_block_has_review":false},"product_brand":[],"product_cat":[799,800,768],"product_tag":[936],"class_list":{"0":"post-1907905","1":"product","2":"type-product","3":"status-publish","4":"has-post-thumbnail","6":"product_cat-narzedzia-i-akcesoria","7":"product_cat-szczotki-pedzelki-i-narzedzia","8":"product_cat-wnetrze-auta","9":"product_tag-blend-brothers","11":"first","12":"instock","13":"taxable","14":"shipping-taxable","15":"purchasable","16":"product-type-simple"},"_links":{"self":[{"href":"https:\/\/liquidmaster.pl\/en\/wp-json\/wp\/v2\/product\/1907905","targetHints":{"allow":["GET"]}}],"collection":[{"href":"https:\/\/liquidmaster.pl\/en\/wp-json\/wp\/v2\/product"}],"about":[{"href":"https:\/\/liquidmaster.pl\/en\/wp-json\/wp\/v2\/types\/product"}],"replies":[{"embeddable":true,"href":"https:\/\/liquidmaster.pl\/en\/wp-json\/wp\/v2\/comments?post=1907905"}],"wp:featuredmedia":[{"embeddable":true,"href":"https:\/\/liquidmaster.pl\/en\/wp-json\/wp\/v2\/media\/1907907"}],"wp:attachment":[{"href":"https:\/\/liquidmaster.pl\/en\/wp-json\/wp\/v2\/media?parent=1907905"}],"wp:term":[{"taxonomy":"product_brand","embeddable":true,"href":"https:\/\/liquidmaster.pl\/en\/wp-json\/wp\/v2\/product_brand?post=1907905"},{"taxonomy":"product_cat","embeddable":true,"href":"https:\/\/liquidmaster.pl\/en\/wp-json\/wp\/v2\/product_cat?post=1907905"},{"taxonomy":"product_tag","embeddable":true,"href":"https:\/\/liquidmaster.pl\/en\/wp-json\/wp\/v2\/product_tag?post=1907905"}],"curies":[{"name":"wp","href":"https:\/\/api.w.org\/{rel}","templated":true}]}}